{"id":1352,"date":"2016-06-14T10:50:59","date_gmt":"2016-06-14T08:50:59","guid":{"rendered":"http:\/\/www.inesem.es\/revistadigital\/diseno-y-artes-graficas\/?page_id=1352"},"modified":"2021-02-08T17:11:23","modified_gmt":"2021-02-08T16:11:23","slug":"alta-newsletter","status":"publish","type":"page","link":"https:\/\/www.inesem.es\/revistadigital\/diseno-y-artes-graficas\/alta-newsletter","title":{"rendered":"Alta newsletter"},"content":{"rendered":"<p style=\"text-align: center;\">Te has suscrito a nuestra newsletter para el Canal Dise\u00f1o y Artes Gr\u00e1ficas.<\/p>\n<p style=\"text-align: center;\">Pronto recibir\u00e1s noticias nuestras.<\/p>\n","protected":false},"excerpt":{"rendered":"<p>Te has suscrito a nuestra newsletter para el Canal Dise\u00f1o y Artes Gr\u00e1ficas. Pronto recibir\u00e1s noticias nuestras.<\/p>\n","protected":false},"author":1,"featured_media":0,"parent":0,"menu_order":0,"comment_status":"closed","ping_status":"closed","template":"","meta":{"footnotes":""},"class_list":["post-1352","page","type-page","status-publish","hentry"],"yoast_head":"<!-- This site is optimized with the Yoast SEO plugin v23.5 - https:\/\/yoast.com\/wordpress\/plugins\/seo\/ -->\n<title>Alta newsletter<\/title>\n<meta name=\"description\" content=\"Te has suscrito a nuestra newsletter para el Canal Dise\u00f1o y Artes Gr\u00e1ficas. Pronto recibir\u00e1s noticias nuestras.\" \/>\n<meta name=\"robots\" content=\"index, follow, max-snippet:-1, max-image-preview:large, max-video-preview:-1\" \/>\n<link rel=\"canonical\" href=\"https:\/\/www.inesem.es\/revistadigital\/diseno-y-artes-graficas\/alta-newsletter\" \/>\n<meta property=\"og:locale\" content=\"es_ES\" \/>\n<meta property=\"og:type\" content=\"article\" \/>\n<meta property=\"og:title\" content=\"Alta newsletter\" \/>\n<meta property=\"og:description\" content=\"Te has suscrito a nuestra newsletter para el Canal Dise\u00f1o y Artes Gr\u00e1ficas. Pronto recibir\u00e1s noticias nuestras.\" \/>\n<meta property=\"og:url\" content=\"https:\/\/www.inesem.es\/revistadigital\/diseno-y-artes-graficas\/alta-newsletter\" \/>\n<meta property=\"og:site_name\" content=\"Canal Dise\u00f1o y Arquitectura\" \/>\n<meta property=\"article:publisher\" content=\"https:\/\/www.facebook.com\/InesemBusinessSchool\/\" \/>\n<meta property=\"article:modified_time\" content=\"2021-02-08T16:11:23+00:00\" \/>\n<meta name=\"twitter:card\" content=\"summary_large_image\" \/>\n<meta name=\"twitter:site\" content=\"@inesem\" \/>\n<script type=\"application\/ld+json\" class=\"yoast-schema-graph\">{\"@context\":\"https:\/\/schema.org\",\"@graph\":[{\"@type\":\"WebPage\",\"@id\":\"https:\/\/www.inesem.es\/revistadigital\/diseno-y-artes-graficas\/alta-newsletter\",\"url\":\"https:\/\/www.inesem.es\/revistadigital\/diseno-y-artes-graficas\/alta-newsletter\",\"name\":\"Alta newsletter\",\"isPartOf\":{\"@id\":\"https:\/\/www.inesem.es\/revistadigital\/diseno-y-artes-graficas\/#website\"},\"datePublished\":\"2016-06-14T08:50:59+00:00\",\"dateModified\":\"2021-02-08T16:11:23+00:00\",\"description\":\"Te has suscrito a nuestra newsletter para el Canal Dise\u00f1o y Artes Gr\u00e1ficas. Pronto recibir\u00e1s noticias nuestras.\",\"breadcrumb\":{\"@id\":\"https:\/\/www.inesem.es\/revistadigital\/diseno-y-artes-graficas\/alta-newsletter#breadcrumb\"},\"inLanguage\":\"es\",\"potentialAction\":[{\"@type\":\"ReadAction\",\"target\":[\"https:\/\/www.inesem.es\/revistadigital\/diseno-y-artes-graficas\/alta-newsletter\"]}]},{\"@type\":\"BreadcrumbList\",\"@id\":\"https:\/\/www.inesem.es\/revistadigital\/diseno-y-artes-graficas\/alta-newsletter#breadcrumb\",\"itemListElement\":[{\"@type\":\"ListItem\",\"position\":1,\"name\":\"Home\",\"item\":\"https:\/\/www.inesem.es\/revistadigital\/diseno-y-artes-graficas\/\"},{\"@type\":\"ListItem\",\"position\":2,\"name\":\"Alta newsletter\"}]},{\"@type\":\"WebSite\",\"@id\":\"https:\/\/www.inesem.es\/revistadigital\/diseno-y-artes-graficas\/#website\",\"url\":\"https:\/\/www.inesem.es\/revistadigital\/diseno-y-artes-graficas\/\",\"name\":\"Canal Dise\u00f1o y Arquitectura\",\"description\":\"En los art\u00edculos de Dise\u00f1o y Arquitectura de Revista Digital INESEM encontrar\u00e1s informaci\u00f3n actualizada e innovadora sobre tu sector. Nuestros art\u00edculos est\u00e1n elaborados y contrastados por profesionales de diferentes especialidades del sector. Si est\u00e1s buscando informaci\u00f3n sobre Arquitectura y Edificaci\u00f3n, Decoraci\u00f3n e Interiorismo, Dise\u00f1o Gr\u00e1fico, Dise\u00f1o Web o Edici\u00f3n y Posproducci\u00f3n Digital, est\u00e1s en el sitio indicado.\",\"publisher\":{\"@id\":\"https:\/\/www.inesem.es\/revistadigital\/diseno-y-artes-graficas\/#organization\"},\"potentialAction\":[{\"@type\":\"SearchAction\",\"target\":{\"@type\":\"EntryPoint\",\"urlTemplate\":\"https:\/\/www.inesem.es\/revistadigital\/diseno-y-artes-graficas\/?s={search_term_string}\"},\"query-input\":{\"@type\":\"PropertyValueSpecification\",\"valueRequired\":true,\"valueName\":\"search_term_string\"}}],\"inLanguage\":\"es\"},{\"@type\":\"Organization\",\"@id\":\"https:\/\/www.inesem.es\/revistadigital\/diseno-y-artes-graficas\/#organization\",\"name\":\"Canal Dise\u00f1o y Arquitectura\",\"url\":\"https:\/\/www.inesem.es\/revistadigital\/diseno-y-artes-graficas\/\",\"logo\":{\"@type\":\"ImageObject\",\"inLanguage\":\"es\",\"@id\":\"https:\/\/www.inesem.es\/revistadigital\/diseno-y-artes-graficas\/#\/schema\/logo\/image\/\",\"url\":\"\",\"contentUrl\":\"\",\"caption\":\"Canal Dise\u00f1o y Arquitectura\"},\"image\":{\"@id\":\"https:\/\/www.inesem.es\/revistadigital\/diseno-y-artes-graficas\/#\/schema\/logo\/image\/\"},\"sameAs\":[\"https:\/\/www.facebook.com\/InesemBusinessSchool\/\",\"https:\/\/x.com\/inesem\",\"http:\/\/www.linkedin.com\/company\/2370697\",\"https:\/\/www.youtube.com\/user\/inesembusinesschool\/\"]}]}<\/script>\n<!-- \/ Yoast SEO plugin. -->","yoast_head_json":{"title":"Alta newsletter","description":"Te has suscrito a nuestra newsletter para el Canal Dise\u00f1o y Artes Gr\u00e1ficas. Pronto recibir\u00e1s noticias nuestras.","robots":{"index":"index","follow":"follow","max-snippet":"max-snippet:-1","max-image-preview":"max-image-preview:large","max-video-preview":"max-video-preview:-1"},"canonical":"https:\/\/www.inesem.es\/revistadigital\/diseno-y-artes-graficas\/alta-newsletter","og_locale":"es_ES","og_type":"article","og_title":"Alta newsletter","og_description":"Te has suscrito a nuestra newsletter para el Canal Dise\u00f1o y Artes Gr\u00e1ficas. Pronto recibir\u00e1s noticias nuestras.","og_url":"https:\/\/www.inesem.es\/revistadigital\/diseno-y-artes-graficas\/alta-newsletter","og_site_name":"Canal Dise\u00f1o y Arquitectura","article_publisher":"https:\/\/www.facebook.com\/InesemBusinessSchool\/","article_modified_time":"2021-02-08T16:11:23+00:00","twitter_card":"summary_large_image","twitter_site":"@inesem","schema":{"@context":"https:\/\/schema.org","@graph":[{"@type":"WebPage","@id":"https:\/\/www.inesem.es\/revistadigital\/diseno-y-artes-graficas\/alta-newsletter","url":"https:\/\/www.inesem.es\/revistadigital\/diseno-y-artes-graficas\/alta-newsletter","name":"Alta newsletter","isPartOf":{"@id":"https:\/\/www.inesem.es\/revistadigital\/diseno-y-artes-graficas\/#website"},"datePublished":"2016-06-14T08:50:59+00:00","dateModified":"2021-02-08T16:11:23+00:00","description":"Te has suscrito a nuestra newsletter para el Canal Dise\u00f1o y Artes Gr\u00e1ficas. Pronto recibir\u00e1s noticias nuestras.","breadcrumb":{"@id":"https:\/\/www.inesem.es\/revistadigital\/diseno-y-artes-graficas\/alta-newsletter#breadcrumb"},"inLanguage":"es","potentialAction":[{"@type":"ReadAction","target":["https:\/\/www.inesem.es\/revistadigital\/diseno-y-artes-graficas\/alta-newsletter"]}]},{"@type":"BreadcrumbList","@id":"https:\/\/www.inesem.es\/revistadigital\/diseno-y-artes-graficas\/alta-newsletter#breadcrumb","itemListElement":[{"@type":"ListItem","position":1,"name":"Home","item":"https:\/\/www.inesem.es\/revistadigital\/diseno-y-artes-graficas\/"},{"@type":"ListItem","position":2,"name":"Alta newsletter"}]},{"@type":"WebSite","@id":"https:\/\/www.inesem.es\/revistadigital\/diseno-y-artes-graficas\/#website","url":"https:\/\/www.inesem.es\/revistadigital\/diseno-y-artes-graficas\/","name":"Canal Dise\u00f1o y Arquitectura","description":"En los art\u00edculos de Dise\u00f1o y Arquitectura de Revista Digital INESEM encontrar\u00e1s informaci\u00f3n actualizada e innovadora sobre tu sector. Nuestros art\u00edculos est\u00e1n elaborados y contrastados por profesionales de diferentes especialidades del sector. Si est\u00e1s buscando informaci\u00f3n sobre Arquitectura y Edificaci\u00f3n, Decoraci\u00f3n e Interiorismo, Dise\u00f1o Gr\u00e1fico, Dise\u00f1o Web o Edici\u00f3n y Posproducci\u00f3n Digital, est\u00e1s en el sitio indicado.","publisher":{"@id":"https:\/\/www.inesem.es\/revistadigital\/diseno-y-artes-graficas\/#organization"},"potentialAction":[{"@type":"SearchAction","target":{"@type":"EntryPoint","urlTemplate":"https:\/\/www.inesem.es\/revistadigital\/diseno-y-artes-graficas\/?s={search_term_string}"},"query-input":{"@type":"PropertyValueSpecification","valueRequired":true,"valueName":"search_term_string"}}],"inLanguage":"es"},{"@type":"Organization","@id":"https:\/\/www.inesem.es\/revistadigital\/diseno-y-artes-graficas\/#organization","name":"Canal Dise\u00f1o y Arquitectura","url":"https:\/\/www.inesem.es\/revistadigital\/diseno-y-artes-graficas\/","logo":{"@type":"ImageObject","inLanguage":"es","@id":"https:\/\/www.inesem.es\/revistadigital\/diseno-y-artes-graficas\/#\/schema\/logo\/image\/","url":"","contentUrl":"","caption":"Canal Dise\u00f1o y Arquitectura"},"image":{"@id":"https:\/\/www.inesem.es\/revistadigital\/diseno-y-artes-graficas\/#\/schema\/logo\/image\/"},"sameAs":["https:\/\/www.facebook.com\/InesemBusinessSchool\/","https:\/\/x.com\/inesem","http:\/\/www.linkedin.com\/company\/2370697","https:\/\/www.youtube.com\/user\/inesembusinesschool\/"]}]}},"_links":{"self":[{"href":"https:\/\/www.inesem.es\/revistadigital\/diseno-y-artes-graficas\/wp-json\/wp\/v2\/pages\/1352"}],"collection":[{"href":"https:\/\/www.inesem.es\/revistadigital\/diseno-y-artes-graficas\/wp-json\/wp\/v2\/pages"}],"about":[{"href":"https:\/\/www.inesem.es\/revistadigital\/diseno-y-artes-graficas\/wp-json\/wp\/v2\/types\/page"}],"author":[{"embeddable":true,"href":"https:\/\/www.inesem.es\/revistadigital\/diseno-y-artes-graficas\/wp-json\/wp\/v2\/users\/1"}],"replies":[{"embeddable":true,"href":"https:\/\/www.inesem.es\/revistadigital\/diseno-y-artes-graficas\/wp-json\/wp\/v2\/comments?post=1352"}],"version-history":[{"count":0,"href":"https:\/\/www.inesem.es\/revistadigital\/diseno-y-artes-graficas\/wp-json\/wp\/v2\/pages\/1352\/revisions"}],"wp:attachment":[{"href":"https:\/\/www.inesem.es\/revistadigital\/diseno-y-artes-graficas\/wp-json\/wp\/v2\/media?parent=1352"}],"curies":[{"name":"wp","href":"https:\/\/api.w.org\/{rel}","templated":true}]}}