{"id":335,"date":"2015-12-14T11:53:51","date_gmt":"2015-12-14T10:53:51","guid":{"rendered":"http:\/\/www.inesem.es\/revistadigital\/?page_id=335"},"modified":"2020-05-18T11:39:51","modified_gmt":"2020-05-18T09:39:51","slug":"newsletter","status":"publish","type":"page","link":"https:\/\/www.inesem.es\/revistadigital\/newsletter","title":{"rendered":"NEWSletter"},"content":{"rendered":"","protected":false},"excerpt":{"rendered":"<p>Suscr\u00edbete a la newstetter de Revista Digital INESEM y obt\u00e9n informaci\u00f3n novedosa de tu sector \u00a1Escoge el canal m\u00e1s af\u00edn a tu inter\u00e9s y comienza a aprender!<\/p>\n","protected":false},"author":1,"featured_media":0,"parent":0,"menu_order":0,"comment_status":"closed","ping_status":"closed","template":"newsletter.php","meta":{"footnotes":""},"class_list":["post-335","page","type-page","status-publish","hentry"],"yoast_head":"<!-- This site is optimized with the Yoast SEO plugin v23.5 - https:\/\/yoast.com\/wordpress\/plugins\/seo\/ -->\n<title>Newsletter, recibe las noticias destacadas con Revista Digital<\/title>\n<meta name=\"description\" content=\"Suscr\u00edbete a la newstetter de Revista Digital INESEM y obt\u00e9n informaci\u00f3n novedosa de tu sector \u00a1Escoge el canal m\u00e1s af\u00edn a tu inter\u00e9s y comienza a aprender!\" \/>\n<meta name=\"robots\" content=\"index, follow, max-snippet:-1, max-image-preview:large, max-video-preview:-1\" \/>\n<link rel=\"canonical\" href=\"https:\/\/www.inesem.es\/revistadigital\/newsletter\" \/>\n<meta property=\"og:locale\" content=\"es_ES\" \/>\n<meta property=\"og:type\" content=\"article\" \/>\n<meta property=\"og:title\" content=\"Newsletter, recibe las noticias destacadas con Revista Digital\" \/>\n<meta property=\"og:description\" content=\"Suscr\u00edbete a la newstetter de Revista Digital INESEM y obt\u00e9n informaci\u00f3n novedosa de tu sector \u00a1Escoge el canal m\u00e1s af\u00edn a tu inter\u00e9s y comienza a aprender!\" \/>\n<meta property=\"og:url\" content=\"https:\/\/www.inesem.es\/revistadigital\/newsletter\" \/>\n<meta property=\"og:site_name\" content=\"Revista Digital Inesem\" \/>\n<meta property=\"article:publisher\" content=\"https:\/\/www.facebook.com\/InesemBusinessSchool\/\" \/>\n<meta property=\"article:modified_time\" content=\"2020-05-18T09:39:51+00:00\" \/>\n<meta property=\"og:image\" content=\"https:\/\/www.inesem.es\/revistadigital\/wp-content\/uploads\/2015\/12\/logo-canal-1.png\" \/>\n\t<meta property=\"og:image:width\" content=\"417\" \/>\n\t<meta property=\"og:image:height\" content=\"103\" \/>\n\t<meta property=\"og:image:type\" content=\"image\/png\" \/>\n<meta name=\"twitter:card\" content=\"summary_large_image\" \/>\n<meta name=\"twitter:site\" content=\"@inesem\" \/>\n<script type=\"application\/ld+json\" class=\"yoast-schema-graph\">{\"@context\":\"https:\/\/schema.org\",\"@graph\":[{\"@type\":\"WebPage\",\"@id\":\"https:\/\/www.inesem.es\/revistadigital\/newsletter\",\"url\":\"https:\/\/www.inesem.es\/revistadigital\/newsletter\",\"name\":\"Newsletter, recibe las noticias destacadas con Revista Digital\",\"isPartOf\":{\"@id\":\"https:\/\/www.inesem.es\/revistadigital\/#website\"},\"datePublished\":\"2015-12-14T10:53:51+00:00\",\"dateModified\":\"2020-05-18T09:39:51+00:00\",\"description\":\"Suscr\u00edbete a la newstetter de Revista Digital INESEM y obt\u00e9n informaci\u00f3n novedosa de tu sector \u00a1Escoge el canal m\u00e1s af\u00edn a tu inter\u00e9s y comienza a aprender!\",\"breadcrumb\":{\"@id\":\"https:\/\/www.inesem.es\/revistadigital\/newsletter#breadcrumb\"},\"inLanguage\":\"es\",\"potentialAction\":[{\"@type\":\"ReadAction\",\"target\":[\"https:\/\/www.inesem.es\/revistadigital\/newsletter\"]}]},{\"@type\":\"BreadcrumbList\",\"@id\":\"https:\/\/www.inesem.es\/revistadigital\/newsletter#breadcrumb\",\"itemListElement\":[{\"@type\":\"ListItem\",\"position\":1,\"name\":\"Home\",\"item\":\"https:\/\/www.inesem.es\/revistadigital\/\"},{\"@type\":\"ListItem\",\"position\":2,\"name\":\"NEWSletter\"}]},{\"@type\":\"WebSite\",\"@id\":\"https:\/\/www.inesem.es\/revistadigital\/#website\",\"url\":\"https:\/\/www.inesem.es\/revistadigital\/\",\"name\":\"Revista Digital Inesem\",\"description\":\"\",\"publisher\":{\"@id\":\"https:\/\/www.inesem.es\/revistadigital\/#organization\"},\"potentialAction\":[{\"@type\":\"SearchAction\",\"target\":{\"@type\":\"EntryPoint\",\"urlTemplate\":\"https:\/\/www.inesem.es\/revistadigital\/?s={search_term_string}\"},\"query-input\":{\"@type\":\"PropertyValueSpecification\",\"valueRequired\":true,\"valueName\":\"search_term_string\"}}],\"inLanguage\":\"es\"},{\"@type\":\"Organization\",\"@id\":\"https:\/\/www.inesem.es\/revistadigital\/#organization\",\"name\":\"INESEM Bussiness School\",\"url\":\"https:\/\/www.inesem.es\/revistadigital\/\",\"logo\":{\"@type\":\"ImageObject\",\"inLanguage\":\"es\",\"@id\":\"https:\/\/www.inesem.es\/revistadigital\/#\/schema\/logo\/image\/\",\"url\":\"https:\/\/www.inesem.es\/revistadigital\/wp-content\/uploads\/2015\/12\/logo-inesem-firma.png\",\"contentUrl\":\"https:\/\/www.inesem.es\/revistadigital\/wp-content\/uploads\/2015\/12\/logo-inesem-firma.png\",\"width\":150,\"height\":50,\"caption\":\"INESEM Bussiness School\"},\"image\":{\"@id\":\"https:\/\/www.inesem.es\/revistadigital\/#\/schema\/logo\/image\/\"},\"sameAs\":[\"https:\/\/www.facebook.com\/InesemBusinessSchool\/\",\"https:\/\/x.com\/inesem\",\"http:\/\/www.linkedin.com\/company\/2370697\",\"https:\/\/www.youtube.com\/user\/inesembusinesschool\/\"]}]}<\/script>\n<!-- \/ Yoast SEO plugin. -->","yoast_head_json":{"title":"Newsletter, recibe las noticias destacadas con Revista Digital","description":"Suscr\u00edbete a la newstetter de Revista Digital INESEM y obt\u00e9n informaci\u00f3n novedosa de tu sector \u00a1Escoge el canal m\u00e1s af\u00edn a tu inter\u00e9s y comienza a aprender!","robots":{"index":"index","follow":"follow","max-snippet":"max-snippet:-1","max-image-preview":"max-image-preview:large","max-video-preview":"max-video-preview:-1"},"canonical":"https:\/\/www.inesem.es\/revistadigital\/newsletter","og_locale":"es_ES","og_type":"article","og_title":"Newsletter, recibe las noticias destacadas con Revista Digital","og_description":"Suscr\u00edbete a la newstetter de Revista Digital INESEM y obt\u00e9n informaci\u00f3n novedosa de tu sector \u00a1Escoge el canal m\u00e1s af\u00edn a tu inter\u00e9s y comienza a aprender!","og_url":"https:\/\/www.inesem.es\/revistadigital\/newsletter","og_site_name":"Revista Digital Inesem","article_publisher":"https:\/\/www.facebook.com\/InesemBusinessSchool\/","article_modified_time":"2020-05-18T09:39:51+00:00","og_image":[{"width":417,"height":103,"url":"https:\/\/www.inesem.es\/revistadigital\/wp-content\/uploads\/2015\/12\/logo-canal-1.png","type":"image\/png"}],"twitter_card":"summary_large_image","twitter_site":"@inesem","schema":{"@context":"https:\/\/schema.org","@graph":[{"@type":"WebPage","@id":"https:\/\/www.inesem.es\/revistadigital\/newsletter","url":"https:\/\/www.inesem.es\/revistadigital\/newsletter","name":"Newsletter, recibe las noticias destacadas con Revista Digital","isPartOf":{"@id":"https:\/\/www.inesem.es\/revistadigital\/#website"},"datePublished":"2015-12-14T10:53:51+00:00","dateModified":"2020-05-18T09:39:51+00:00","description":"Suscr\u00edbete a la newstetter de Revista Digital INESEM y obt\u00e9n informaci\u00f3n novedosa de tu sector \u00a1Escoge el canal m\u00e1s af\u00edn a tu inter\u00e9s y comienza a aprender!","breadcrumb":{"@id":"https:\/\/www.inesem.es\/revistadigital\/newsletter#breadcrumb"},"inLanguage":"es","potentialAction":[{"@type":"ReadAction","target":["https:\/\/www.inesem.es\/revistadigital\/newsletter"]}]},{"@type":"BreadcrumbList","@id":"https:\/\/www.inesem.es\/revistadigital\/newsletter#breadcrumb","itemListElement":[{"@type":"ListItem","position":1,"name":"Home","item":"https:\/\/www.inesem.es\/revistadigital\/"},{"@type":"ListItem","position":2,"name":"NEWSletter"}]},{"@type":"WebSite","@id":"https:\/\/www.inesem.es\/revistadigital\/#website","url":"https:\/\/www.inesem.es\/revistadigital\/","name":"Revista Digital Inesem","description":"","publisher":{"@id":"https:\/\/www.inesem.es\/revistadigital\/#organization"},"potentialAction":[{"@type":"SearchAction","target":{"@type":"EntryPoint","urlTemplate":"https:\/\/www.inesem.es\/revistadigital\/?s={search_term_string}"},"query-input":{"@type":"PropertyValueSpecification","valueRequired":true,"valueName":"search_term_string"}}],"inLanguage":"es"},{"@type":"Organization","@id":"https:\/\/www.inesem.es\/revistadigital\/#organization","name":"INESEM Bussiness School","url":"https:\/\/www.inesem.es\/revistadigital\/","logo":{"@type":"ImageObject","inLanguage":"es","@id":"https:\/\/www.inesem.es\/revistadigital\/#\/schema\/logo\/image\/","url":"https:\/\/www.inesem.es\/revistadigital\/wp-content\/uploads\/2015\/12\/logo-inesem-firma.png","contentUrl":"https:\/\/www.inesem.es\/revistadigital\/wp-content\/uploads\/2015\/12\/logo-inesem-firma.png","width":150,"height":50,"caption":"INESEM Bussiness School"},"image":{"@id":"https:\/\/www.inesem.es\/revistadigital\/#\/schema\/logo\/image\/"},"sameAs":["https:\/\/www.facebook.com\/InesemBusinessSchool\/","https:\/\/x.com\/inesem","http:\/\/www.linkedin.com\/company\/2370697","https:\/\/www.youtube.com\/user\/inesembusinesschool\/"]}]}},"_links":{"self":[{"href":"https:\/\/www.inesem.es\/revistadigital\/wp-json\/wp\/v2\/pages\/335"}],"collection":[{"href":"https:\/\/www.inesem.es\/revistadigital\/wp-json\/wp\/v2\/pages"}],"about":[{"href":"https:\/\/www.inesem.es\/revistadigital\/wp-json\/wp\/v2\/types\/page"}],"author":[{"embeddable":true,"href":"https:\/\/www.inesem.es\/revistadigital\/wp-json\/wp\/v2\/users\/1"}],"replies":[{"embeddable":true,"href":"https:\/\/www.inesem.es\/revistadigital\/wp-json\/wp\/v2\/comments?post=335"}],"version-history":[{"count":0,"href":"https:\/\/www.inesem.es\/revistadigital\/wp-json\/wp\/v2\/pages\/335\/revisions"}],"wp:attachment":[{"href":"https:\/\/www.inesem.es\/revistadigital\/wp-json\/wp\/v2\/media?parent=335"}],"curies":[{"name":"wp","href":"https:\/\/api.w.org\/{rel}","templated":true}]}}