{"id":1026,"date":"2023-10-05T11:49:48","date_gmt":"2023-10-05T09:49:48","guid":{"rendered":"https:\/\/www.inesem.es\/territorio-inesem\/?post_type=product&#038;p=1026"},"modified":"2025-06-02T09:47:22","modified_gmt":"2025-06-02T07:47:22","slug":"introduccion-al-ux-writing-la-clave-para-una-comunicacion-efectiva-en-interfaces","status":"publish","type":"product","link":"https:\/\/www.inesem.es\/territorio-inesem\/webinars-podcast\/introduccion-al-ux-writing-la-clave-para-una-comunicacion-efectiva-en-interfaces","title":{"rendered":"1&#215;09 Introducci\u00f3n al UX Writing: La Clave para una Comunicaci\u00f3n Efectiva en Interfaces"},"content":{"rendered":"<h2><strong>\u00bfQu\u00e9 aprender\u00e1s en este seminario?<\/strong><\/h2>\n<p><span class=\"TextRun SCXW216727976 BCX8\" lang=\"ES-ES\" xml:lang=\"ES-ES\" data-contrast=\"auto\"><span class=\"NormalTextRun SCXW216727976 BCX8\">Este webinar de introducci\u00f3n a UX <\/span><span class=\"NormalTextRun SpellingErrorV2Themed SCXW216727976 BCX8\">Writing<\/span><span class=\"NormalTextRun SCXW216727976 BCX8\"> te permitir\u00e1 descubrir el poder que tienen las palabras para dise\u00f1ar experiencias de usuario \u00fanicas y efectivas. En el mundo digital en el que nos movemos, interactuamos constantemente con productos y servicios que requieren de una buena experiencia de usuario para que estos encuentren lo que necesitan de forma r\u00e1pida y sencilla en las interfaces digitales. Durante el seminario ahondaremos en c\u00f3mo utilizar las palabras para dise\u00f1ar experiencias de usuario efectiva<\/span><span class=\"NormalTextRun SCXW216727976 BCX8\">s y qu\u00e9 es un <\/span><span class=\"NormalTextRun SpellingErrorV2Themed SCXW216727976 BCX8\">microcopy<\/span><span class=\"NormalTextRun SCXW216727976 BCX8\">.\u00a0<\/span><\/span><span class=\"EOP SCXW216727976 BCX8\" data-ccp-props=\"{&quot;201341983&quot;:0,&quot;335559739&quot;:160,&quot;335559740&quot;:360}\">\u00a0<\/span><\/p>\n<p>&nbsp;<\/p>\n<h2><strong>Objetivos:<\/strong><\/h2>\n<ul>\n<li data-leveltext=\"\u25cf\" data-font=\"Noto Sans Symbols\" data-listid=\"1\" data-list-defn-props=\"{&quot;335552541&quot;:1,&quot;335559684&quot;:-2,&quot;335559685&quot;:720,&quot;335559991&quot;:360,&quot;469769226&quot;:&quot;Noto Sans Symbols&quot;,&quot;469769242&quot;:[8226],&quot;469777803&quot;:&quot;left&quot;,&quot;469777804&quot;:&quot;\u25cf&quot;,&quot;469777815&quot;:&quot;multilevel&quot;}\" aria-setsize=\"-1\" data-aria-posinset=\"1\" data-aria-level=\"1\"><span data-contrast=\"auto\">Comprender los fundamentos del UX Writing y su importancia en la comunicaci\u00f3n efectiva en interfaces y medios digitales.<\/span><span data-ccp-props=\"{&quot;201341983&quot;:0,&quot;335559739&quot;:160,&quot;335559740&quot;:360}\">\u00a0<\/span><\/li>\n<li data-leveltext=\"\u25cf\" data-font=\"Noto Sans Symbols\" data-listid=\"1\" data-list-defn-props=\"{&quot;335552541&quot;:1,&quot;335559684&quot;:-2,&quot;335559685&quot;:720,&quot;335559991&quot;:360,&quot;469769226&quot;:&quot;Noto Sans Symbols&quot;,&quot;469769242&quot;:[8226],&quot;469777803&quot;:&quot;left&quot;,&quot;469777804&quot;:&quot;\u25cf&quot;,&quot;469777815&quot;:&quot;multilevel&quot;}\" aria-setsize=\"-1\" data-aria-posinset=\"1\" data-aria-level=\"1\"><span data-contrast=\"auto\">Aprender a identificar las necesidades de los usuarios y a analizar su experiencia en la interfaz.<\/span><span data-ccp-props=\"{&quot;201341983&quot;:0,&quot;335559739&quot;:160,&quot;335559740&quot;:360}\">\u00a0<\/span><\/li>\n<li data-leveltext=\"\u25cf\" data-font=\"Noto Sans Symbols\" data-listid=\"1\" data-list-defn-props=\"{&quot;335552541&quot;:1,&quot;335559684&quot;:-2,&quot;335559685&quot;:720,&quot;335559991&quot;:360,&quot;469769226&quot;:&quot;Noto Sans Symbols&quot;,&quot;469769242&quot;:[8226],&quot;469777803&quot;:&quot;left&quot;,&quot;469777804&quot;:&quot;\u25cf&quot;,&quot;469777815&quot;:&quot;multilevel&quot;}\" aria-setsize=\"-1\" data-aria-posinset=\"1\" data-aria-level=\"1\"><span data-contrast=\"auto\">Conocer las t\u00e9cnicas y estrategias para redactar microcopys claros, concisos y adecuados al tono y p\u00fablico objetivo.<\/span><span data-ccp-props=\"{&quot;201341983&quot;:0,&quot;335559739&quot;:160,&quot;335559740&quot;:360}\">\u00a0<\/span><\/li>\n<li data-leveltext=\"\u25cf\" data-font=\"Noto Sans Symbols\" data-listid=\"1\" data-list-defn-props=\"{&quot;335552541&quot;:1,&quot;335559684&quot;:-2,&quot;335559685&quot;:720,&quot;335559991&quot;:360,&quot;469769226&quot;:&quot;Noto Sans Symbols&quot;,&quot;469769242&quot;:[8226],&quot;469777803&quot;:&quot;left&quot;,&quot;469777804&quot;:&quot;\u25cf&quot;,&quot;469777815&quot;:&quot;multilevel&quot;}\" aria-setsize=\"-1\" data-aria-posinset=\"1\" data-aria-level=\"1\"><span data-contrast=\"auto\">Entender la importancia de la jerarqu\u00eda visual, la organizaci\u00f3n de la informaci\u00f3n y la navegaci\u00f3n de la interfaz.<\/span><span data-ccp-props=\"{&quot;201341983&quot;:0,&quot;335559739&quot;:160,&quot;335559740&quot;:360}\">\u00a0<\/span><\/li>\n<li data-leveltext=\"\u25cf\" data-font=\"Noto Sans Symbols\" data-listid=\"1\" data-list-defn-props=\"{&quot;335552541&quot;:1,&quot;335559684&quot;:-2,&quot;335559685&quot;:720,&quot;335559991&quot;:360,&quot;469769226&quot;:&quot;Noto Sans Symbols&quot;,&quot;469769242&quot;:[8226],&quot;469777803&quot;:&quot;left&quot;,&quot;469777804&quot;:&quot;\u25cf&quot;,&quot;469777815&quot;:&quot;multilevel&quot;}\" aria-setsize=\"-1\" data-aria-posinset=\"1\" data-aria-level=\"1\"><span data-contrast=\"auto\">Adquirir conocimientos sobre la importancia de las pruebas de usabilidad y la optimizaci\u00f3n del UX Writing y de la interfaz.<\/span><span data-ccp-props=\"{&quot;201341983&quot;:0,&quot;335559739&quot;:160,&quot;335559740&quot;:360}\">\u00a0<\/span><\/li>\n<\/ul>\n<p>&nbsp;<\/p>\n<h2><strong>\u00bfA qui\u00e9n va dirigido?<\/strong><\/h2>\n<p><span class=\"TextRun SCXW38261711 BCX8\" lang=\"ES-ES\" xml:lang=\"ES-ES\" data-contrast=\"auto\"><span class=\"NormalTextRun SCXW38261711 BCX8\">Esta webinar de Introducci\u00f3n al UX <\/span><span class=\"NormalTextRun SpellingErrorV2Themed SCXW38261711 BCX8\">Writing<\/span><span class=\"NormalTextRun SCXW38261711 BCX8\"> va dirigido a cualquier persona interesada en la comunicaci\u00f3n efectiva en interfaces digitales, como dise\u00f1adores de experiencia de usuario (UX <\/span><span class=\"NormalTextRun SpellingErrorV2Themed SCXW38261711 BCX8\">Designers<\/span><span class=\"NormalTextRun SCXW38261711 BCX8\">), especialistas en marketing digital, redactores y <\/span><span class=\"NormalTextRun SpellingErrorV2Themed SCXW38261711 BCX8\">copywriters<\/span><span class=\"NormalTextRun SCXW38261711 BCX8\">, programadores y desarrolladores de software, y en general, a cualquier profesional que desee mejorar la calidad de su comunicaci\u00f3n en plataformas digitales. Tambi\u00e9n puede resultar \u00fatil para estudiantes de carreras relacionadas con la comunicaci\u00f3n, el dis<\/span><span class=\"NormalTextRun SCXW38261711 BCX8\">e\u00f1o y la tecnolog\u00eda ya que es una tem\u00e1tica muy demanda en este perfil.<\/span><\/span><span class=\"EOP SCXW38261711 BCX8\" data-ccp-props=\"{&quot;201341983&quot;:0,&quot;335559739&quot;:160,&quot;335559740&quot;:360}\">\u00a0<\/span><\/p>\n","protected":false},"excerpt":{"rendered":"<p>\u00bfQu\u00e9 aprender\u00e1s en este seminario? Este webinar de introducci\u00f3n a UX Writing te permitir\u00e1 descubrir el poder que tienen las palabras para dise\u00f1ar experiencias de usuario \u00fanicas y efectivas. En el mundo digital en el que nos movemos, interactuamos constantemente con productos y servicios que requieren de una buena experiencia de usuario para que estos [&hellip;]<\/p>\n","protected":false},"featured_media":1358,"comment_status":"open","ping_status":"closed","template":"","meta":{"_acf_changed":false,"site-sidebar-layout":"default","site-content-layout":"default","ast-site-content-layout":"default","site-content-style":"default","site-sidebar-style":"default","ast-global-header-display":"","ast-banner-title-visibility":"","ast-main-header-display":"","ast-hfb-above-header-display":"","ast-hfb-below-header-display":"","ast-hfb-mobile-header-display":"","site-post-title":"","ast-breadcrumbs-content":"","ast-featured-img":"","footer-sml-layout":"","theme-transparent-header-meta":"default","adv-header-id-meta":"","stick-header-meta":"","header-above-stick-meta":"","header-main-stick-meta":"","header-below-stick-meta":"","astra-migrate-meta-layouts":"set","ast-page-background-enabled":"default","ast-page-background-meta":{"desktop":{"background-color":"var(--ast-global-color-4)","background-image":"","background-repeat":"repeat","background-position":"center center","background-size":"auto","background-attachment":"scroll","background-type":"","background-media":"","overlay-type":"","overlay-color":"","overlay-opacity":"","overlay-gradient":""},"tablet":{"background-color":"","background-image":"","background-repeat":"repeat","background-position":"center center","background-size":"auto","background-attachment":"scroll","background-type":"","background-media":"","overlay-type":"","overlay-color":"","overlay-opacity":"","overlay-gradient":""},"mobile":{"background-color":"","background-image":"","background-repeat":"repeat","background-position":"center center","background-size":"auto","background-attachment":"scroll","background-type":"","background-media":"","overlay-type":"","overlay-color":"","overlay-opacity":"","overlay-gradient":""}},"ast-content-background-meta":{"desktop":{"background-color":"var(--ast-global-color-5)","background-image":"","background-repeat":"repeat","background-position":"center center","background-size":"auto","background-attachment":"scroll","background-type":"","background-media":"","overlay-type":"","overlay-color":"","overlay-opacity":"","overlay-gradient":""},"tablet":{"background-color":"var(--ast-global-color-5)","background-image":"","background-repeat":"repeat","background-position":"center center","background-size":"auto","background-attachment":"scroll","background-type":"","background-media":"","overlay-type":"","overlay-color":"","overlay-opacity":"","overlay-gradient":""},"mobile":{"background-color":"var(--ast-global-color-5)","background-image":"","background-repeat":"repeat","background-position":"center center","background-size":"auto","background-attachment":"scroll","background-type":"","background-media":"","overlay-type":"","overlay-color":"","overlay-opacity":"","overlay-gradient":""}}},"product_brand":[],"product_cat":[30],"product_tag":[],"class_list":{"0":"post-1026","1":"product","2":"type-product","3":"status-publish","4":"has-post-thumbnail","6":"product_cat-pasados","7":"desktop-align-center","8":"tablet-align-left","9":"mobile-align-left","11":"first","12":"instock","13":"downloadable","14":"virtual","15":"sold-individually","16":"purchasable","17":"product-type-webinar"},"acf":[],"yoast_head":"<!-- This site is optimized with the Yoast SEO plugin v24.3 - https:\/\/yoast.com\/wordpress\/plugins\/seo\/ -->\n<title>1x09 Introducci\u00f3n al UX Writing: La Clave para una Comunicaci\u00f3n Efectiva en Interfaces - Territorio INESEM<\/title>\n<meta name=\"description\" content=\"Descubre el nuevo contenido en abierto sobre Ux Writing: clave para una comunicaci\u00f3n efectiva en interfaces de mano de Elena Tur S\u00e1nchez.\" \/>\n<meta name=\"robots\" content=\"index, follow, max-snippet:-1, max-image-preview:large, max-video-preview:-1\" \/>\n<link rel=\"canonical\" href=\"https:\/\/www.inesem.es\/territorio-inesem\/webinars-podcast\/introduccion-al-ux-writing-la-clave-para-una-comunicacion-efectiva-en-interfaces\/\" \/>\n<meta property=\"og:locale\" content=\"es_ES\" \/>\n<meta property=\"og:type\" content=\"article\" \/>\n<meta property=\"og:title\" content=\"1x09 Introducci\u00f3n al UX Writing: La Clave para una Comunicaci\u00f3n Efectiva en Interfaces - Territorio INESEM\" \/>\n<meta property=\"og:description\" content=\"Descubre el nuevo contenido en abierto sobre Ux Writing: clave para una comunicaci\u00f3n efectiva en interfaces de mano de Elena Tur S\u00e1nchez.\" \/>\n<meta property=\"og:url\" content=\"https:\/\/www.inesem.es\/territorio-inesem\/webinars-podcast\/introduccion-al-ux-writing-la-clave-para-una-comunicacion-efectiva-en-interfaces\/\" \/>\n<meta property=\"og:site_name\" content=\"Territorio INESEM\" \/>\n<meta property=\"article:publisher\" content=\"https:\/\/www.facebook.com\/InesemBusinessSchool\" \/>\n<meta property=\"article:modified_time\" content=\"2025-06-02T07:47:22+00:00\" \/>\n<meta property=\"og:image\" content=\"https:\/\/www.inesem.es\/territorio-inesem\/wp-content\/uploads\/2023\/10\/web-Elena-Tur-Sanchez.webp\" \/>\n\t<meta property=\"og:image:width\" content=\"1000\" \/>\n\t<meta property=\"og:image:height\" content=\"1000\" \/>\n\t<meta property=\"og:image:type\" content=\"image\/webp\" \/>\n<meta name=\"twitter:card\" content=\"summary_large_image\" \/>\n<meta name=\"twitter:site\" content=\"@inesem\" \/>\n<meta name=\"twitter:label1\" content=\"Tiempo de lectura\" \/>\n\t<meta name=\"twitter:data1\" content=\"2 minutos\" \/>\n<script type=\"application\/ld+json\" class=\"yoast-schema-graph\">{\"@context\":\"https:\/\/schema.org\",\"@graph\":[{\"@type\":\"WebPage\",\"@id\":\"https:\/\/www.inesem.es\/territorio-inesem\/webinars-podcast\/introduccion-al-ux-writing-la-clave-para-una-comunicacion-efectiva-en-interfaces\/\",\"url\":\"https:\/\/www.inesem.es\/territorio-inesem\/webinars-podcast\/introduccion-al-ux-writing-la-clave-para-una-comunicacion-efectiva-en-interfaces\/\",\"name\":\"1x09 Introducci\u00f3n al UX Writing: La Clave para una Comunicaci\u00f3n Efectiva en Interfaces - Territorio INESEM\",\"isPartOf\":{\"@id\":\"https:\/\/www.inesem.es\/territorio-inesem\/#website\"},\"primaryImageOfPage\":{\"@id\":\"https:\/\/www.inesem.es\/territorio-inesem\/webinars-podcast\/introduccion-al-ux-writing-la-clave-para-una-comunicacion-efectiva-en-interfaces\/#primaryimage\"},\"image\":{\"@id\":\"https:\/\/www.inesem.es\/territorio-inesem\/webinars-podcast\/introduccion-al-ux-writing-la-clave-para-una-comunicacion-efectiva-en-interfaces\/#primaryimage\"},\"thumbnailUrl\":\"https:\/\/www.inesem.es\/territorio-inesem\/wp-content\/uploads\/2023\/10\/web-Elena-Tur-Sanchez.webp\",\"datePublished\":\"2023-10-05T09:49:48+00:00\",\"dateModified\":\"2025-06-02T07:47:22+00:00\",\"description\":\"Descubre el nuevo contenido en abierto sobre Ux Writing: clave para una comunicaci\u00f3n efectiva en interfaces de mano de Elena Tur S\u00e1nchez.\",\"breadcrumb\":{\"@id\":\"https:\/\/www.inesem.es\/territorio-inesem\/webinars-podcast\/introduccion-al-ux-writing-la-clave-para-una-comunicacion-efectiva-en-interfaces\/#breadcrumb\"},\"inLanguage\":\"es\",\"potentialAction\":[{\"@type\":\"ReadAction\",\"target\":[\"https:\/\/www.inesem.es\/territorio-inesem\/webinars-podcast\/introduccion-al-ux-writing-la-clave-para-una-comunicacion-efectiva-en-interfaces\/\"]}]},{\"@type\":\"ImageObject\",\"inLanguage\":\"es\",\"@id\":\"https:\/\/www.inesem.es\/territorio-inesem\/webinars-podcast\/introduccion-al-ux-writing-la-clave-para-una-comunicacion-efectiva-en-interfaces\/#primaryimage\",\"url\":\"https:\/\/www.inesem.es\/territorio-inesem\/wp-content\/uploads\/2023\/10\/web-Elena-Tur-Sanchez.webp\",\"contentUrl\":\"https:\/\/www.inesem.es\/territorio-inesem\/wp-content\/uploads\/2023\/10\/web-Elena-Tur-Sanchez.webp\",\"width\":1000,\"height\":1000},{\"@type\":\"BreadcrumbList\",\"@id\":\"https:\/\/www.inesem.es\/territorio-inesem\/webinars-podcast\/introduccion-al-ux-writing-la-clave-para-una-comunicacion-efectiva-en-interfaces\/#breadcrumb\",\"itemListElement\":[{\"@type\":\"ListItem\",\"position\":1,\"name\":\"Portada\",\"item\":\"https:\/\/www.inesem.es\/territorio-inesem\/\"},{\"@type\":\"ListItem\",\"position\":2,\"name\":\"Tienda\",\"item\":\"https:\/\/www.inesem.es\/territorio-inesem\/tienda\"},{\"@type\":\"ListItem\",\"position\":3,\"name\":\"1&#215;09 Introducci\u00f3n al UX Writing: La Clave para una Comunicaci\u00f3n Efectiva en Interfaces\"}]},{\"@type\":\"WebSite\",\"@id\":\"https:\/\/www.inesem.es\/territorio-inesem\/#website\",\"url\":\"https:\/\/www.inesem.es\/territorio-inesem\/\",\"name\":\"Territorio INESEM\",\"description\":\"Webinars y podcast\",\"potentialAction\":[{\"@type\":\"SearchAction\",\"target\":{\"@type\":\"EntryPoint\",\"urlTemplate\":\"https:\/\/www.inesem.es\/territorio-inesem\/?s={search_term_string}\"},\"query-input\":{\"@type\":\"PropertyValueSpecification\",\"valueRequired\":true,\"valueName\":\"search_term_string\"}}],\"inLanguage\":\"es\"}]}<\/script>\n<!-- \/ Yoast SEO plugin. -->","yoast_head_json":{"title":"1x09 Introducci\u00f3n al UX Writing: La Clave para una Comunicaci\u00f3n Efectiva en Interfaces - Territorio INESEM","description":"Descubre el nuevo contenido en abierto sobre Ux Writing: clave para una comunicaci\u00f3n efectiva en interfaces de mano de Elena Tur S\u00e1nchez.","robots":{"index":"index","follow":"follow","max-snippet":"max-snippet:-1","max-image-preview":"max-image-preview:large","max-video-preview":"max-video-preview:-1"},"canonical":"https:\/\/www.inesem.es\/territorio-inesem\/webinars-podcast\/introduccion-al-ux-writing-la-clave-para-una-comunicacion-efectiva-en-interfaces\/","og_locale":"es_ES","og_type":"article","og_title":"1x09 Introducci\u00f3n al UX Writing: La Clave para una Comunicaci\u00f3n Efectiva en Interfaces - Territorio INESEM","og_description":"Descubre el nuevo contenido en abierto sobre Ux Writing: clave para una comunicaci\u00f3n efectiva en interfaces de mano de Elena Tur S\u00e1nchez.","og_url":"https:\/\/www.inesem.es\/territorio-inesem\/webinars-podcast\/introduccion-al-ux-writing-la-clave-para-una-comunicacion-efectiva-en-interfaces\/","og_site_name":"Territorio INESEM","article_publisher":"https:\/\/www.facebook.com\/InesemBusinessSchool","article_modified_time":"2025-06-02T07:47:22+00:00","og_image":[{"width":1000,"height":1000,"url":"https:\/\/www.inesem.es\/territorio-inesem\/wp-content\/uploads\/2023\/10\/web-Elena-Tur-Sanchez.webp","type":"image\/webp"}],"twitter_card":"summary_large_image","twitter_site":"@inesem","twitter_misc":{"Tiempo de lectura":"2 minutos"},"schema":{"@context":"https:\/\/schema.org","@graph":[{"@type":"WebPage","@id":"https:\/\/www.inesem.es\/territorio-inesem\/webinars-podcast\/introduccion-al-ux-writing-la-clave-para-una-comunicacion-efectiva-en-interfaces\/","url":"https:\/\/www.inesem.es\/territorio-inesem\/webinars-podcast\/introduccion-al-ux-writing-la-clave-para-una-comunicacion-efectiva-en-interfaces\/","name":"1x09 Introducci\u00f3n al UX Writing: La Clave para una Comunicaci\u00f3n Efectiva en Interfaces - Territorio INESEM","isPartOf":{"@id":"https:\/\/www.inesem.es\/territorio-inesem\/#website"},"primaryImageOfPage":{"@id":"https:\/\/www.inesem.es\/territorio-inesem\/webinars-podcast\/introduccion-al-ux-writing-la-clave-para-una-comunicacion-efectiva-en-interfaces\/#primaryimage"},"image":{"@id":"https:\/\/www.inesem.es\/territorio-inesem\/webinars-podcast\/introduccion-al-ux-writing-la-clave-para-una-comunicacion-efectiva-en-interfaces\/#primaryimage"},"thumbnailUrl":"https:\/\/www.inesem.es\/territorio-inesem\/wp-content\/uploads\/2023\/10\/web-Elena-Tur-Sanchez.webp","datePublished":"2023-10-05T09:49:48+00:00","dateModified":"2025-06-02T07:47:22+00:00","description":"Descubre el nuevo contenido en abierto sobre Ux Writing: clave para una comunicaci\u00f3n efectiva en interfaces de mano de Elena Tur S\u00e1nchez.","breadcrumb":{"@id":"https:\/\/www.inesem.es\/territorio-inesem\/webinars-podcast\/introduccion-al-ux-writing-la-clave-para-una-comunicacion-efectiva-en-interfaces\/#breadcrumb"},"inLanguage":"es","potentialAction":[{"@type":"ReadAction","target":["https:\/\/www.inesem.es\/territorio-inesem\/webinars-podcast\/introduccion-al-ux-writing-la-clave-para-una-comunicacion-efectiva-en-interfaces\/"]}]},{"@type":"ImageObject","inLanguage":"es","@id":"https:\/\/www.inesem.es\/territorio-inesem\/webinars-podcast\/introduccion-al-ux-writing-la-clave-para-una-comunicacion-efectiva-en-interfaces\/#primaryimage","url":"https:\/\/www.inesem.es\/territorio-inesem\/wp-content\/uploads\/2023\/10\/web-Elena-Tur-Sanchez.webp","contentUrl":"https:\/\/www.inesem.es\/territorio-inesem\/wp-content\/uploads\/2023\/10\/web-Elena-Tur-Sanchez.webp","width":1000,"height":1000},{"@type":"BreadcrumbList","@id":"https:\/\/www.inesem.es\/territorio-inesem\/webinars-podcast\/introduccion-al-ux-writing-la-clave-para-una-comunicacion-efectiva-en-interfaces\/#breadcrumb","itemListElement":[{"@type":"ListItem","position":1,"name":"Portada","item":"https:\/\/www.inesem.es\/territorio-inesem\/"},{"@type":"ListItem","position":2,"name":"Tienda","item":"https:\/\/www.inesem.es\/territorio-inesem\/tienda"},{"@type":"ListItem","position":3,"name":"1&#215;09 Introducci\u00f3n al UX Writing: La Clave para una Comunicaci\u00f3n Efectiva en Interfaces"}]},{"@type":"WebSite","@id":"https:\/\/www.inesem.es\/territorio-inesem\/#website","url":"https:\/\/www.inesem.es\/territorio-inesem\/","name":"Territorio INESEM","description":"Webinars y podcast","potentialAction":[{"@type":"SearchAction","target":{"@type":"EntryPoint","urlTemplate":"https:\/\/www.inesem.es\/territorio-inesem\/?s={search_term_string}"},"query-input":{"@type":"PropertyValueSpecification","valueRequired":true,"valueName":"search_term_string"}}],"inLanguage":"es"}]}},"_links":{"self":[{"href":"https:\/\/www.inesem.es\/territorio-inesem\/wp-json\/wp\/v2\/product\/1026","targetHints":{"allow":["GET"]}}],"collection":[{"href":"https:\/\/www.inesem.es\/territorio-inesem\/wp-json\/wp\/v2\/product"}],"about":[{"href":"https:\/\/www.inesem.es\/territorio-inesem\/wp-json\/wp\/v2\/types\/product"}],"replies":[{"embeddable":true,"href":"https:\/\/www.inesem.es\/territorio-inesem\/wp-json\/wp\/v2\/comments?post=1026"}],"wp:featuredmedia":[{"embeddable":true,"href":"https:\/\/www.inesem.es\/territorio-inesem\/wp-json\/wp\/v2\/media\/1358"}],"wp:attachment":[{"href":"https:\/\/www.inesem.es\/territorio-inesem\/wp-json\/wp\/v2\/media?parent=1026"}],"wp:term":[{"taxonomy":"product_brand","embeddable":true,"href":"https:\/\/www.inesem.es\/territorio-inesem\/wp-json\/wp\/v2\/product_brand?post=1026"},{"taxonomy":"product_cat","embeddable":true,"href":"https:\/\/www.inesem.es\/territorio-inesem\/wp-json\/wp\/v2\/product_cat?post=1026"},{"taxonomy":"product_tag","embeddable":true,"href":"https:\/\/www.inesem.es\/territorio-inesem\/wp-json\/wp\/v2\/product_tag?post=1026"}],"curies":[{"name":"wp","href":"https:\/\/api.w.org\/{rel}","templated":true}]}}