{"id":1102,"date":"2023-11-03T13:55:47","date_gmt":"2023-11-03T12:55:47","guid":{"rendered":"https:\/\/www.inesem.es\/territorio-inesem\/?post_type=product&#038;p=1102"},"modified":"2025-06-02T09:39:58","modified_gmt":"2025-06-02T07:39:58","slug":"introduccion-al-copywriting-el-arte-de-persuadir-con-las-palabras","status":"publish","type":"product","link":"https:\/\/www.inesem.es\/territorio-inesem\/webinars-podcast\/introduccion-al-copywriting-el-arte-de-persuadir-con-las-palabras","title":{"rendered":"1&#215;13 Introducci\u00f3n al Copywriting: El Arte de persuadir con las Palabras"},"content":{"rendered":"<h2><strong>\u00bfQu\u00e9 aprender\u00e1s en este seminario?<\/strong><\/h2>\n<p><span class=\"TextRun SCXW76195058 BCX8\" lang=\"ES-ES\" xml:lang=\"ES-ES\" data-contrast=\"auto\"><span class=\"NormalTextRun SCXW76195058 BCX8\">Buscar trabajo, en muchas ocasiones, es un trabajo en s\u00ed mismo. Una carrera con obst\u00e1culos que debemos superar. Conocer diferentes tipos de estrategias para afrontar este proceso es clave para lograr nuestro objetivo, que no es otro que conseguir empleo. En este seminario vamos a ahondar en c\u00f3mo afrontar un proceso de B\u00fasqueda Activa de Empleo de manera eficaz y qu\u00e9 se debe tener en cuenta. Proporcionaremos <\/span><span class=\"NormalTextRun SpellingErrorV2Themed SCXW76195058 BCX8\">tips<\/span><span class=\"NormalTextRun SCXW76195058 BCX8\"> muy valiosos e interesantes que nos ayudar\u00e1n a lograr nuestra meta laboral.\u202f<\/span><\/span><span class=\"EOP SCXW76195058 BCX8\" data-ccp-props=\"{&quot;201341983&quot;:0,&quot;335559739&quot;:160,&quot;335559740&quot;:360}\">\u00a0<\/span><\/p>\n<p>&nbsp;<\/p>\n<h2><strong>Objetivos:<\/strong><\/h2>\n<ul style=\"font-weight: 400;\">\n<li data-leveltext=\"\u25cf\" data-font=\"Noto Sans Symbols\" data-listid=\"1\" data-list-defn-props=\"{&quot;335552541&quot;:1,&quot;335559684&quot;:-2,&quot;335559685&quot;:720,&quot;335559991&quot;:360,&quot;469769226&quot;:&quot;Noto Sans Symbols&quot;,&quot;469769242&quot;:[8226],&quot;469777803&quot;:&quot;left&quot;,&quot;469777804&quot;:&quot;\u25cf&quot;,&quot;469777815&quot;:&quot;multilevel&quot;}\" aria-setsize=\"-1\" data-aria-posinset=\"1\" data-aria-level=\"1\"><span data-contrast=\"auto\">Comprender los fundamentos del Copywriting y su importancia en la comunicaci\u00f3n efectiva con los clientes.<\/span><span data-ccp-props=\"{&quot;201341983&quot;:0,&quot;335559739&quot;:160,&quot;335559740&quot;:360}\">\u00a0<\/span><\/li>\n<li data-leveltext=\"\u25cf\" data-font=\"Noto Sans Symbols\" data-listid=\"1\" data-list-defn-props=\"{&quot;335552541&quot;:1,&quot;335559684&quot;:-2,&quot;335559685&quot;:720,&quot;335559991&quot;:360,&quot;469769226&quot;:&quot;Noto Sans Symbols&quot;,&quot;469769242&quot;:[8226],&quot;469777803&quot;:&quot;left&quot;,&quot;469777804&quot;:&quot;\u25cf&quot;,&quot;469777815&quot;:&quot;multilevel&quot;}\" aria-setsize=\"-1\" data-aria-posinset=\"2\" data-aria-level=\"1\"><span data-contrast=\"auto\">Aprender a identificar las necesidades y motivaciones de los clientes para crear mensajes relevantes y persuasivos.<\/span><span data-ccp-props=\"{&quot;201341983&quot;:0,&quot;335559739&quot;:160,&quot;335559740&quot;:360}\">\u00a0<\/span><\/li>\n<li data-leveltext=\"\u25cf\" data-font=\"Noto Sans Symbols\" data-listid=\"1\" data-list-defn-props=\"{&quot;335552541&quot;:1,&quot;335559684&quot;:-2,&quot;335559685&quot;:720,&quot;335559991&quot;:360,&quot;469769226&quot;:&quot;Noto Sans Symbols&quot;,&quot;469769242&quot;:[8226],&quot;469777803&quot;:&quot;left&quot;,&quot;469777804&quot;:&quot;\u25cf&quot;,&quot;469777815&quot;:&quot;multilevel&quot;}\" aria-setsize=\"-1\" data-aria-posinset=\"3\" data-aria-level=\"1\"><span data-contrast=\"auto\">Conocer las t\u00e9cnicas y estrategias para escribir textos claros, concisos y orientados a la venta.<\/span><span data-ccp-props=\"{&quot;201341983&quot;:0,&quot;335559739&quot;:160,&quot;335559740&quot;:360}\">\u00a0<\/span><\/li>\n<li data-leveltext=\"\u25cf\" data-font=\"Noto Sans Symbols\" data-listid=\"1\" data-list-defn-props=\"{&quot;335552541&quot;:1,&quot;335559684&quot;:-2,&quot;335559685&quot;:720,&quot;335559991&quot;:360,&quot;469769226&quot;:&quot;Noto Sans Symbols&quot;,&quot;469769242&quot;:[8226],&quot;469777803&quot;:&quot;left&quot;,&quot;469777804&quot;:&quot;\u25cf&quot;,&quot;469777815&quot;:&quot;multilevel&quot;}\" aria-setsize=\"-1\" data-aria-posinset=\"4\" data-aria-level=\"1\"><span data-contrast=\"auto\">Entender la importancia del tono y la voz de marca en la comunicaci\u00f3n persuasiva.<\/span><span data-ccp-props=\"{&quot;201341983&quot;:0,&quot;335559739&quot;:160,&quot;335559740&quot;:360}\">\u00a0<\/span><\/li>\n<li data-leveltext=\"\u25cf\" data-font=\"Noto Sans Symbols\" data-listid=\"1\" data-list-defn-props=\"{&quot;335552541&quot;:1,&quot;335559684&quot;:-2,&quot;335559685&quot;:720,&quot;335559991&quot;:360,&quot;469769226&quot;:&quot;Noto Sans Symbols&quot;,&quot;469769242&quot;:[8226],&quot;469777803&quot;:&quot;left&quot;,&quot;469777804&quot;:&quot;\u25cf&quot;,&quot;469777815&quot;:&quot;multilevel&quot;}\" aria-setsize=\"-1\" data-aria-posinset=\"5\" data-aria-level=\"1\"><span data-contrast=\"auto\">Adquirir conocimientos sobre la estructura de los textos persuasivos y la optimizaci\u00f3n para motores de b\u00fasqueda.<\/span><span data-ccp-props=\"{&quot;201341983&quot;:0,&quot;335559739&quot;:160,&quot;335559740&quot;:360}\">\u00a0<\/span><\/li>\n<\/ul>\n<p>&nbsp;<\/p>\n<h2><strong>\u00bfA qui\u00e9n va dirigido?<\/strong><\/h2>\n<p><span class=\"TextRun SCXW200237530 BCX8\" lang=\"ES-ES\" xml:lang=\"ES-ES\" data-contrast=\"auto\"><span class=\"NormalTextRun SCXW200237530 BCX8\">El <\/span><span class=\"NormalTextRun SpellingErrorV2Themed SCXW200237530 BCX8\">Copywriting<\/span><span class=\"NormalTextRun SCXW200237530 BCX8\"> es la t\u00e9cnica de escritura persuasiva que se ha convertido en una herramienta imprescindible en la era digital. Palabras que mueven emociones. Las empresas buscan conectar con su p\u00fablico objetivo y lograr que pasen a la acci\u00f3n. En este seminario de Introducci\u00f3n al <\/span><span class=\"NormalTextRun SpellingErrorV2Themed SCXW200237530 BCX8\">Copywriting<\/span><span class=\"NormalTextRun SCXW200237530 BCX8\">, descubrir\u00e1s c\u00f3mo crear textos persuasivos que conecten con tus clientes y generen ventas. Aprender\u00e1s las t\u00e9cnicas y estrategias para redactar mensajes claros, concisos y orientados a la acci\u00f3n. Adem\u00e1s, conocer\u00e1s la impo<\/span><span class=\"NormalTextRun SCXW200237530 BCX8\">rtancia de la optimizaci\u00f3n para motores de b\u00fasqueda y c\u00f3mo aplicarlo en tu escritura.<\/span><\/span><span class=\"EOP SCXW200237530 BCX8\" data-ccp-props=\"{&quot;201341983&quot;:0,&quot;335559739&quot;:160,&quot;335559740&quot;:360}\">\u00a0<\/span><\/p>\n","protected":false},"excerpt":{"rendered":"<p>\u00bfQu\u00e9 aprender\u00e1s en este seminario? Buscar trabajo, en muchas ocasiones, es un trabajo en s\u00ed mismo. Una carrera con obst\u00e1culos que debemos superar. Conocer diferentes tipos de estrategias para afrontar este proceso es clave para lograr nuestro objetivo, que no es otro que conseguir empleo. En este seminario vamos a ahondar en c\u00f3mo afrontar un [&hellip;]<\/p>\n","protected":false},"featured_media":1358,"comment_status":"open","ping_status":"closed","template":"","meta":{"_acf_changed":false,"site-sidebar-layout":"default","site-content-layout":"default","ast-site-content-layout":"default","site-content-style":"default","site-sidebar-style":"default","ast-global-header-display":"","ast-banner-title-visibility":"","ast-main-header-display":"","ast-hfb-above-header-display":"","ast-hfb-below-header-display":"","ast-hfb-mobile-header-display":"","site-post-title":"","ast-breadcrumbs-content":"","ast-featured-img":"","footer-sml-layout":"","theme-transparent-header-meta":"default","adv-header-id-meta":"","stick-header-meta":"","header-above-stick-meta":"","header-main-stick-meta":"","header-below-stick-meta":"","astra-migrate-meta-layouts":"set","ast-page-background-enabled":"default","ast-page-background-meta":{"desktop":{"background-color":"var(--ast-global-color-4)","background-image":"","background-repeat":"repeat","background-position":"center center","background-size":"auto","background-attachment":"scroll","background-type":"","background-media":"","overlay-type":"","overlay-color":"","overlay-opacity":"","overlay-gradient":""},"tablet":{"background-color":"","background-image":"","background-repeat":"repeat","background-position":"center center","background-size":"auto","background-attachment":"scroll","background-type":"","background-media":"","overlay-type":"","overlay-color":"","overlay-opacity":"","overlay-gradient":""},"mobile":{"background-color":"","background-image":"","background-repeat":"repeat","background-position":"center center","background-size":"auto","background-attachment":"scroll","background-type":"","background-media":"","overlay-type":"","overlay-color":"","overlay-opacity":"","overlay-gradient":""}},"ast-content-background-meta":{"desktop":{"background-color":"var(--ast-global-color-5)","background-image":"","background-repeat":"repeat","background-position":"center center","background-size":"auto","background-attachment":"scroll","background-type":"","background-media":"","overlay-type":"","overlay-color":"","overlay-opacity":"","overlay-gradient":""},"tablet":{"background-color":"var(--ast-global-color-5)","background-image":"","background-repeat":"repeat","background-position":"center center","background-size":"auto","background-attachment":"scroll","background-type":"","background-media":"","overlay-type":"","overlay-color":"","overlay-opacity":"","overlay-gradient":""},"mobile":{"background-color":"var(--ast-global-color-5)","background-image":"","background-repeat":"repeat","background-position":"center center","background-size":"auto","background-attachment":"scroll","background-type":"","background-media":"","overlay-type":"","overlay-color":"","overlay-opacity":"","overlay-gradient":""}}},"product_brand":[],"product_cat":[30],"product_tag":[],"class_list":{"0":"post-1102","1":"product","2":"type-product","3":"status-publish","4":"has-post-thumbnail","6":"product_cat-pasados","7":"desktop-align-center","8":"tablet-align-left","9":"mobile-align-left","11":"first","12":"instock","13":"downloadable","14":"virtual","15":"sold-individually","16":"purchasable","17":"product-type-webinar"},"acf":[],"yoast_head":"<!-- This site is optimized with the Yoast SEO plugin v24.3 - https:\/\/yoast.com\/wordpress\/plugins\/seo\/ -->\n<title>1x13 Introducci\u00f3n al Copywriting: El Arte de persuadir con las Palabras - Territorio INESEM<\/title>\n<meta name=\"description\" content=\"Descubre el nuevo contenido en abierto sobre introducci\u00f3n al copywriting: el arte de persuadir con las palabras de mano de Elena Tur S\u00e1nchez.\" \/>\n<meta name=\"robots\" content=\"index, follow, max-snippet:-1, max-image-preview:large, max-video-preview:-1\" \/>\n<link rel=\"canonical\" href=\"https:\/\/www.inesem.es\/territorio-inesem\/webinars-podcast\/introduccion-al-copywriting-el-arte-de-persuadir-con-las-palabras\/\" \/>\n<meta property=\"og:locale\" content=\"es_ES\" \/>\n<meta property=\"og:type\" content=\"article\" \/>\n<meta property=\"og:title\" content=\"1x13 Introducci\u00f3n al Copywriting: El Arte de persuadir con las Palabras - Territorio INESEM\" \/>\n<meta property=\"og:description\" content=\"Descubre el nuevo contenido en abierto sobre introducci\u00f3n al copywriting: el arte de persuadir con las palabras de mano de Elena Tur S\u00e1nchez.\" \/>\n<meta property=\"og:url\" content=\"https:\/\/www.inesem.es\/territorio-inesem\/webinars-podcast\/introduccion-al-copywriting-el-arte-de-persuadir-con-las-palabras\/\" \/>\n<meta property=\"og:site_name\" content=\"Territorio INESEM\" \/>\n<meta property=\"article:publisher\" content=\"https:\/\/www.facebook.com\/InesemBusinessSchool\" \/>\n<meta property=\"article:modified_time\" content=\"2025-06-02T07:39:58+00:00\" \/>\n<meta property=\"og:image\" content=\"https:\/\/www.inesem.es\/territorio-inesem\/wp-content\/uploads\/2023\/10\/web-Elena-Tur-Sanchez.webp\" \/>\n\t<meta property=\"og:image:width\" content=\"1000\" \/>\n\t<meta property=\"og:image:height\" content=\"1000\" \/>\n\t<meta property=\"og:image:type\" content=\"image\/webp\" \/>\n<meta name=\"twitter:card\" content=\"summary_large_image\" \/>\n<meta name=\"twitter:site\" content=\"@inesem\" \/>\n<meta name=\"twitter:label1\" content=\"Tiempo de lectura\" \/>\n\t<meta name=\"twitter:data1\" content=\"2 minutos\" \/>\n<script type=\"application\/ld+json\" class=\"yoast-schema-graph\">{\"@context\":\"https:\/\/schema.org\",\"@graph\":[{\"@type\":\"WebPage\",\"@id\":\"https:\/\/www.inesem.es\/territorio-inesem\/webinars-podcast\/introduccion-al-copywriting-el-arte-de-persuadir-con-las-palabras\/\",\"url\":\"https:\/\/www.inesem.es\/territorio-inesem\/webinars-podcast\/introduccion-al-copywriting-el-arte-de-persuadir-con-las-palabras\/\",\"name\":\"1x13 Introducci\u00f3n al Copywriting: El Arte de persuadir con las Palabras - Territorio INESEM\",\"isPartOf\":{\"@id\":\"https:\/\/www.inesem.es\/territorio-inesem\/#website\"},\"primaryImageOfPage\":{\"@id\":\"https:\/\/www.inesem.es\/territorio-inesem\/webinars-podcast\/introduccion-al-copywriting-el-arte-de-persuadir-con-las-palabras\/#primaryimage\"},\"image\":{\"@id\":\"https:\/\/www.inesem.es\/territorio-inesem\/webinars-podcast\/introduccion-al-copywriting-el-arte-de-persuadir-con-las-palabras\/#primaryimage\"},\"thumbnailUrl\":\"https:\/\/www.inesem.es\/territorio-inesem\/wp-content\/uploads\/2023\/10\/web-Elena-Tur-Sanchez.webp\",\"datePublished\":\"2023-11-03T12:55:47+00:00\",\"dateModified\":\"2025-06-02T07:39:58+00:00\",\"description\":\"Descubre el nuevo contenido en abierto sobre introducci\u00f3n al copywriting: el arte de persuadir con las palabras de mano de Elena Tur S\u00e1nchez.\",\"breadcrumb\":{\"@id\":\"https:\/\/www.inesem.es\/territorio-inesem\/webinars-podcast\/introduccion-al-copywriting-el-arte-de-persuadir-con-las-palabras\/#breadcrumb\"},\"inLanguage\":\"es\",\"potentialAction\":[{\"@type\":\"ReadAction\",\"target\":[\"https:\/\/www.inesem.es\/territorio-inesem\/webinars-podcast\/introduccion-al-copywriting-el-arte-de-persuadir-con-las-palabras\/\"]}]},{\"@type\":\"ImageObject\",\"inLanguage\":\"es\",\"@id\":\"https:\/\/www.inesem.es\/territorio-inesem\/webinars-podcast\/introduccion-al-copywriting-el-arte-de-persuadir-con-las-palabras\/#primaryimage\",\"url\":\"https:\/\/www.inesem.es\/territorio-inesem\/wp-content\/uploads\/2023\/10\/web-Elena-Tur-Sanchez.webp\",\"contentUrl\":\"https:\/\/www.inesem.es\/territorio-inesem\/wp-content\/uploads\/2023\/10\/web-Elena-Tur-Sanchez.webp\",\"width\":1000,\"height\":1000},{\"@type\":\"BreadcrumbList\",\"@id\":\"https:\/\/www.inesem.es\/territorio-inesem\/webinars-podcast\/introduccion-al-copywriting-el-arte-de-persuadir-con-las-palabras\/#breadcrumb\",\"itemListElement\":[{\"@type\":\"ListItem\",\"position\":1,\"name\":\"Portada\",\"item\":\"https:\/\/www.inesem.es\/territorio-inesem\/\"},{\"@type\":\"ListItem\",\"position\":2,\"name\":\"Tienda\",\"item\":\"https:\/\/www.inesem.es\/territorio-inesem\/tienda\"},{\"@type\":\"ListItem\",\"position\":3,\"name\":\"1&#215;13 Introducci\u00f3n al Copywriting: El Arte de persuadir con las Palabras\"}]},{\"@type\":\"WebSite\",\"@id\":\"https:\/\/www.inesem.es\/territorio-inesem\/#website\",\"url\":\"https:\/\/www.inesem.es\/territorio-inesem\/\",\"name\":\"Territorio INESEM\",\"description\":\"Webinars y podcast\",\"potentialAction\":[{\"@type\":\"SearchAction\",\"target\":{\"@type\":\"EntryPoint\",\"urlTemplate\":\"https:\/\/www.inesem.es\/territorio-inesem\/?s={search_term_string}\"},\"query-input\":{\"@type\":\"PropertyValueSpecification\",\"valueRequired\":true,\"valueName\":\"search_term_string\"}}],\"inLanguage\":\"es\"}]}<\/script>\n<!-- \/ Yoast SEO plugin. -->","yoast_head_json":{"title":"1x13 Introducci\u00f3n al Copywriting: El Arte de persuadir con las Palabras - Territorio INESEM","description":"Descubre el nuevo contenido en abierto sobre introducci\u00f3n al copywriting: el arte de persuadir con las palabras de mano de Elena Tur S\u00e1nchez.","robots":{"index":"index","follow":"follow","max-snippet":"max-snippet:-1","max-image-preview":"max-image-preview:large","max-video-preview":"max-video-preview:-1"},"canonical":"https:\/\/www.inesem.es\/territorio-inesem\/webinars-podcast\/introduccion-al-copywriting-el-arte-de-persuadir-con-las-palabras\/","og_locale":"es_ES","og_type":"article","og_title":"1x13 Introducci\u00f3n al Copywriting: El Arte de persuadir con las Palabras - Territorio INESEM","og_description":"Descubre el nuevo contenido en abierto sobre introducci\u00f3n al copywriting: el arte de persuadir con las palabras de mano de Elena Tur S\u00e1nchez.","og_url":"https:\/\/www.inesem.es\/territorio-inesem\/webinars-podcast\/introduccion-al-copywriting-el-arte-de-persuadir-con-las-palabras\/","og_site_name":"Territorio INESEM","article_publisher":"https:\/\/www.facebook.com\/InesemBusinessSchool","article_modified_time":"2025-06-02T07:39:58+00:00","og_image":[{"width":1000,"height":1000,"url":"https:\/\/www.inesem.es\/territorio-inesem\/wp-content\/uploads\/2023\/10\/web-Elena-Tur-Sanchez.webp","type":"image\/webp"}],"twitter_card":"summary_large_image","twitter_site":"@inesem","twitter_misc":{"Tiempo de lectura":"2 minutos"},"schema":{"@context":"https:\/\/schema.org","@graph":[{"@type":"WebPage","@id":"https:\/\/www.inesem.es\/territorio-inesem\/webinars-podcast\/introduccion-al-copywriting-el-arte-de-persuadir-con-las-palabras\/","url":"https:\/\/www.inesem.es\/territorio-inesem\/webinars-podcast\/introduccion-al-copywriting-el-arte-de-persuadir-con-las-palabras\/","name":"1x13 Introducci\u00f3n al Copywriting: El Arte de persuadir con las Palabras - Territorio INESEM","isPartOf":{"@id":"https:\/\/www.inesem.es\/territorio-inesem\/#website"},"primaryImageOfPage":{"@id":"https:\/\/www.inesem.es\/territorio-inesem\/webinars-podcast\/introduccion-al-copywriting-el-arte-de-persuadir-con-las-palabras\/#primaryimage"},"image":{"@id":"https:\/\/www.inesem.es\/territorio-inesem\/webinars-podcast\/introduccion-al-copywriting-el-arte-de-persuadir-con-las-palabras\/#primaryimage"},"thumbnailUrl":"https:\/\/www.inesem.es\/territorio-inesem\/wp-content\/uploads\/2023\/10\/web-Elena-Tur-Sanchez.webp","datePublished":"2023-11-03T12:55:47+00:00","dateModified":"2025-06-02T07:39:58+00:00","description":"Descubre el nuevo contenido en abierto sobre introducci\u00f3n al copywriting: el arte de persuadir con las palabras de mano de Elena Tur S\u00e1nchez.","breadcrumb":{"@id":"https:\/\/www.inesem.es\/territorio-inesem\/webinars-podcast\/introduccion-al-copywriting-el-arte-de-persuadir-con-las-palabras\/#breadcrumb"},"inLanguage":"es","potentialAction":[{"@type":"ReadAction","target":["https:\/\/www.inesem.es\/territorio-inesem\/webinars-podcast\/introduccion-al-copywriting-el-arte-de-persuadir-con-las-palabras\/"]}]},{"@type":"ImageObject","inLanguage":"es","@id":"https:\/\/www.inesem.es\/territorio-inesem\/webinars-podcast\/introduccion-al-copywriting-el-arte-de-persuadir-con-las-palabras\/#primaryimage","url":"https:\/\/www.inesem.es\/territorio-inesem\/wp-content\/uploads\/2023\/10\/web-Elena-Tur-Sanchez.webp","contentUrl":"https:\/\/www.inesem.es\/territorio-inesem\/wp-content\/uploads\/2023\/10\/web-Elena-Tur-Sanchez.webp","width":1000,"height":1000},{"@type":"BreadcrumbList","@id":"https:\/\/www.inesem.es\/territorio-inesem\/webinars-podcast\/introduccion-al-copywriting-el-arte-de-persuadir-con-las-palabras\/#breadcrumb","itemListElement":[{"@type":"ListItem","position":1,"name":"Portada","item":"https:\/\/www.inesem.es\/territorio-inesem\/"},{"@type":"ListItem","position":2,"name":"Tienda","item":"https:\/\/www.inesem.es\/territorio-inesem\/tienda"},{"@type":"ListItem","position":3,"name":"1&#215;13 Introducci\u00f3n al Copywriting: El Arte de persuadir con las Palabras"}]},{"@type":"WebSite","@id":"https:\/\/www.inesem.es\/territorio-inesem\/#website","url":"https:\/\/www.inesem.es\/territorio-inesem\/","name":"Territorio INESEM","description":"Webinars y podcast","potentialAction":[{"@type":"SearchAction","target":{"@type":"EntryPoint","urlTemplate":"https:\/\/www.inesem.es\/territorio-inesem\/?s={search_term_string}"},"query-input":{"@type":"PropertyValueSpecification","valueRequired":true,"valueName":"search_term_string"}}],"inLanguage":"es"}]}},"_links":{"self":[{"href":"https:\/\/www.inesem.es\/territorio-inesem\/wp-json\/wp\/v2\/product\/1102","targetHints":{"allow":["GET"]}}],"collection":[{"href":"https:\/\/www.inesem.es\/territorio-inesem\/wp-json\/wp\/v2\/product"}],"about":[{"href":"https:\/\/www.inesem.es\/territorio-inesem\/wp-json\/wp\/v2\/types\/product"}],"replies":[{"embeddable":true,"href":"https:\/\/www.inesem.es\/territorio-inesem\/wp-json\/wp\/v2\/comments?post=1102"}],"wp:featuredmedia":[{"embeddable":true,"href":"https:\/\/www.inesem.es\/territorio-inesem\/wp-json\/wp\/v2\/media\/1358"}],"wp:attachment":[{"href":"https:\/\/www.inesem.es\/territorio-inesem\/wp-json\/wp\/v2\/media?parent=1102"}],"wp:term":[{"taxonomy":"product_brand","embeddable":true,"href":"https:\/\/www.inesem.es\/territorio-inesem\/wp-json\/wp\/v2\/product_brand?post=1102"},{"taxonomy":"product_cat","embeddable":true,"href":"https:\/\/www.inesem.es\/territorio-inesem\/wp-json\/wp\/v2\/product_cat?post=1102"},{"taxonomy":"product_tag","embeddable":true,"href":"https:\/\/www.inesem.es\/territorio-inesem\/wp-json\/wp\/v2\/product_tag?post=1102"}],"curies":[{"name":"wp","href":"https:\/\/api.w.org\/{rel}","templated":true}]}}