{"id":1209,"date":"2023-12-14T13:49:12","date_gmt":"2023-12-14T12:49:12","guid":{"rendered":"https:\/\/www.inesem.es\/territorio-inesem\/?post_type=product&#038;p=1209"},"modified":"2025-06-02T09:36:07","modified_gmt":"2025-06-02T07:36:07","slug":"se-puede-ser-feliz-en-el-trabajo","status":"publish","type":"product","link":"https:\/\/www.inesem.es\/territorio-inesem\/webinars-podcast\/se-puede-ser-feliz-en-el-trabajo","title":{"rendered":"1&#215;19 \u00bfSe puede ser feliz en el trabajo?"},"content":{"rendered":"<h2><strong>\u00bfQu\u00e9 aprender\u00e1s en este seminario?<\/strong><\/h2>\n<p><span class=\"TextRun SCXW60366883 BCX8\" lang=\"ES-ES\" xml:lang=\"ES-ES\" data-contrast=\"auto\"><span class=\"NormalTextRun SCXW60366883 BCX8\">El tiempo es uno de nuestros bienes m\u00e1<\/span><span class=\"NormalTextRun SCXW60366883 BCX8\">s preciados<\/span><span class=\"NormalTextRun SCXW60366883 BCX8\">. La vida pasa y pasa muy r\u00e1pido. El objetivo de cualquier persona, sea consciente o no, es aprovecharla al m\u00e1ximo con la mejor de las actitudes.<\/span><span class=\"NormalTextRun SCXW60366883 BCX8\"> Una de las realidades de la<\/span><span class=\"NormalTextRun SCXW60366883 BCX8\"> vida es qu<\/span><span class=\"NormalTextRun SCXW60366883 BCX8\">e la mayor\u00eda de <\/span><span class=\"NormalTextRun ContextualSpellingAndGrammarErrorV2Themed SCXW60366883 BCX8\">personas<\/span><span class=\"NormalTextRun SCXW60366883 BCX8\"> pasa<\/span><span class=\"NormalTextRun SCXW60366883 BCX8\"> m\u00e1s del 70% de <\/span><span class=\"NormalTextRun SCXW60366883 BCX8\">sus horas en el entorno laboral<\/span><span class=\"NormalTextRun SCXW60366883 BCX8\">.<\/span><span class=\"NormalTextRun SCXW60366883 BCX8\">\u00a0 <\/span><span class=\"NormalTextRun SCXW60366883 BCX8\">Por lo tanto, <\/span><span class=\"NormalTextRun SCXW60366883 BCX8\">aplicar el mejor de los sentimientos como es el de la felicidad deber\u00eda ser posible\u2026 y, sin duda, lo es. Ser feliz en el trabajo es una cuesti\u00f3n de actitud, pero<\/span> <span class=\"NormalTextRun SCXW60366883 BCX8\">p<\/span><span class=\"NormalTextRun SCXW60366883 BCX8\">or desgracia,<\/span><span class=\"NormalTextRun SCXW60366883 BCX8\"> no todas las personas disponen de las herramientas, metodolog\u00edas, ni <\/span><span class=\"NormalTextRun SCXW60366883 BCX8\">ha sabido generar<\/span><span class=\"NormalTextRun SCXW60366883 BCX8\"> h\u00e1bitos<\/span><span class=\"NormalTextRun SCXW60366883 BCX8\"> positivos<\/span><span class=\"NormalTextRun SCXW60366883 BCX8\"> para poder llegar a <\/span><span class=\"NormalTextRun SCXW60366883 BCX8\">alcanzar ese estado de \u00e1nimo.<\/span><\/span><span class=\"EOP SCXW60366883 BCX8\" data-ccp-props=\"{&quot;201341983&quot;:0,&quot;335551550&quot;:6,&quot;335551620&quot;:6,&quot;335559739&quot;:160,&quot;335559740&quot;:360}\">\u00a0<\/span><\/p>\n<p>&nbsp;<\/p>\n<h2><strong>Objetivos:<\/strong><\/h2>\n<ul>\n<li data-leveltext=\"\uf0b7\" data-font=\"Symbol\" data-listid=\"1\" data-list-defn-props=\"{&quot;335552541&quot;:1,&quot;335559684&quot;:-2,&quot;335559685&quot;:720,&quot;335559991&quot;:360,&quot;469769226&quot;:&quot;Symbol&quot;,&quot;469769242&quot;:[8226],&quot;469777803&quot;:&quot;left&quot;,&quot;469777804&quot;:&quot;\uf0b7&quot;,&quot;469777815&quot;:&quot;hybridMultilevel&quot;}\" aria-setsize=\"-1\" data-aria-posinset=\"1\" data-aria-level=\"1\"><span data-contrast=\"auto\"><span data-ccp-charstyle=\"ui-provider\" data-ccp-charstyle-defn=\"{&quot;ObjectId&quot;:&quot;e15481b8-ad9b-47cc-8a14-267469282d4d|16&quot;,&quot;ClassId&quot;:1073872969,&quot;Properties&quot;:[469775450,&quot;ui-provider&quot;,201340122,&quot;1&quot;,134233614,&quot;true&quot;,469778129,&quot;ui-provider&quot;,335572020,&quot;1&quot;,469778324,&quot;Default Paragraph Font&quot;]}\">Definir el concepto \u201cfelicidad laboral\u201d y desgranarlo en diferentes bienestares.<\/span><\/span><span data-ccp-props=\"{&quot;201341983&quot;:0,&quot;335559739&quot;:160,&quot;335559740&quot;:360}\">\u00a0<\/span><\/li>\n<li data-leveltext=\"\uf0b7\" data-font=\"Symbol\" data-listid=\"1\" data-list-defn-props=\"{&quot;335552541&quot;:1,&quot;335559684&quot;:-2,&quot;335559685&quot;:720,&quot;335559991&quot;:360,&quot;469769226&quot;:&quot;Symbol&quot;,&quot;469769242&quot;:[8226],&quot;469777803&quot;:&quot;left&quot;,&quot;469777804&quot;:&quot;\uf0b7&quot;,&quot;469777815&quot;:&quot;hybridMultilevel&quot;}\" aria-setsize=\"-1\" data-aria-posinset=\"2\" data-aria-level=\"1\"><span data-contrast=\"auto\">Concienciar sobre los responsables de nuestra felicidad en el trabajo.<\/span><span data-ccp-props=\"{&quot;201341983&quot;:0,&quot;335559739&quot;:160,&quot;335559740&quot;:360}\">\u00a0<\/span><\/li>\n<li data-leveltext=\"\uf0b7\" data-font=\"Symbol\" data-listid=\"1\" data-list-defn-props=\"{&quot;335552541&quot;:1,&quot;335559684&quot;:-2,&quot;335559685&quot;:720,&quot;335559991&quot;:360,&quot;469769226&quot;:&quot;Symbol&quot;,&quot;469769242&quot;:[8226],&quot;469777803&quot;:&quot;left&quot;,&quot;469777804&quot;:&quot;\uf0b7&quot;,&quot;469777815&quot;:&quot;hybridMultilevel&quot;}\" aria-setsize=\"-1\" data-aria-posinset=\"3\" data-aria-level=\"1\"><span data-contrast=\"auto\"><span data-ccp-charstyle=\"ui-provider\">Listar y explicar de los aspectos clave para estar a gusto en el trabajo.<\/span><span data-ccp-charstyle=\"ui-provider\">\u00a0<\/span><\/span><span data-ccp-props=\"{&quot;201341983&quot;:0,&quot;335559739&quot;:160,&quot;335559740&quot;:360}\">\u00a0<\/span><\/li>\n<li data-leveltext=\"\uf0b7\" data-font=\"Symbol\" data-listid=\"1\" data-list-defn-props=\"{&quot;335552541&quot;:1,&quot;335559684&quot;:-2,&quot;335559685&quot;:720,&quot;335559991&quot;:360,&quot;469769226&quot;:&quot;Symbol&quot;,&quot;469769242&quot;:[8226],&quot;469777803&quot;:&quot;left&quot;,&quot;469777804&quot;:&quot;\uf0b7&quot;,&quot;469777815&quot;:&quot;hybridMultilevel&quot;}\" aria-setsize=\"-1\" data-aria-posinset=\"4\" data-aria-level=\"1\"><span data-contrast=\"auto\"><span data-ccp-charstyle=\"ui-provider\">Destacar la importancia de los datos para la mejora del bienestar organizacional.<\/span><\/span><span data-ccp-props=\"{&quot;201341983&quot;:0,&quot;335559739&quot;:160,&quot;335559740&quot;:360}\">\u00a0<\/span><\/li>\n<li data-leveltext=\"\uf0b7\" data-font=\"Symbol\" data-listid=\"1\" data-list-defn-props=\"{&quot;335552541&quot;:1,&quot;335559684&quot;:-2,&quot;335559685&quot;:720,&quot;335559991&quot;:360,&quot;469769226&quot;:&quot;Symbol&quot;,&quot;469769242&quot;:[8226],&quot;469777803&quot;:&quot;left&quot;,&quot;469777804&quot;:&quot;\uf0b7&quot;,&quot;469777815&quot;:&quot;hybridMultilevel&quot;}\" aria-setsize=\"-1\" data-aria-posinset=\"5\" data-aria-level=\"1\"><span data-contrast=\"auto\"><span data-ccp-charstyle=\"ui-provider\">Tomar conciencia de<\/span><span data-ccp-charstyle=\"ui-provider\"> la alineaci\u00f3n entre el<\/span><span data-ccp-charstyle=\"ui-provider\"> prop\u00f3sito personal<\/span><span data-ccp-charstyle=\"ui-provider\"> vs.<\/span> <span data-ccp-charstyle=\"ui-provider\">prop\u00f3sito profesional.<\/span><\/span><span data-ccp-props=\"{&quot;201341983&quot;:0,&quot;335559739&quot;:160,&quot;335559740&quot;:360}\">\u00a0<\/span><\/li>\n<\/ul>\n<p>&nbsp;<\/p>\n<h2><strong>\u00bfA qui\u00e9n va dirigido?<\/strong><\/h2>\n<p><span class=\"TextRun SCXW60630037 BCX8\" lang=\"ES-ES\" xml:lang=\"ES-ES\" data-contrast=\"auto\"><span class=\"NormalTextRun SCXW60630037 BCX8\" data-ccp-charstyle=\"ui-provider\" data-ccp-charstyle-defn=\"{&quot;ObjectId&quot;:&quot;e15481b8-ad9b-47cc-8a14-267469282d4d|16&quot;,&quot;ClassId&quot;:1073872969,&quot;Properties&quot;:[469775450,&quot;ui-provider&quot;,201340122,&quot;1&quot;,134233614,&quot;true&quot;,469778129,&quot;ui-provider&quot;,335572020,&quot;1&quot;,469778324,&quot;Default Paragraph Font&quot;]}\">A t<\/span><span class=\"NormalTextRun SCXW60630037 BCX8\" data-ccp-charstyle=\"ui-provider\">odas aquellas personas que est\u00e9n<\/span><span class=\"NormalTextRun SCXW60630037 BCX8\" data-ccp-charstyle=\"ui-provider\"> interesadas en incrementar su felicidad en un entorno tan exigente, h\u00edper-competitivo y cambiante como<\/span><span class=\"NormalTextRun SCXW60630037 BCX8\" data-ccp-charstyle=\"ui-provider\"> el laboral.\u00a0<\/span><\/span><span class=\"EOP SCXW60630037 BCX8\" data-ccp-props=\"{&quot;201341983&quot;:0,&quot;335559739&quot;:160,&quot;335559740&quot;:360}\">\u00a0<\/span><\/p>\n","protected":false},"excerpt":{"rendered":"<p>\u00bfQu\u00e9 aprender\u00e1s en este seminario? El tiempo es uno de nuestros bienes m\u00e1s preciados. La vida pasa y pasa muy r\u00e1pido. El objetivo de cualquier persona, sea consciente o no, es aprovecharla al m\u00e1ximo con la mejor de las actitudes. Una de las realidades de la vida es que la mayor\u00eda de personas pasa m\u00e1s [&hellip;]<\/p>\n","protected":false},"featured_media":1366,"comment_status":"open","ping_status":"closed","template":"","meta":{"_acf_changed":false,"site-sidebar-layout":"default","site-content-layout":"default","ast-site-content-layout":"default","site-content-style":"default","site-sidebar-style":"default","ast-global-header-display":"","ast-banner-title-visibility":"","ast-main-header-display":"","ast-hfb-above-header-display":"","ast-hfb-below-header-display":"","ast-hfb-mobile-header-display":"","site-post-title":"","ast-breadcrumbs-content":"","ast-featured-img":"","footer-sml-layout":"","theme-transparent-header-meta":"default","adv-header-id-meta":"","stick-header-meta":"","header-above-stick-meta":"","header-main-stick-meta":"","header-below-stick-meta":"","astra-migrate-meta-layouts":"set","ast-page-background-enabled":"default","ast-page-background-meta":{"desktop":{"background-color":"var(--ast-global-color-4)","background-image":"","background-repeat":"repeat","background-position":"center center","background-size":"auto","background-attachment":"scroll","background-type":"","background-media":"","overlay-type":"","overlay-color":"","overlay-opacity":"","overlay-gradient":""},"tablet":{"background-color":"","background-image":"","background-repeat":"repeat","background-position":"center center","background-size":"auto","background-attachment":"scroll","background-type":"","background-media":"","overlay-type":"","overlay-color":"","overlay-opacity":"","overlay-gradient":""},"mobile":{"background-color":"","background-image":"","background-repeat":"repeat","background-position":"center center","background-size":"auto","background-attachment":"scroll","background-type":"","background-media":"","overlay-type":"","overlay-color":"","overlay-opacity":"","overlay-gradient":""}},"ast-content-background-meta":{"desktop":{"background-color":"var(--ast-global-color-5)","background-image":"","background-repeat":"repeat","background-position":"center center","background-size":"auto","background-attachment":"scroll","background-type":"","background-media":"","overlay-type":"","overlay-color":"","overlay-opacity":"","overlay-gradient":""},"tablet":{"background-color":"var(--ast-global-color-5)","background-image":"","background-repeat":"repeat","background-position":"center center","background-size":"auto","background-attachment":"scroll","background-type":"","background-media":"","overlay-type":"","overlay-color":"","overlay-opacity":"","overlay-gradient":""},"mobile":{"background-color":"var(--ast-global-color-5)","background-image":"","background-repeat":"repeat","background-position":"center center","background-size":"auto","background-attachment":"scroll","background-type":"","background-media":"","overlay-type":"","overlay-color":"","overlay-opacity":"","overlay-gradient":""}}},"product_brand":[],"product_cat":[30],"product_tag":[],"class_list":{"0":"post-1209","1":"product","2":"type-product","3":"status-publish","4":"has-post-thumbnail","6":"product_cat-pasados","7":"desktop-align-center","8":"tablet-align-left","9":"mobile-align-left","11":"first","12":"instock","13":"downloadable","14":"virtual","15":"sold-individually","16":"purchasable","17":"product-type-webinar"},"acf":[],"yoast_head":"<!-- This site is optimized with the Yoast SEO plugin v24.3 - https:\/\/yoast.com\/wordpress\/plugins\/seo\/ -->\n<title>1x19 \u00bfSe puede ser feliz en el trabajo? - Territorio INESEM<\/title>\n<meta name=\"description\" content=\"Descubre el nuevo contenido en abierto sobre c\u00f3mo ser feliz en el trabajo de mano de Eduard Alcaraz.\" \/>\n<meta name=\"robots\" content=\"index, follow, max-snippet:-1, max-image-preview:large, max-video-preview:-1\" \/>\n<link rel=\"canonical\" href=\"https:\/\/www.inesem.es\/territorio-inesem\/webinars-podcast\/se-puede-ser-feliz-en-el-trabajo\/\" \/>\n<meta property=\"og:locale\" content=\"es_ES\" \/>\n<meta property=\"og:type\" content=\"article\" \/>\n<meta property=\"og:title\" content=\"1x19 \u00bfSe puede ser feliz en el trabajo? - Territorio INESEM\" \/>\n<meta property=\"og:description\" content=\"Descubre el nuevo contenido en abierto sobre c\u00f3mo ser feliz en el trabajo de mano de Eduard Alcaraz.\" \/>\n<meta property=\"og:url\" content=\"https:\/\/www.inesem.es\/territorio-inesem\/webinars-podcast\/se-puede-ser-feliz-en-el-trabajo\/\" \/>\n<meta property=\"og:site_name\" content=\"Territorio INESEM\" \/>\n<meta property=\"article:publisher\" content=\"https:\/\/www.facebook.com\/InesemBusinessSchool\" \/>\n<meta property=\"article:modified_time\" content=\"2025-06-02T07:36:07+00:00\" \/>\n<meta property=\"og:image\" content=\"https:\/\/www.inesem.es\/territorio-inesem\/wp-content\/uploads\/2023\/12\/web-Eduard-Alcaraz.webp\" \/>\n\t<meta property=\"og:image:width\" content=\"1000\" \/>\n\t<meta property=\"og:image:height\" content=\"1000\" \/>\n\t<meta property=\"og:image:type\" content=\"image\/webp\" \/>\n<meta name=\"twitter:card\" content=\"summary_large_image\" \/>\n<meta name=\"twitter:site\" content=\"@inesem\" \/>\n<meta name=\"twitter:label1\" content=\"Tiempo de lectura\" \/>\n\t<meta name=\"twitter:data1\" content=\"2 minutos\" \/>\n<script type=\"application\/ld+json\" class=\"yoast-schema-graph\">{\"@context\":\"https:\/\/schema.org\",\"@graph\":[{\"@type\":\"WebPage\",\"@id\":\"https:\/\/www.inesem.es\/territorio-inesem\/webinars-podcast\/se-puede-ser-feliz-en-el-trabajo\/\",\"url\":\"https:\/\/www.inesem.es\/territorio-inesem\/webinars-podcast\/se-puede-ser-feliz-en-el-trabajo\/\",\"name\":\"1x19 \u00bfSe puede ser feliz en el trabajo? - Territorio INESEM\",\"isPartOf\":{\"@id\":\"https:\/\/www.inesem.es\/territorio-inesem\/#website\"},\"primaryImageOfPage\":{\"@id\":\"https:\/\/www.inesem.es\/territorio-inesem\/webinars-podcast\/se-puede-ser-feliz-en-el-trabajo\/#primaryimage\"},\"image\":{\"@id\":\"https:\/\/www.inesem.es\/territorio-inesem\/webinars-podcast\/se-puede-ser-feliz-en-el-trabajo\/#primaryimage\"},\"thumbnailUrl\":\"https:\/\/www.inesem.es\/territorio-inesem\/wp-content\/uploads\/2023\/12\/web-Eduard-Alcaraz.webp\",\"datePublished\":\"2023-12-14T12:49:12+00:00\",\"dateModified\":\"2025-06-02T07:36:07+00:00\",\"description\":\"Descubre el nuevo contenido en abierto sobre c\u00f3mo ser feliz en el trabajo de mano de Eduard Alcaraz.\",\"breadcrumb\":{\"@id\":\"https:\/\/www.inesem.es\/territorio-inesem\/webinars-podcast\/se-puede-ser-feliz-en-el-trabajo\/#breadcrumb\"},\"inLanguage\":\"es\",\"potentialAction\":[{\"@type\":\"ReadAction\",\"target\":[\"https:\/\/www.inesem.es\/territorio-inesem\/webinars-podcast\/se-puede-ser-feliz-en-el-trabajo\/\"]}]},{\"@type\":\"ImageObject\",\"inLanguage\":\"es\",\"@id\":\"https:\/\/www.inesem.es\/territorio-inesem\/webinars-podcast\/se-puede-ser-feliz-en-el-trabajo\/#primaryimage\",\"url\":\"https:\/\/www.inesem.es\/territorio-inesem\/wp-content\/uploads\/2023\/12\/web-Eduard-Alcaraz.webp\",\"contentUrl\":\"https:\/\/www.inesem.es\/territorio-inesem\/wp-content\/uploads\/2023\/12\/web-Eduard-Alcaraz.webp\",\"width\":1000,\"height\":1000},{\"@type\":\"BreadcrumbList\",\"@id\":\"https:\/\/www.inesem.es\/territorio-inesem\/webinars-podcast\/se-puede-ser-feliz-en-el-trabajo\/#breadcrumb\",\"itemListElement\":[{\"@type\":\"ListItem\",\"position\":1,\"name\":\"Portada\",\"item\":\"https:\/\/www.inesem.es\/territorio-inesem\/\"},{\"@type\":\"ListItem\",\"position\":2,\"name\":\"Tienda\",\"item\":\"https:\/\/www.inesem.es\/territorio-inesem\/tienda\"},{\"@type\":\"ListItem\",\"position\":3,\"name\":\"1&#215;19 \u00bfSe puede ser feliz en el trabajo?\"}]},{\"@type\":\"WebSite\",\"@id\":\"https:\/\/www.inesem.es\/territorio-inesem\/#website\",\"url\":\"https:\/\/www.inesem.es\/territorio-inesem\/\",\"name\":\"Territorio INESEM\",\"description\":\"Webinars y podcast\",\"potentialAction\":[{\"@type\":\"SearchAction\",\"target\":{\"@type\":\"EntryPoint\",\"urlTemplate\":\"https:\/\/www.inesem.es\/territorio-inesem\/?s={search_term_string}\"},\"query-input\":{\"@type\":\"PropertyValueSpecification\",\"valueRequired\":true,\"valueName\":\"search_term_string\"}}],\"inLanguage\":\"es\"}]}<\/script>\n<!-- \/ Yoast SEO plugin. -->","yoast_head_json":{"title":"1x19 \u00bfSe puede ser feliz en el trabajo? - Territorio INESEM","description":"Descubre el nuevo contenido en abierto sobre c\u00f3mo ser feliz en el trabajo de mano de Eduard Alcaraz.","robots":{"index":"index","follow":"follow","max-snippet":"max-snippet:-1","max-image-preview":"max-image-preview:large","max-video-preview":"max-video-preview:-1"},"canonical":"https:\/\/www.inesem.es\/territorio-inesem\/webinars-podcast\/se-puede-ser-feliz-en-el-trabajo\/","og_locale":"es_ES","og_type":"article","og_title":"1x19 \u00bfSe puede ser feliz en el trabajo? - Territorio INESEM","og_description":"Descubre el nuevo contenido en abierto sobre c\u00f3mo ser feliz en el trabajo de mano de Eduard Alcaraz.","og_url":"https:\/\/www.inesem.es\/territorio-inesem\/webinars-podcast\/se-puede-ser-feliz-en-el-trabajo\/","og_site_name":"Territorio INESEM","article_publisher":"https:\/\/www.facebook.com\/InesemBusinessSchool","article_modified_time":"2025-06-02T07:36:07+00:00","og_image":[{"width":1000,"height":1000,"url":"https:\/\/www.inesem.es\/territorio-inesem\/wp-content\/uploads\/2023\/12\/web-Eduard-Alcaraz.webp","type":"image\/webp"}],"twitter_card":"summary_large_image","twitter_site":"@inesem","twitter_misc":{"Tiempo de lectura":"2 minutos"},"schema":{"@context":"https:\/\/schema.org","@graph":[{"@type":"WebPage","@id":"https:\/\/www.inesem.es\/territorio-inesem\/webinars-podcast\/se-puede-ser-feliz-en-el-trabajo\/","url":"https:\/\/www.inesem.es\/territorio-inesem\/webinars-podcast\/se-puede-ser-feliz-en-el-trabajo\/","name":"1x19 \u00bfSe puede ser feliz en el trabajo? - Territorio INESEM","isPartOf":{"@id":"https:\/\/www.inesem.es\/territorio-inesem\/#website"},"primaryImageOfPage":{"@id":"https:\/\/www.inesem.es\/territorio-inesem\/webinars-podcast\/se-puede-ser-feliz-en-el-trabajo\/#primaryimage"},"image":{"@id":"https:\/\/www.inesem.es\/territorio-inesem\/webinars-podcast\/se-puede-ser-feliz-en-el-trabajo\/#primaryimage"},"thumbnailUrl":"https:\/\/www.inesem.es\/territorio-inesem\/wp-content\/uploads\/2023\/12\/web-Eduard-Alcaraz.webp","datePublished":"2023-12-14T12:49:12+00:00","dateModified":"2025-06-02T07:36:07+00:00","description":"Descubre el nuevo contenido en abierto sobre c\u00f3mo ser feliz en el trabajo de mano de Eduard Alcaraz.","breadcrumb":{"@id":"https:\/\/www.inesem.es\/territorio-inesem\/webinars-podcast\/se-puede-ser-feliz-en-el-trabajo\/#breadcrumb"},"inLanguage":"es","potentialAction":[{"@type":"ReadAction","target":["https:\/\/www.inesem.es\/territorio-inesem\/webinars-podcast\/se-puede-ser-feliz-en-el-trabajo\/"]}]},{"@type":"ImageObject","inLanguage":"es","@id":"https:\/\/www.inesem.es\/territorio-inesem\/webinars-podcast\/se-puede-ser-feliz-en-el-trabajo\/#primaryimage","url":"https:\/\/www.inesem.es\/territorio-inesem\/wp-content\/uploads\/2023\/12\/web-Eduard-Alcaraz.webp","contentUrl":"https:\/\/www.inesem.es\/territorio-inesem\/wp-content\/uploads\/2023\/12\/web-Eduard-Alcaraz.webp","width":1000,"height":1000},{"@type":"BreadcrumbList","@id":"https:\/\/www.inesem.es\/territorio-inesem\/webinars-podcast\/se-puede-ser-feliz-en-el-trabajo\/#breadcrumb","itemListElement":[{"@type":"ListItem","position":1,"name":"Portada","item":"https:\/\/www.inesem.es\/territorio-inesem\/"},{"@type":"ListItem","position":2,"name":"Tienda","item":"https:\/\/www.inesem.es\/territorio-inesem\/tienda"},{"@type":"ListItem","position":3,"name":"1&#215;19 \u00bfSe puede ser feliz en el trabajo?"}]},{"@type":"WebSite","@id":"https:\/\/www.inesem.es\/territorio-inesem\/#website","url":"https:\/\/www.inesem.es\/territorio-inesem\/","name":"Territorio INESEM","description":"Webinars y podcast","potentialAction":[{"@type":"SearchAction","target":{"@type":"EntryPoint","urlTemplate":"https:\/\/www.inesem.es\/territorio-inesem\/?s={search_term_string}"},"query-input":{"@type":"PropertyValueSpecification","valueRequired":true,"valueName":"search_term_string"}}],"inLanguage":"es"}]}},"_links":{"self":[{"href":"https:\/\/www.inesem.es\/territorio-inesem\/wp-json\/wp\/v2\/product\/1209","targetHints":{"allow":["GET"]}}],"collection":[{"href":"https:\/\/www.inesem.es\/territorio-inesem\/wp-json\/wp\/v2\/product"}],"about":[{"href":"https:\/\/www.inesem.es\/territorio-inesem\/wp-json\/wp\/v2\/types\/product"}],"replies":[{"embeddable":true,"href":"https:\/\/www.inesem.es\/territorio-inesem\/wp-json\/wp\/v2\/comments?post=1209"}],"wp:featuredmedia":[{"embeddable":true,"href":"https:\/\/www.inesem.es\/territorio-inesem\/wp-json\/wp\/v2\/media\/1366"}],"wp:attachment":[{"href":"https:\/\/www.inesem.es\/territorio-inesem\/wp-json\/wp\/v2\/media?parent=1209"}],"wp:term":[{"taxonomy":"product_brand","embeddable":true,"href":"https:\/\/www.inesem.es\/territorio-inesem\/wp-json\/wp\/v2\/product_brand?post=1209"},{"taxonomy":"product_cat","embeddable":true,"href":"https:\/\/www.inesem.es\/territorio-inesem\/wp-json\/wp\/v2\/product_cat?post=1209"},{"taxonomy":"product_tag","embeddable":true,"href":"https:\/\/www.inesem.es\/territorio-inesem\/wp-json\/wp\/v2\/product_tag?post=1209"}],"curies":[{"name":"wp","href":"https:\/\/api.w.org\/{rel}","templated":true}]}}