{"id":1687,"date":"2024-04-29T09:44:54","date_gmt":"2024-04-29T07:44:54","guid":{"rendered":"https:\/\/www.inesem.es\/territorio-inesem\/?post_type=product&#038;p=1687"},"modified":"2025-06-02T09:27:43","modified_gmt":"2025-06-02T07:27:43","slug":"crecimiento-empresarial-en-entornos-de-incertidumbre","status":"publish","type":"product","link":"https:\/\/www.inesem.es\/territorio-inesem\/webinars-podcast\/crecimiento-empresarial-en-entornos-de-incertidumbre","title":{"rendered":"1&#215;35 Crecimiento Empresarial en Entornos de Incertidumbre"},"content":{"rendered":"<h2><strong>\u00bfQu\u00e9 aprender\u00e1s en este seminario?<\/strong><\/h2>\n<p><span class=\"TextRun Highlight SCXW140941657 BCX8\" lang=\"ES-ES\" xml:lang=\"ES-ES\" data-contrast=\"none\"><span class=\"NormalTextRun SCXW140941657 BCX8\">Esta jornada formativa est\u00e1 dise\u00f1ada para equipar a los participantes con las herramientas, conocimientos y t\u00e9cnicas necesarias para prosperar en entornos de incertidumbre econ\u00f3mica y empresarial.<\/span> <span class=\"NormalTextRun SCXW140941657 BCX8\">Esta sesi\u00f3n intensiva abordar\u00e1 desde la identificaci\u00f3n de los elementos que caracterizan a un entorno incierto hasta la aplicaci\u00f3n pr\u00e1ctica de estrategias de crecimiento empresarial<\/span><span class=\"NormalTextRun SCXW140941657 BCX8\">. <\/span><span class=\"NormalTextRun SCXW140941657 BCX8\">Este conocimiento no solo ayudar\u00e1 a los participantes a asegurar la sostenibilidad y el crecimiento de sus negocios, sino tambi\u00e9n a destacar en un mercado global cada vez m\u00e1s competitivo.<\/span><\/span><span class=\"EOP SCXW140941657 BCX8\" data-ccp-props=\"{&quot;201341983&quot;:0,&quot;335559739&quot;:160,&quot;335559740&quot;:360}\">\u00a0<\/span><\/p>\n<p>&nbsp;<\/p>\n<h2><strong>Objetivos:<\/strong><\/h2>\n<ul>\n<li data-leveltext=\"\uf0b7\" data-font=\"Symbol\" data-listid=\"1\" data-list-defn-props=\"{&quot;335552541&quot;:1,&quot;335559685&quot;:720,&quot;335559991&quot;:360,&quot;469769226&quot;:&quot;Symbol&quot;,&quot;469769242&quot;:[8226],&quot;469777803&quot;:&quot;left&quot;,&quot;469777804&quot;:&quot;\uf0b7&quot;,&quot;469777815&quot;:&quot;hybridMultilevel&quot;}\" aria-setsize=\"-1\" data-aria-posinset=\"1\" data-aria-level=\"1\"><span data-contrast=\"none\">Identificar los indicadores de un entorno de incertidumbre y su impacto en el crecimiento empresarial.<\/span><span data-contrast=\"auto\"><span data-ccp-charstyle=\"ui-provider\" data-ccp-charstyle-defn=\"{&quot;ObjectId&quot;:&quot;839dba82-faa9-46ee-9a39-beb735a34257|16&quot;,&quot;ClassId&quot;:1073872969,&quot;Properties&quot;:[201342446,&quot;1&quot;,201342447,&quot;5&quot;,201342448,&quot;1&quot;,201342449,&quot;1&quot;,469777841,&quot;Calibri&quot;,469777842,&quot;&quot;,469777843,&quot;Calibri&quot;,469777844,&quot;Calibri&quot;,201341986,&quot;1&quot;,469769226,&quot;Calibri&quot;,268442635,&quot;22&quot;,335559704,&quot;1025&quot;,335559705,&quot;1033&quot;,335551547,&quot;3082&quot;,335559740,&quot;259&quot;,201341983,&quot;0&quot;,335559739,&quot;160&quot;,469775450,&quot;ui-provider&quot;,201340122,&quot;1&quot;,134233614,&quot;true&quot;,469778129,&quot;ui-provider&quot;,335572020,&quot;1&quot;,469778324,&quot;Default Paragraph Font&quot;]}\">\u00a0<\/span><\/span><span data-ccp-props=\"{&quot;201341983&quot;:0,&quot;335559739&quot;:160,&quot;335559740&quot;:360}\">\u00a0<\/span><\/li>\n<li data-leveltext=\"\uf0b7\" data-font=\"Symbol\" data-listid=\"1\" data-list-defn-props=\"{&quot;335552541&quot;:1,&quot;335559685&quot;:720,&quot;335559991&quot;:360,&quot;469769226&quot;:&quot;Symbol&quot;,&quot;469769242&quot;:[8226],&quot;469777803&quot;:&quot;left&quot;,&quot;469777804&quot;:&quot;\uf0b7&quot;,&quot;469777815&quot;:&quot;hybridMultilevel&quot;}\" aria-setsize=\"-1\" data-aria-posinset=\"2\" data-aria-level=\"1\"><span data-contrast=\"auto\"><span data-ccp-charstyle=\"ui-provider\">Innovar en sus modelos de negocio<\/span><span data-ccp-charstyle=\"ui-provider\">.<\/span><\/span><span data-ccp-props=\"{&quot;201341983&quot;:0,&quot;335559739&quot;:160,&quot;335559740&quot;:360}\">\u00a0<\/span><\/li>\n<li data-leveltext=\"\uf0b7\" data-font=\"Symbol\" data-listid=\"1\" data-list-defn-props=\"{&quot;335552541&quot;:1,&quot;335559685&quot;:720,&quot;335559991&quot;:360,&quot;469769226&quot;:&quot;Symbol&quot;,&quot;469769242&quot;:[8226],&quot;469777803&quot;:&quot;left&quot;,&quot;469777804&quot;:&quot;\uf0b7&quot;,&quot;469777815&quot;:&quot;hybridMultilevel&quot;}\" aria-setsize=\"-1\" data-aria-posinset=\"3\" data-aria-level=\"1\"><span data-contrast=\"none\">Implementar t\u00e9cnicas para aumentar la productividad y rentabilidad por empleado.<\/span><span data-ccp-props=\"{&quot;201341983&quot;:0,&quot;335559739&quot;:160,&quot;335559740&quot;:360}\">\u00a0<\/span><\/li>\n<li data-leveltext=\"\uf0b7\" data-font=\"Symbol\" data-listid=\"1\" data-list-defn-props=\"{&quot;335552541&quot;:1,&quot;335559685&quot;:720,&quot;335559991&quot;:360,&quot;469769226&quot;:&quot;Symbol&quot;,&quot;469769242&quot;:[8226],&quot;469777803&quot;:&quot;left&quot;,&quot;469777804&quot;:&quot;\uf0b7&quot;,&quot;469777815&quot;:&quot;hybridMultilevel&quot;}\" aria-setsize=\"-1\" data-aria-posinset=\"4\" data-aria-level=\"1\"><span data-contrast=\"auto\">Dominar el Social Selling.<\/span><span data-ccp-props=\"{&quot;201341983&quot;:0,&quot;335559739&quot;:160,&quot;335559740&quot;:360}\">\u00a0<\/span><\/li>\n<li data-leveltext=\"\uf0b7\" data-font=\"Symbol\" data-listid=\"1\" data-list-defn-props=\"{&quot;335552541&quot;:1,&quot;335559685&quot;:720,&quot;335559991&quot;:360,&quot;469769226&quot;:&quot;Symbol&quot;,&quot;469769242&quot;:[8226],&quot;469777803&quot;:&quot;left&quot;,&quot;469777804&quot;:&quot;\uf0b7&quot;,&quot;469777815&quot;:&quot;hybridMultilevel&quot;}\" aria-setsize=\"-1\" data-aria-posinset=\"5\" data-aria-level=\"1\"><span data-contrast=\"none\">Entender c\u00f3mo la financiaci\u00f3n y la inversi\u00f3n pueden ser catalizadores de crecimiento y expansi\u00f3n empresarial.<\/span><span data-ccp-props=\"{&quot;201341983&quot;:0,&quot;335559739&quot;:160,&quot;335559740&quot;:360}\">\u00a0<\/span><\/li>\n<\/ul>\n<p>&nbsp;<\/p>\n<h2><strong>\u00bfA qui\u00e9n va dirigido?<\/strong><\/h2>\n<p>A <span class=\"TextRun Highlight SCXW205511792 BCX8\" lang=\"ES-ES\" xml:lang=\"ES-ES\" data-contrast=\"none\"><span class=\"NormalTextRun SCXW205511792 BCX8\">empresarios, emprendedores, directivos y profesionales de cualquier sector que busquen adaptarse, innovar y crecer en medio de la incertidumbre econ\u00f3mica y empresarial. Es especialmente \u00fatil para aquellos que deseen comprender los desaf\u00edos actuales y futuros y c\u00f3mo enfrentarlos con estrategias probadas y enfoques innovadores.<\/span><\/span><span class=\"EOP SCXW205511792 BCX8\" data-ccp-props=\"{&quot;201341983&quot;:0,&quot;335559739&quot;:160,&quot;335559740&quot;:360}\">\u00a0<\/span><\/p>\n","protected":false},"excerpt":{"rendered":"<p>\u00bfQu\u00e9 aprender\u00e1s en este seminario? Esta jornada formativa est\u00e1 dise\u00f1ada para equipar a los participantes con las herramientas, conocimientos y t\u00e9cnicas necesarias para prosperar en entornos de incertidumbre econ\u00f3mica y empresarial. Esta sesi\u00f3n intensiva abordar\u00e1 desde la identificaci\u00f3n de los elementos que caracterizan a un entorno incierto hasta la aplicaci\u00f3n pr\u00e1ctica de estrategias de crecimiento [&hellip;]<\/p>\n","protected":false},"featured_media":1690,"comment_status":"open","ping_status":"closed","template":"","meta":{"_acf_changed":false,"site-sidebar-layout":"default","site-content-layout":"default","ast-site-content-layout":"default","site-content-style":"default","site-sidebar-style":"default","ast-global-header-display":"","ast-banner-title-visibility":"","ast-main-header-display":"","ast-hfb-above-header-display":"","ast-hfb-below-header-display":"","ast-hfb-mobile-header-display":"","site-post-title":"","ast-breadcrumbs-content":"","ast-featured-img":"","footer-sml-layout":"","theme-transparent-header-meta":"default","adv-header-id-meta":"","stick-header-meta":"","header-above-stick-meta":"","header-main-stick-meta":"","header-below-stick-meta":"","astra-migrate-meta-layouts":"set","ast-page-background-enabled":"default","ast-page-background-meta":{"desktop":{"background-color":"var(--ast-global-color-4)","background-image":"","background-repeat":"repeat","background-position":"center center","background-size":"auto","background-attachment":"scroll","background-type":"","background-media":"","overlay-type":"","overlay-color":"","overlay-opacity":"","overlay-gradient":""},"tablet":{"background-color":"","background-image":"","background-repeat":"repeat","background-position":"center center","background-size":"auto","background-attachment":"scroll","background-type":"","background-media":"","overlay-type":"","overlay-color":"","overlay-opacity":"","overlay-gradient":""},"mobile":{"background-color":"","background-image":"","background-repeat":"repeat","background-position":"center center","background-size":"auto","background-attachment":"scroll","background-type":"","background-media":"","overlay-type":"","overlay-color":"","overlay-opacity":"","overlay-gradient":""}},"ast-content-background-meta":{"desktop":{"background-color":"var(--ast-global-color-5)","background-image":"","background-repeat":"repeat","background-position":"center center","background-size":"auto","background-attachment":"scroll","background-type":"","background-media":"","overlay-type":"","overlay-color":"","overlay-opacity":"","overlay-gradient":""},"tablet":{"background-color":"var(--ast-global-color-5)","background-image":"","background-repeat":"repeat","background-position":"center center","background-size":"auto","background-attachment":"scroll","background-type":"","background-media":"","overlay-type":"","overlay-color":"","overlay-opacity":"","overlay-gradient":""},"mobile":{"background-color":"var(--ast-global-color-5)","background-image":"","background-repeat":"repeat","background-position":"center center","background-size":"auto","background-attachment":"scroll","background-type":"","background-media":"","overlay-type":"","overlay-color":"","overlay-opacity":"","overlay-gradient":""}}},"product_brand":[],"product_cat":[30],"product_tag":[],"class_list":{"0":"post-1687","1":"product","2":"type-product","3":"status-publish","4":"has-post-thumbnail","6":"product_cat-pasados","7":"desktop-align-center","8":"tablet-align-left","9":"mobile-align-left","11":"first","12":"instock","13":"downloadable","14":"virtual","15":"sold-individually","16":"purchasable","17":"product-type-webinar"},"acf":[],"yoast_head":"<!-- This site is optimized with the Yoast SEO plugin v24.3 - https:\/\/yoast.com\/wordpress\/plugins\/seo\/ -->\n<title>1x35 Crecimiento Empresarial en Entornos de Incertidumbre - Territorio INESEM<\/title>\n<meta name=\"description\" content=\"Descubre el nuevo contenido en abierto sobre Crecimiento Empresarial en Entornos de Incertidumbre de mano de Jes\u00fas Blanco.\" \/>\n<meta name=\"robots\" content=\"index, follow, max-snippet:-1, max-image-preview:large, max-video-preview:-1\" \/>\n<link rel=\"canonical\" href=\"https:\/\/www.inesem.es\/territorio-inesem\/webinars-podcast\/crecimiento-empresarial-en-entornos-de-incertidumbre\/\" \/>\n<meta property=\"og:locale\" content=\"es_ES\" \/>\n<meta property=\"og:type\" content=\"article\" \/>\n<meta property=\"og:title\" content=\"1x35 Crecimiento Empresarial en Entornos de Incertidumbre - Territorio INESEM\" \/>\n<meta property=\"og:description\" content=\"Descubre el nuevo contenido en abierto sobre Crecimiento Empresarial en Entornos de Incertidumbre de mano de Jes\u00fas Blanco.\" \/>\n<meta property=\"og:url\" content=\"https:\/\/www.inesem.es\/territorio-inesem\/webinars-podcast\/crecimiento-empresarial-en-entornos-de-incertidumbre\/\" \/>\n<meta property=\"og:site_name\" content=\"Territorio INESEM\" \/>\n<meta property=\"article:publisher\" content=\"https:\/\/www.facebook.com\/InesemBusinessSchool\" \/>\n<meta property=\"article:modified_time\" content=\"2025-06-02T07:27:43+00:00\" \/>\n<meta property=\"og:image\" content=\"https:\/\/www.inesem.es\/territorio-inesem\/wp-content\/uploads\/2024\/04\/web-Jesus-Blanco.webp\" \/>\n\t<meta property=\"og:image:width\" content=\"1000\" \/>\n\t<meta property=\"og:image:height\" content=\"1000\" \/>\n\t<meta property=\"og:image:type\" content=\"image\/webp\" \/>\n<meta name=\"twitter:card\" content=\"summary_large_image\" \/>\n<meta name=\"twitter:site\" content=\"@inesem\" \/>\n<meta name=\"twitter:label1\" content=\"Tiempo de lectura\" \/>\n\t<meta name=\"twitter:data1\" content=\"2 minutos\" \/>\n<script type=\"application\/ld+json\" class=\"yoast-schema-graph\">{\"@context\":\"https:\/\/schema.org\",\"@graph\":[{\"@type\":\"WebPage\",\"@id\":\"https:\/\/www.inesem.es\/territorio-inesem\/webinars-podcast\/crecimiento-empresarial-en-entornos-de-incertidumbre\/\",\"url\":\"https:\/\/www.inesem.es\/territorio-inesem\/webinars-podcast\/crecimiento-empresarial-en-entornos-de-incertidumbre\/\",\"name\":\"1x35 Crecimiento Empresarial en Entornos de Incertidumbre - Territorio INESEM\",\"isPartOf\":{\"@id\":\"https:\/\/www.inesem.es\/territorio-inesem\/#website\"},\"primaryImageOfPage\":{\"@id\":\"https:\/\/www.inesem.es\/territorio-inesem\/webinars-podcast\/crecimiento-empresarial-en-entornos-de-incertidumbre\/#primaryimage\"},\"image\":{\"@id\":\"https:\/\/www.inesem.es\/territorio-inesem\/webinars-podcast\/crecimiento-empresarial-en-entornos-de-incertidumbre\/#primaryimage\"},\"thumbnailUrl\":\"https:\/\/www.inesem.es\/territorio-inesem\/wp-content\/uploads\/2024\/04\/web-Jesus-Blanco.webp\",\"datePublished\":\"2024-04-29T07:44:54+00:00\",\"dateModified\":\"2025-06-02T07:27:43+00:00\",\"description\":\"Descubre el nuevo contenido en abierto sobre Crecimiento Empresarial en Entornos de Incertidumbre de mano de Jes\u00fas Blanco.\",\"breadcrumb\":{\"@id\":\"https:\/\/www.inesem.es\/territorio-inesem\/webinars-podcast\/crecimiento-empresarial-en-entornos-de-incertidumbre\/#breadcrumb\"},\"inLanguage\":\"es\",\"potentialAction\":[{\"@type\":\"ReadAction\",\"target\":[\"https:\/\/www.inesem.es\/territorio-inesem\/webinars-podcast\/crecimiento-empresarial-en-entornos-de-incertidumbre\/\"]}]},{\"@type\":\"ImageObject\",\"inLanguage\":\"es\",\"@id\":\"https:\/\/www.inesem.es\/territorio-inesem\/webinars-podcast\/crecimiento-empresarial-en-entornos-de-incertidumbre\/#primaryimage\",\"url\":\"https:\/\/www.inesem.es\/territorio-inesem\/wp-content\/uploads\/2024\/04\/web-Jesus-Blanco.webp\",\"contentUrl\":\"https:\/\/www.inesem.es\/territorio-inesem\/wp-content\/uploads\/2024\/04\/web-Jesus-Blanco.webp\",\"width\":1000,\"height\":1000},{\"@type\":\"BreadcrumbList\",\"@id\":\"https:\/\/www.inesem.es\/territorio-inesem\/webinars-podcast\/crecimiento-empresarial-en-entornos-de-incertidumbre\/#breadcrumb\",\"itemListElement\":[{\"@type\":\"ListItem\",\"position\":1,\"name\":\"Portada\",\"item\":\"https:\/\/www.inesem.es\/territorio-inesem\/\"},{\"@type\":\"ListItem\",\"position\":2,\"name\":\"Tienda\",\"item\":\"https:\/\/www.inesem.es\/territorio-inesem\/tienda\"},{\"@type\":\"ListItem\",\"position\":3,\"name\":\"1&#215;35 Crecimiento Empresarial en Entornos de Incertidumbre\"}]},{\"@type\":\"WebSite\",\"@id\":\"https:\/\/www.inesem.es\/territorio-inesem\/#website\",\"url\":\"https:\/\/www.inesem.es\/territorio-inesem\/\",\"name\":\"Territorio INESEM\",\"description\":\"Webinars y podcast\",\"potentialAction\":[{\"@type\":\"SearchAction\",\"target\":{\"@type\":\"EntryPoint\",\"urlTemplate\":\"https:\/\/www.inesem.es\/territorio-inesem\/?s={search_term_string}\"},\"query-input\":{\"@type\":\"PropertyValueSpecification\",\"valueRequired\":true,\"valueName\":\"search_term_string\"}}],\"inLanguage\":\"es\"}]}<\/script>\n<!-- \/ Yoast SEO plugin. -->","yoast_head_json":{"title":"1x35 Crecimiento Empresarial en Entornos de Incertidumbre - Territorio INESEM","description":"Descubre el nuevo contenido en abierto sobre Crecimiento Empresarial en Entornos de Incertidumbre de mano de Jes\u00fas Blanco.","robots":{"index":"index","follow":"follow","max-snippet":"max-snippet:-1","max-image-preview":"max-image-preview:large","max-video-preview":"max-video-preview:-1"},"canonical":"https:\/\/www.inesem.es\/territorio-inesem\/webinars-podcast\/crecimiento-empresarial-en-entornos-de-incertidumbre\/","og_locale":"es_ES","og_type":"article","og_title":"1x35 Crecimiento Empresarial en Entornos de Incertidumbre - Territorio INESEM","og_description":"Descubre el nuevo contenido en abierto sobre Crecimiento Empresarial en Entornos de Incertidumbre de mano de Jes\u00fas Blanco.","og_url":"https:\/\/www.inesem.es\/territorio-inesem\/webinars-podcast\/crecimiento-empresarial-en-entornos-de-incertidumbre\/","og_site_name":"Territorio INESEM","article_publisher":"https:\/\/www.facebook.com\/InesemBusinessSchool","article_modified_time":"2025-06-02T07:27:43+00:00","og_image":[{"width":1000,"height":1000,"url":"https:\/\/www.inesem.es\/territorio-inesem\/wp-content\/uploads\/2024\/04\/web-Jesus-Blanco.webp","type":"image\/webp"}],"twitter_card":"summary_large_image","twitter_site":"@inesem","twitter_misc":{"Tiempo de lectura":"2 minutos"},"schema":{"@context":"https:\/\/schema.org","@graph":[{"@type":"WebPage","@id":"https:\/\/www.inesem.es\/territorio-inesem\/webinars-podcast\/crecimiento-empresarial-en-entornos-de-incertidumbre\/","url":"https:\/\/www.inesem.es\/territorio-inesem\/webinars-podcast\/crecimiento-empresarial-en-entornos-de-incertidumbre\/","name":"1x35 Crecimiento Empresarial en Entornos de Incertidumbre - Territorio INESEM","isPartOf":{"@id":"https:\/\/www.inesem.es\/territorio-inesem\/#website"},"primaryImageOfPage":{"@id":"https:\/\/www.inesem.es\/territorio-inesem\/webinars-podcast\/crecimiento-empresarial-en-entornos-de-incertidumbre\/#primaryimage"},"image":{"@id":"https:\/\/www.inesem.es\/territorio-inesem\/webinars-podcast\/crecimiento-empresarial-en-entornos-de-incertidumbre\/#primaryimage"},"thumbnailUrl":"https:\/\/www.inesem.es\/territorio-inesem\/wp-content\/uploads\/2024\/04\/web-Jesus-Blanco.webp","datePublished":"2024-04-29T07:44:54+00:00","dateModified":"2025-06-02T07:27:43+00:00","description":"Descubre el nuevo contenido en abierto sobre Crecimiento Empresarial en Entornos de Incertidumbre de mano de Jes\u00fas Blanco.","breadcrumb":{"@id":"https:\/\/www.inesem.es\/territorio-inesem\/webinars-podcast\/crecimiento-empresarial-en-entornos-de-incertidumbre\/#breadcrumb"},"inLanguage":"es","potentialAction":[{"@type":"ReadAction","target":["https:\/\/www.inesem.es\/territorio-inesem\/webinars-podcast\/crecimiento-empresarial-en-entornos-de-incertidumbre\/"]}]},{"@type":"ImageObject","inLanguage":"es","@id":"https:\/\/www.inesem.es\/territorio-inesem\/webinars-podcast\/crecimiento-empresarial-en-entornos-de-incertidumbre\/#primaryimage","url":"https:\/\/www.inesem.es\/territorio-inesem\/wp-content\/uploads\/2024\/04\/web-Jesus-Blanco.webp","contentUrl":"https:\/\/www.inesem.es\/territorio-inesem\/wp-content\/uploads\/2024\/04\/web-Jesus-Blanco.webp","width":1000,"height":1000},{"@type":"BreadcrumbList","@id":"https:\/\/www.inesem.es\/territorio-inesem\/webinars-podcast\/crecimiento-empresarial-en-entornos-de-incertidumbre\/#breadcrumb","itemListElement":[{"@type":"ListItem","position":1,"name":"Portada","item":"https:\/\/www.inesem.es\/territorio-inesem\/"},{"@type":"ListItem","position":2,"name":"Tienda","item":"https:\/\/www.inesem.es\/territorio-inesem\/tienda"},{"@type":"ListItem","position":3,"name":"1&#215;35 Crecimiento Empresarial en Entornos de Incertidumbre"}]},{"@type":"WebSite","@id":"https:\/\/www.inesem.es\/territorio-inesem\/#website","url":"https:\/\/www.inesem.es\/territorio-inesem\/","name":"Territorio INESEM","description":"Webinars y podcast","potentialAction":[{"@type":"SearchAction","target":{"@type":"EntryPoint","urlTemplate":"https:\/\/www.inesem.es\/territorio-inesem\/?s={search_term_string}"},"query-input":{"@type":"PropertyValueSpecification","valueRequired":true,"valueName":"search_term_string"}}],"inLanguage":"es"}]}},"_links":{"self":[{"href":"https:\/\/www.inesem.es\/territorio-inesem\/wp-json\/wp\/v2\/product\/1687","targetHints":{"allow":["GET"]}}],"collection":[{"href":"https:\/\/www.inesem.es\/territorio-inesem\/wp-json\/wp\/v2\/product"}],"about":[{"href":"https:\/\/www.inesem.es\/territorio-inesem\/wp-json\/wp\/v2\/types\/product"}],"replies":[{"embeddable":true,"href":"https:\/\/www.inesem.es\/territorio-inesem\/wp-json\/wp\/v2\/comments?post=1687"}],"wp:featuredmedia":[{"embeddable":true,"href":"https:\/\/www.inesem.es\/territorio-inesem\/wp-json\/wp\/v2\/media\/1690"}],"wp:attachment":[{"href":"https:\/\/www.inesem.es\/territorio-inesem\/wp-json\/wp\/v2\/media?parent=1687"}],"wp:term":[{"taxonomy":"product_brand","embeddable":true,"href":"https:\/\/www.inesem.es\/territorio-inesem\/wp-json\/wp\/v2\/product_brand?post=1687"},{"taxonomy":"product_cat","embeddable":true,"href":"https:\/\/www.inesem.es\/territorio-inesem\/wp-json\/wp\/v2\/product_cat?post=1687"},{"taxonomy":"product_tag","embeddable":true,"href":"https:\/\/www.inesem.es\/territorio-inesem\/wp-json\/wp\/v2\/product_tag?post=1687"}],"curies":[{"name":"wp","href":"https:\/\/api.w.org\/{rel}","templated":true}]}}