{"id":2502,"date":"2024-09-27T13:00:41","date_gmt":"2024-09-27T11:00:41","guid":{"rendered":"https:\/\/www.inesem.es\/territorio-inesem\/?post_type=product&#038;p=2502"},"modified":"2025-02-18T13:23:19","modified_gmt":"2025-02-18T12:23:19","slug":"205-economia-del-tiempo-estrategias-nocode-para-rentabilizar-tu-empresa","status":"publish","type":"product","link":"https:\/\/www.inesem.es\/territorio-inesem\/webinars-podcast\/205-economia-del-tiempo-estrategias-nocode-para-rentabilizar-tu-empresa","title":{"rendered":"2\u00d705 Econom\u00eda del Tiempo: Estrategias NoCode para rentabilizar tu Empresa"},"content":{"rendered":"<h2><strong>\u00bfQu\u00e9 aprender\u00e1s en este seminario?<\/strong><\/h2>\n<p><span class=\"TextRun SCXW25469518 BCX8\" lang=\"ES-ES\" xml:lang=\"ES-ES\" data-contrast=\"auto\"><span class=\"NormalTextRun SCXW25469518 BCX8\">En un mundo empresarial donde adaptarse a las nuevas tecnolog\u00edas no es una opci\u00f3n, descubre c\u00f3mo las soluciones <\/span><span class=\"NormalTextRun SpellingErrorV2Themed SCXW25469518 BCX8\">NoCode<\/span><span class=\"NormalTextRun SCXW25469518 BCX8\"> est\u00e1n transformando la operativa interna de las empresas que quieren sobrevivir a la competencia. Este seminario descubrir\u00e1s c\u00f3mo puedes crear soluciones digitales que ayuden a mejorar la rentabilidad de tu empresa, sin necesidad de tener conocimientos de programaci\u00f3n. Aprende c\u00f3mo superar las barreras tecnol\u00f3gicas y posiciona tu negocio al frente de un mercado en constante evoluci\u00f3n.<\/span><\/span><span class=\"EOP SCXW25469518 BCX8\" data-ccp-props=\"{&quot;201341983&quot;:0,&quot;335559739&quot;:160,&quot;335559740&quot;:360}\">\u00a0<\/span><\/p>\n<p>&nbsp;<\/p>\n<h2><strong>Objetivos:<\/strong><\/h2>\n<ul>\n<li><span data-contrast=\"auto\">Comprender el papel vital de la adaptaci\u00f3n tecnol\u00f3gica en el \u00e9xito empresarial.<\/span><span data-ccp-props=\"{&quot;201341983&quot;:0,&quot;335559739&quot;:160,&quot;335559740&quot;:360}\">\u00a0<\/span><\/li>\n<li><span data-contrast=\"auto\">Explorar las ventajas estrat\u00e9gicas de las herramientas NoCode en la optimizaci\u00f3n de procesos.<\/span><span data-ccp-props=\"{&quot;201341983&quot;:0,&quot;335559739&quot;:160,&quot;335559740&quot;:360}\">\u00a0<\/span><\/li>\n<li><span data-contrast=\"auto\">Aprender c\u00f3mo implementar soluciones NoCode para aumentar la eficiencia y agilidad de tu empresa.<\/span><span data-ccp-props=\"{&quot;201341983&quot;:0,&quot;335559739&quot;:160,&quot;335559740&quot;:360}\">\u00a0<\/span><\/li>\n<li><span data-contrast=\"auto\">Descubrir t\u00e1cticas para mantener la relevancia y competitividad en un mercado en constante cambio.<\/span><span data-ccp-props=\"{&quot;201341983&quot;:0,&quot;335559739&quot;:160,&quot;335559740&quot;:360}\">\u00a0<\/span><\/li>\n<li><span data-contrast=\"auto\">Inspirarte para liderar el cambio y asegurar el futuro de tu empresa en la era digital.<\/span><\/li>\n<\/ul>\n<p>&nbsp;<\/p>\n<h2><strong>\u00bfA qui\u00e9n va dirigido?<\/strong><\/h2>\n<p><span class=\"TextRun SCXW42751074 BCX8\" lang=\"ES-ES\" xml:lang=\"ES-ES\" data-contrast=\"auto\"><span class=\"NormalTextRun SCXW42751074 BCX8\">A l\u00edderes empresariales, gerentes de proyectos, emprendedores y profesionales comprometidos con el \u00e9xito sostenible de sus empresas. <\/span><\/span><span class=\"EOP SCXW42751074 BCX8\" data-ccp-props=\"{&quot;201341983&quot;:0,&quot;335559739&quot;:160,&quot;335559740&quot;:360}\">\u00a0<\/span><\/p>\n","protected":false},"excerpt":{"rendered":"<p>\u00bfQu\u00e9 aprender\u00e1s en este seminario? En un mundo empresarial donde adaptarse a las nuevas tecnolog\u00edas no es una opci\u00f3n, descubre c\u00f3mo las soluciones NoCode est\u00e1n transformando la operativa interna de las empresas que quieren sobrevivir a la competencia. Este seminario descubrir\u00e1s c\u00f3mo puedes crear soluciones digitales que ayuden a mejorar la rentabilidad de tu empresa, [&hellip;]<\/p>\n","protected":false},"featured_media":2543,"comment_status":"open","ping_status":"closed","template":"","meta":{"_acf_changed":false,"site-sidebar-layout":"default","site-content-layout":"","ast-site-content-layout":"default","site-content-style":"default","site-sidebar-style":"default","ast-global-header-display":"","ast-banner-title-visibility":"","ast-main-header-display":"","ast-hfb-above-header-display":"","ast-hfb-below-header-display":"","ast-hfb-mobile-header-display":"","site-post-title":"","ast-breadcrumbs-content":"","ast-featured-img":"","footer-sml-layout":"","theme-transparent-header-meta":"default","adv-header-id-meta":"","stick-header-meta":"","header-above-stick-meta":"","header-main-stick-meta":"","header-below-stick-meta":"","astra-migrate-meta-layouts":"set","ast-page-background-enabled":"default","ast-page-background-meta":{"desktop":{"background-color":"var(--ast-global-color-4)","background-image":"","background-repeat":"repeat","background-position":"center center","background-size":"auto","background-attachment":"scroll","background-type":"","background-media":"","overlay-type":"","overlay-color":"","overlay-opacity":"","overlay-gradient":""},"tablet":{"background-color":"","background-image":"","background-repeat":"repeat","background-position":"center center","background-size":"auto","background-attachment":"scroll","background-type":"","background-media":"","overlay-type":"","overlay-color":"","overlay-opacity":"","overlay-gradient":""},"mobile":{"background-color":"","background-image":"","background-repeat":"repeat","background-position":"center center","background-size":"auto","background-attachment":"scroll","background-type":"","background-media":"","overlay-type":"","overlay-color":"","overlay-opacity":"","overlay-gradient":""}},"ast-content-background-meta":{"desktop":{"background-color":"var(--ast-global-color-5)","background-image":"","background-repeat":"repeat","background-position":"center center","background-size":"auto","background-attachment":"scroll","background-type":"","background-media":"","overlay-type":"","overlay-color":"","overlay-opacity":"","overlay-gradient":""},"tablet":{"background-color":"var(--ast-global-color-5)","background-image":"","background-repeat":"repeat","background-position":"center center","background-size":"auto","background-attachment":"scroll","background-type":"","background-media":"","overlay-type":"","overlay-color":"","overlay-opacity":"","overlay-gradient":""},"mobile":{"background-color":"var(--ast-global-color-5)","background-image":"","background-repeat":"repeat","background-position":"center center","background-size":"auto","background-attachment":"scroll","background-type":"","background-media":"","overlay-type":"","overlay-color":"","overlay-opacity":"","overlay-gradient":""}}},"product_brand":[],"product_cat":[30],"product_tag":[],"class_list":{"0":"post-2502","1":"product","2":"type-product","3":"status-publish","4":"has-post-thumbnail","6":"product_cat-pasados","7":"desktop-align-center","8":"tablet-align-left","9":"mobile-align-left","11":"first","12":"instock","13":"downloadable","14":"virtual","15":"sold-individually","16":"purchasable","17":"product-type-webinar"},"acf":[],"yoast_head":"<!-- This site is optimized with the Yoast SEO plugin v24.3 - https:\/\/yoast.com\/wordpress\/plugins\/seo\/ -->\n<title>2\u00d705 Econom\u00eda del Tiempo: Estrategias NoCode para rentabilizar tu Empresa - Territorio INESEM<\/title>\n<meta name=\"description\" content=\"Descubre el nuevo contenido en abierto sobre Estrategias NoCode para rentabilizar tu Empresa de mano de Jonatan Dom\u00ednguez.\" \/>\n<meta name=\"robots\" content=\"index, follow, max-snippet:-1, max-image-preview:large, max-video-preview:-1\" \/>\n<link rel=\"canonical\" href=\"https:\/\/www.inesem.es\/territorio-inesem\/webinars-podcast\/205-economia-del-tiempo-estrategias-nocode-para-rentabilizar-tu-empresa\/\" \/>\n<meta property=\"og:locale\" content=\"es_ES\" \/>\n<meta property=\"og:type\" content=\"article\" \/>\n<meta property=\"og:title\" content=\"2\u00d705 Econom\u00eda del Tiempo: Estrategias NoCode para rentabilizar tu Empresa - Territorio INESEM\" \/>\n<meta property=\"og:description\" content=\"Descubre el nuevo contenido en abierto sobre Estrategias NoCode para rentabilizar tu Empresa de mano de Jonatan Dom\u00ednguez.\" \/>\n<meta property=\"og:url\" content=\"https:\/\/www.inesem.es\/territorio-inesem\/webinars-podcast\/205-economia-del-tiempo-estrategias-nocode-para-rentabilizar-tu-empresa\/\" \/>\n<meta property=\"og:site_name\" content=\"Territorio INESEM\" \/>\n<meta property=\"article:publisher\" content=\"https:\/\/www.facebook.com\/InesemBusinessSchool\" \/>\n<meta property=\"article:modified_time\" content=\"2025-02-18T12:23:19+00:00\" \/>\n<meta property=\"og:image\" content=\"https:\/\/www.inesem.es\/territorio-inesem\/wp-content\/uploads\/2024\/09\/54.-Jonatan-Dominguez_modificada-2048x2048.jpg-1.webp\" \/>\n\t<meta property=\"og:image:width\" content=\"2048\" \/>\n\t<meta property=\"og:image:height\" content=\"2048\" \/>\n\t<meta property=\"og:image:type\" content=\"image\/webp\" \/>\n<meta name=\"twitter:card\" content=\"summary_large_image\" \/>\n<meta name=\"twitter:site\" content=\"@inesem\" \/>\n<meta name=\"twitter:label1\" content=\"Tiempo de lectura\" \/>\n\t<meta name=\"twitter:data1\" content=\"1 minuto\" \/>\n<script type=\"application\/ld+json\" class=\"yoast-schema-graph\">{\"@context\":\"https:\/\/schema.org\",\"@graph\":[{\"@type\":\"WebPage\",\"@id\":\"https:\/\/www.inesem.es\/territorio-inesem\/webinars-podcast\/205-economia-del-tiempo-estrategias-nocode-para-rentabilizar-tu-empresa\/\",\"url\":\"https:\/\/www.inesem.es\/territorio-inesem\/webinars-podcast\/205-economia-del-tiempo-estrategias-nocode-para-rentabilizar-tu-empresa\/\",\"name\":\"2\u00d705 Econom\u00eda del Tiempo: Estrategias NoCode para rentabilizar tu Empresa - Territorio INESEM\",\"isPartOf\":{\"@id\":\"https:\/\/www.inesem.es\/territorio-inesem\/#website\"},\"primaryImageOfPage\":{\"@id\":\"https:\/\/www.inesem.es\/territorio-inesem\/webinars-podcast\/205-economia-del-tiempo-estrategias-nocode-para-rentabilizar-tu-empresa\/#primaryimage\"},\"image\":{\"@id\":\"https:\/\/www.inesem.es\/territorio-inesem\/webinars-podcast\/205-economia-del-tiempo-estrategias-nocode-para-rentabilizar-tu-empresa\/#primaryimage\"},\"thumbnailUrl\":\"https:\/\/www.inesem.es\/territorio-inesem\/wp-content\/uploads\/2024\/09\/54.-Jonatan-Dominguez_modificada-2048x2048.jpg-1.webp\",\"datePublished\":\"2024-09-27T11:00:41+00:00\",\"dateModified\":\"2025-02-18T12:23:19+00:00\",\"description\":\"Descubre el nuevo contenido en abierto sobre Estrategias NoCode para rentabilizar tu Empresa de mano de Jonatan Dom\u00ednguez.\",\"breadcrumb\":{\"@id\":\"https:\/\/www.inesem.es\/territorio-inesem\/webinars-podcast\/205-economia-del-tiempo-estrategias-nocode-para-rentabilizar-tu-empresa\/#breadcrumb\"},\"inLanguage\":\"es\",\"potentialAction\":[{\"@type\":\"ReadAction\",\"target\":[\"https:\/\/www.inesem.es\/territorio-inesem\/webinars-podcast\/205-economia-del-tiempo-estrategias-nocode-para-rentabilizar-tu-empresa\/\"]}]},{\"@type\":\"ImageObject\",\"inLanguage\":\"es\",\"@id\":\"https:\/\/www.inesem.es\/territorio-inesem\/webinars-podcast\/205-economia-del-tiempo-estrategias-nocode-para-rentabilizar-tu-empresa\/#primaryimage\",\"url\":\"https:\/\/www.inesem.es\/territorio-inesem\/wp-content\/uploads\/2024\/09\/54.-Jonatan-Dominguez_modificada-2048x2048.jpg-1.webp\",\"contentUrl\":\"https:\/\/www.inesem.es\/territorio-inesem\/wp-content\/uploads\/2024\/09\/54.-Jonatan-Dominguez_modificada-2048x2048.jpg-1.webp\",\"width\":2048,\"height\":2048},{\"@type\":\"BreadcrumbList\",\"@id\":\"https:\/\/www.inesem.es\/territorio-inesem\/webinars-podcast\/205-economia-del-tiempo-estrategias-nocode-para-rentabilizar-tu-empresa\/#breadcrumb\",\"itemListElement\":[{\"@type\":\"ListItem\",\"position\":1,\"name\":\"Portada\",\"item\":\"https:\/\/www.inesem.es\/territorio-inesem\/\"},{\"@type\":\"ListItem\",\"position\":2,\"name\":\"Tienda\",\"item\":\"https:\/\/www.inesem.es\/territorio-inesem\/tienda\"},{\"@type\":\"ListItem\",\"position\":3,\"name\":\"2\u00d705 Econom\u00eda del Tiempo: Estrategias NoCode para rentabilizar tu Empresa\"}]},{\"@type\":\"WebSite\",\"@id\":\"https:\/\/www.inesem.es\/territorio-inesem\/#website\",\"url\":\"https:\/\/www.inesem.es\/territorio-inesem\/\",\"name\":\"Territorio INESEM\",\"description\":\"Webinars y podcast\",\"potentialAction\":[{\"@type\":\"SearchAction\",\"target\":{\"@type\":\"EntryPoint\",\"urlTemplate\":\"https:\/\/www.inesem.es\/territorio-inesem\/?s={search_term_string}\"},\"query-input\":{\"@type\":\"PropertyValueSpecification\",\"valueRequired\":true,\"valueName\":\"search_term_string\"}}],\"inLanguage\":\"es\"}]}<\/script>\n<!-- \/ Yoast SEO plugin. -->","yoast_head_json":{"title":"2\u00d705 Econom\u00eda del Tiempo: Estrategias NoCode para rentabilizar tu Empresa - Territorio INESEM","description":"Descubre el nuevo contenido en abierto sobre Estrategias NoCode para rentabilizar tu Empresa de mano de Jonatan Dom\u00ednguez.","robots":{"index":"index","follow":"follow","max-snippet":"max-snippet:-1","max-image-preview":"max-image-preview:large","max-video-preview":"max-video-preview:-1"},"canonical":"https:\/\/www.inesem.es\/territorio-inesem\/webinars-podcast\/205-economia-del-tiempo-estrategias-nocode-para-rentabilizar-tu-empresa\/","og_locale":"es_ES","og_type":"article","og_title":"2\u00d705 Econom\u00eda del Tiempo: Estrategias NoCode para rentabilizar tu Empresa - Territorio INESEM","og_description":"Descubre el nuevo contenido en abierto sobre Estrategias NoCode para rentabilizar tu Empresa de mano de Jonatan Dom\u00ednguez.","og_url":"https:\/\/www.inesem.es\/territorio-inesem\/webinars-podcast\/205-economia-del-tiempo-estrategias-nocode-para-rentabilizar-tu-empresa\/","og_site_name":"Territorio INESEM","article_publisher":"https:\/\/www.facebook.com\/InesemBusinessSchool","article_modified_time":"2025-02-18T12:23:19+00:00","og_image":[{"width":2048,"height":2048,"url":"https:\/\/www.inesem.es\/territorio-inesem\/wp-content\/uploads\/2024\/09\/54.-Jonatan-Dominguez_modificada-2048x2048.jpg-1.webp","type":"image\/webp"}],"twitter_card":"summary_large_image","twitter_site":"@inesem","twitter_misc":{"Tiempo de lectura":"1 minuto"},"schema":{"@context":"https:\/\/schema.org","@graph":[{"@type":"WebPage","@id":"https:\/\/www.inesem.es\/territorio-inesem\/webinars-podcast\/205-economia-del-tiempo-estrategias-nocode-para-rentabilizar-tu-empresa\/","url":"https:\/\/www.inesem.es\/territorio-inesem\/webinars-podcast\/205-economia-del-tiempo-estrategias-nocode-para-rentabilizar-tu-empresa\/","name":"2\u00d705 Econom\u00eda del Tiempo: Estrategias NoCode para rentabilizar tu Empresa - Territorio INESEM","isPartOf":{"@id":"https:\/\/www.inesem.es\/territorio-inesem\/#website"},"primaryImageOfPage":{"@id":"https:\/\/www.inesem.es\/territorio-inesem\/webinars-podcast\/205-economia-del-tiempo-estrategias-nocode-para-rentabilizar-tu-empresa\/#primaryimage"},"image":{"@id":"https:\/\/www.inesem.es\/territorio-inesem\/webinars-podcast\/205-economia-del-tiempo-estrategias-nocode-para-rentabilizar-tu-empresa\/#primaryimage"},"thumbnailUrl":"https:\/\/www.inesem.es\/territorio-inesem\/wp-content\/uploads\/2024\/09\/54.-Jonatan-Dominguez_modificada-2048x2048.jpg-1.webp","datePublished":"2024-09-27T11:00:41+00:00","dateModified":"2025-02-18T12:23:19+00:00","description":"Descubre el nuevo contenido en abierto sobre Estrategias NoCode para rentabilizar tu Empresa de mano de Jonatan Dom\u00ednguez.","breadcrumb":{"@id":"https:\/\/www.inesem.es\/territorio-inesem\/webinars-podcast\/205-economia-del-tiempo-estrategias-nocode-para-rentabilizar-tu-empresa\/#breadcrumb"},"inLanguage":"es","potentialAction":[{"@type":"ReadAction","target":["https:\/\/www.inesem.es\/territorio-inesem\/webinars-podcast\/205-economia-del-tiempo-estrategias-nocode-para-rentabilizar-tu-empresa\/"]}]},{"@type":"ImageObject","inLanguage":"es","@id":"https:\/\/www.inesem.es\/territorio-inesem\/webinars-podcast\/205-economia-del-tiempo-estrategias-nocode-para-rentabilizar-tu-empresa\/#primaryimage","url":"https:\/\/www.inesem.es\/territorio-inesem\/wp-content\/uploads\/2024\/09\/54.-Jonatan-Dominguez_modificada-2048x2048.jpg-1.webp","contentUrl":"https:\/\/www.inesem.es\/territorio-inesem\/wp-content\/uploads\/2024\/09\/54.-Jonatan-Dominguez_modificada-2048x2048.jpg-1.webp","width":2048,"height":2048},{"@type":"BreadcrumbList","@id":"https:\/\/www.inesem.es\/territorio-inesem\/webinars-podcast\/205-economia-del-tiempo-estrategias-nocode-para-rentabilizar-tu-empresa\/#breadcrumb","itemListElement":[{"@type":"ListItem","position":1,"name":"Portada","item":"https:\/\/www.inesem.es\/territorio-inesem\/"},{"@type":"ListItem","position":2,"name":"Tienda","item":"https:\/\/www.inesem.es\/territorio-inesem\/tienda"},{"@type":"ListItem","position":3,"name":"2\u00d705 Econom\u00eda del Tiempo: Estrategias NoCode para rentabilizar tu Empresa"}]},{"@type":"WebSite","@id":"https:\/\/www.inesem.es\/territorio-inesem\/#website","url":"https:\/\/www.inesem.es\/territorio-inesem\/","name":"Territorio INESEM","description":"Webinars y podcast","potentialAction":[{"@type":"SearchAction","target":{"@type":"EntryPoint","urlTemplate":"https:\/\/www.inesem.es\/territorio-inesem\/?s={search_term_string}"},"query-input":{"@type":"PropertyValueSpecification","valueRequired":true,"valueName":"search_term_string"}}],"inLanguage":"es"}]}},"_links":{"self":[{"href":"https:\/\/www.inesem.es\/territorio-inesem\/wp-json\/wp\/v2\/product\/2502","targetHints":{"allow":["GET"]}}],"collection":[{"href":"https:\/\/www.inesem.es\/territorio-inesem\/wp-json\/wp\/v2\/product"}],"about":[{"href":"https:\/\/www.inesem.es\/territorio-inesem\/wp-json\/wp\/v2\/types\/product"}],"replies":[{"embeddable":true,"href":"https:\/\/www.inesem.es\/territorio-inesem\/wp-json\/wp\/v2\/comments?post=2502"}],"wp:featuredmedia":[{"embeddable":true,"href":"https:\/\/www.inesem.es\/territorio-inesem\/wp-json\/wp\/v2\/media\/2543"}],"wp:attachment":[{"href":"https:\/\/www.inesem.es\/territorio-inesem\/wp-json\/wp\/v2\/media?parent=2502"}],"wp:term":[{"taxonomy":"product_brand","embeddable":true,"href":"https:\/\/www.inesem.es\/territorio-inesem\/wp-json\/wp\/v2\/product_brand?post=2502"},{"taxonomy":"product_cat","embeddable":true,"href":"https:\/\/www.inesem.es\/territorio-inesem\/wp-json\/wp\/v2\/product_cat?post=2502"},{"taxonomy":"product_tag","embeddable":true,"href":"https:\/\/www.inesem.es\/territorio-inesem\/wp-json\/wp\/v2\/product_tag?post=2502"}],"curies":[{"name":"wp","href":"https:\/\/api.w.org\/{rel}","templated":true}]}}