{"id":2576,"date":"2024-12-17T16:16:24","date_gmt":"2024-12-17T15:16:24","guid":{"rendered":"https:\/\/www.inesem.es\/territorio-inesem\/?post_type=product&#038;p=2576"},"modified":"2025-02-18T13:26:35","modified_gmt":"2025-02-18T12:26:35","slug":"209-inbound-marketing-y-comunicacion","status":"publish","type":"product","link":"https:\/\/www.inesem.es\/territorio-inesem\/webinars-podcast\/209-inbound-marketing-y-comunicacion","title":{"rendered":"2\u00d709 Inbound Marketing y Comunicaci\u00f3n"},"content":{"rendered":"<h2><strong>\u00bfQu\u00e9 aprender\u00e1s en este seminario?<\/strong><\/h2>\n<p><span class=\"TextRun SCXW155914154 BCX8\" lang=\"ES-ES\" xml:lang=\"ES-ES\" data-contrast=\"none\"><span class=\"NormalTextRun SCXW155914154 BCX8\" data-ccp-parastyle=\"Normal (Web)\">Este <\/span><span class=\"NormalTextRun SpellingErrorV2Themed SCXW155914154 BCX8\" data-ccp-parastyle=\"Normal (Web)\">webinar<\/span> <span class=\"NormalTextRun SCXW155914154 BCX8\" data-ccp-parastyle=\"Normal (Web)\">est\u00e1 dise\u00f1ado para proporcionar a los <\/span><span class=\"NormalTextRun SCXW155914154 BCX8\" data-ccp-parastyle=\"Normal (Web)\">participantes<\/span><span class=\"NormalTextRun SCXW155914154 BCX8\" data-ccp-parastyle=\"Normal (Web)\"> una comprensi\u00f3n del <\/span><span class=\"NormalTextRun SpellingErrorV2Themed SCXW155914154 BCX8\" data-ccp-parastyle=\"Normal (Web)\">Inbound<\/span><span class=\"NormalTextRun SCXW155914154 BCX8\" data-ccp-parastyle=\"Normal (Web)\"> Marketing, un enfoque esencial en el marketing digital moderno. A lo largo del seminario, los <\/span><span class=\"NormalTextRun SCXW155914154 BCX8\" data-ccp-parastyle=\"Normal (Web)\">presentes<\/span><span class=\"NormalTextRun SCXW155914154 BCX8\" data-ccp-parastyle=\"Normal (Web)\"> aprender\u00e1n sobre la creaci\u00f3n de contenido relevante<\/span><span class=\"NormalTextRun SCXW155914154 BCX8\" data-ccp-parastyle=\"Normal (Web)\"> y <\/span><span class=\"NormalTextRun SCXW155914154 BCX8\" data-ccp-parastyle=\"Normal (Web)\">la implementaci\u00f3n de estrategias que atraen, convierten y fidelizan a los clientes.<\/span><span class=\"NormalTextRun SCXW155914154 BCX8\" data-ccp-parastyle=\"Normal (Web)\">\u00a0<\/span><\/span><span class=\"EOP SCXW155914154 BCX8\" data-ccp-props=\"{&quot;134233117&quot;:false,&quot;134233118&quot;:false,&quot;201341983&quot;:0,&quot;335551550&quot;:6,&quot;335551620&quot;:6,&quot;335559738&quot;:0,&quot;335559739&quot;:160,&quot;335559740&quot;:240}\">\u00a0<\/span><\/p>\n<p>&nbsp;<\/p>\n<h2><strong>Objetivos:<\/strong><\/h2>\n<ul>\n<li><span class=\"TextRun SCXW103104705 BCX8\" lang=\"ES-ES\" xml:lang=\"ES-ES\" data-contrast=\"none\"><span class=\"NormalTextRun SCXW103104705 BCX8\" data-ccp-parastyle=\"Normal (Web)\">Comprender los principios fundamentales del <\/span><span class=\"NormalTextRun SpellingErrorV2Themed SCXW103104705 BCX8\" data-ccp-parastyle=\"Normal (Web)\">Inbound<\/span><span class=\"NormalTextRun SCXW103104705 BCX8\" data-ccp-parastyle=\"Normal (Web)\"> Marketing y su importancia en el marketing digital.<\/span><\/span><span class=\"EOP SCXW103104705 BCX8\" data-ccp-props=\"{&quot;134233117&quot;:true,&quot;134233118&quot;:true,&quot;201341983&quot;:0,&quot;335551550&quot;:6,&quot;335551620&quot;:6,&quot;335559740&quot;:240}\">\u00a0<\/span><\/li>\n<li><span data-contrast=\"none\">Aprender a crear y gestionar contenido relevante que atraiga a clientes potenciales.<\/span><span data-ccp-props=\"{&quot;134233117&quot;:true,&quot;134233118&quot;:true,&quot;201341983&quot;:0,&quot;335551550&quot;:6,&quot;335551620&quot;:6,&quot;335559740&quot;:240}\">\u00a0<\/span><\/li>\n<li><span data-contrast=\"none\">Analizar t\u00e9cnicas para convertir visitantes en clientes y fidelizarlos.<\/span><span data-ccp-props=\"{&quot;134233117&quot;:true,&quot;134233118&quot;:true,&quot;201341983&quot;:0,&quot;335551550&quot;:6,&quot;335551620&quot;:6,&quot;335559740&quot;:240}\">\u00a0<\/span><\/li>\n<\/ul>\n<p>&nbsp;<\/p>\n<h2><strong>\u00bfA qui\u00e9n va dirigido?<\/strong><\/h2>\n<p>Dirigido a estudiantes de negocios y marketing que deseen adquirir conocimientos pr\u00e1cticos sobre Inbound Marketing, a profesionales del marketing y la comunicaci\u00f3n que busquen actualizar sus habilidades en esta \u00e1rea, as\u00ed como a cualquier persona interesada en aprender sobre marketing digital y en la creaci\u00f3n de contenido relevante para atraer y retener clientes.<\/p>\n","protected":false},"excerpt":{"rendered":"<p>\u00bfQu\u00e9 aprender\u00e1s en este seminario? Este webinar est\u00e1 dise\u00f1ado para proporcionar a los participantes una comprensi\u00f3n del Inbound Marketing, un enfoque esencial en el marketing digital moderno. A lo largo del seminario, los presentes aprender\u00e1n sobre la creaci\u00f3n de contenido relevante y la implementaci\u00f3n de estrategias que atraen, convierten y fidelizan a los clientes.\u00a0\u00a0 &nbsp; [&hellip;]<\/p>\n","protected":false},"featured_media":2578,"comment_status":"open","ping_status":"closed","template":"","meta":{"_acf_changed":false,"site-sidebar-layout":"default","site-content-layout":"","ast-site-content-layout":"default","site-content-style":"default","site-sidebar-style":"default","ast-global-header-display":"","ast-banner-title-visibility":"","ast-main-header-display":"","ast-hfb-above-header-display":"","ast-hfb-below-header-display":"","ast-hfb-mobile-header-display":"","site-post-title":"","ast-breadcrumbs-content":"","ast-featured-img":"","footer-sml-layout":"","theme-transparent-header-meta":"default","adv-header-id-meta":"","stick-header-meta":"","header-above-stick-meta":"","header-main-stick-meta":"","header-below-stick-meta":"","astra-migrate-meta-layouts":"set","ast-page-background-enabled":"default","ast-page-background-meta":{"desktop":{"background-color":"var(--ast-global-color-4)","background-image":"","background-repeat":"repeat","background-position":"center center","background-size":"auto","background-attachment":"scroll","background-type":"","background-media":"","overlay-type":"","overlay-color":"","overlay-opacity":"","overlay-gradient":""},"tablet":{"background-color":"","background-image":"","background-repeat":"repeat","background-position":"center center","background-size":"auto","background-attachment":"scroll","background-type":"","background-media":"","overlay-type":"","overlay-color":"","overlay-opacity":"","overlay-gradient":""},"mobile":{"background-color":"","background-image":"","background-repeat":"repeat","background-position":"center center","background-size":"auto","background-attachment":"scroll","background-type":"","background-media":"","overlay-type":"","overlay-color":"","overlay-opacity":"","overlay-gradient":""}},"ast-content-background-meta":{"desktop":{"background-color":"var(--ast-global-color-5)","background-image":"","background-repeat":"repeat","background-position":"center center","background-size":"auto","background-attachment":"scroll","background-type":"","background-media":"","overlay-type":"","overlay-color":"","overlay-opacity":"","overlay-gradient":""},"tablet":{"background-color":"var(--ast-global-color-5)","background-image":"","background-repeat":"repeat","background-position":"center center","background-size":"auto","background-attachment":"scroll","background-type":"","background-media":"","overlay-type":"","overlay-color":"","overlay-opacity":"","overlay-gradient":""},"mobile":{"background-color":"var(--ast-global-color-5)","background-image":"","background-repeat":"repeat","background-position":"center center","background-size":"auto","background-attachment":"scroll","background-type":"","background-media":"","overlay-type":"","overlay-color":"","overlay-opacity":"","overlay-gradient":""}}},"product_brand":[],"product_cat":[30],"product_tag":[],"class_list":{"0":"post-2576","1":"product","2":"type-product","3":"status-publish","4":"has-post-thumbnail","6":"product_cat-pasados","7":"desktop-align-center","8":"tablet-align-left","9":"mobile-align-left","11":"first","12":"instock","13":"downloadable","14":"virtual","15":"sold-individually","16":"purchasable","17":"product-type-webinar"},"acf":[],"yoast_head":"<!-- This site is optimized with the Yoast SEO plugin v24.3 - https:\/\/yoast.com\/wordpress\/plugins\/seo\/ -->\n<title>2\u00d709 Inbound Marketing y Comunicaci\u00f3n - Territorio INESEM<\/title>\n<meta name=\"description\" content=\"Descubre el nuevo contenido en abierto sobre Inbound Marketing y Comunicaci\u00f3n de mano de Carlos Marcos Calzadilla.\" \/>\n<meta name=\"robots\" content=\"index, follow, max-snippet:-1, max-image-preview:large, max-video-preview:-1\" \/>\n<link rel=\"canonical\" href=\"https:\/\/www.inesem.es\/territorio-inesem\/webinars-podcast\/209-inbound-marketing-y-comunicacion\/\" \/>\n<meta property=\"og:locale\" content=\"es_ES\" \/>\n<meta property=\"og:type\" content=\"article\" \/>\n<meta property=\"og:title\" content=\"2\u00d709 Inbound Marketing y Comunicaci\u00f3n - Territorio INESEM\" \/>\n<meta property=\"og:description\" content=\"Descubre el nuevo contenido en abierto sobre Inbound Marketing y Comunicaci\u00f3n de mano de Carlos Marcos Calzadilla.\" \/>\n<meta property=\"og:url\" content=\"https:\/\/www.inesem.es\/territorio-inesem\/webinars-podcast\/209-inbound-marketing-y-comunicacion\/\" \/>\n<meta property=\"og:site_name\" content=\"Territorio INESEM\" \/>\n<meta property=\"article:publisher\" content=\"https:\/\/www.facebook.com\/InesemBusinessSchool\" \/>\n<meta property=\"article:modified_time\" content=\"2025-02-18T12:26:35+00:00\" \/>\n<meta property=\"og:image\" content=\"https:\/\/www.inesem.es\/territorio-inesem\/wp-content\/uploads\/2024\/12\/Carlos-Marcos-Calzadilla-INESEM-scaled.webp\" \/>\n\t<meta property=\"og:image:width\" content=\"2560\" \/>\n\t<meta property=\"og:image:height\" content=\"2560\" \/>\n\t<meta property=\"og:image:type\" content=\"image\/webp\" \/>\n<meta name=\"twitter:card\" content=\"summary_large_image\" \/>\n<meta name=\"twitter:site\" content=\"@inesem\" \/>\n<meta name=\"twitter:label1\" content=\"Tiempo de lectura\" \/>\n\t<meta name=\"twitter:data1\" content=\"1 minuto\" \/>\n<script type=\"application\/ld+json\" class=\"yoast-schema-graph\">{\"@context\":\"https:\/\/schema.org\",\"@graph\":[{\"@type\":\"WebPage\",\"@id\":\"https:\/\/www.inesem.es\/territorio-inesem\/webinars-podcast\/209-inbound-marketing-y-comunicacion\/\",\"url\":\"https:\/\/www.inesem.es\/territorio-inesem\/webinars-podcast\/209-inbound-marketing-y-comunicacion\/\",\"name\":\"2\u00d709 Inbound Marketing y Comunicaci\u00f3n - Territorio INESEM\",\"isPartOf\":{\"@id\":\"https:\/\/www.inesem.es\/territorio-inesem\/#website\"},\"primaryImageOfPage\":{\"@id\":\"https:\/\/www.inesem.es\/territorio-inesem\/webinars-podcast\/209-inbound-marketing-y-comunicacion\/#primaryimage\"},\"image\":{\"@id\":\"https:\/\/www.inesem.es\/territorio-inesem\/webinars-podcast\/209-inbound-marketing-y-comunicacion\/#primaryimage\"},\"thumbnailUrl\":\"https:\/\/www.inesem.es\/territorio-inesem\/wp-content\/uploads\/2024\/12\/Carlos-Marcos-Calzadilla-INESEM-scaled.webp\",\"datePublished\":\"2024-12-17T15:16:24+00:00\",\"dateModified\":\"2025-02-18T12:26:35+00:00\",\"description\":\"Descubre el nuevo contenido en abierto sobre Inbound Marketing y Comunicaci\u00f3n de mano de Carlos Marcos Calzadilla.\",\"breadcrumb\":{\"@id\":\"https:\/\/www.inesem.es\/territorio-inesem\/webinars-podcast\/209-inbound-marketing-y-comunicacion\/#breadcrumb\"},\"inLanguage\":\"es\",\"potentialAction\":[{\"@type\":\"ReadAction\",\"target\":[\"https:\/\/www.inesem.es\/territorio-inesem\/webinars-podcast\/209-inbound-marketing-y-comunicacion\/\"]}]},{\"@type\":\"ImageObject\",\"inLanguage\":\"es\",\"@id\":\"https:\/\/www.inesem.es\/territorio-inesem\/webinars-podcast\/209-inbound-marketing-y-comunicacion\/#primaryimage\",\"url\":\"https:\/\/www.inesem.es\/territorio-inesem\/wp-content\/uploads\/2024\/12\/Carlos-Marcos-Calzadilla-INESEM-scaled.webp\",\"contentUrl\":\"https:\/\/www.inesem.es\/territorio-inesem\/wp-content\/uploads\/2024\/12\/Carlos-Marcos-Calzadilla-INESEM-scaled.webp\",\"width\":2560,\"height\":2560},{\"@type\":\"BreadcrumbList\",\"@id\":\"https:\/\/www.inesem.es\/territorio-inesem\/webinars-podcast\/209-inbound-marketing-y-comunicacion\/#breadcrumb\",\"itemListElement\":[{\"@type\":\"ListItem\",\"position\":1,\"name\":\"Portada\",\"item\":\"https:\/\/www.inesem.es\/territorio-inesem\/\"},{\"@type\":\"ListItem\",\"position\":2,\"name\":\"Tienda\",\"item\":\"https:\/\/www.inesem.es\/territorio-inesem\/tienda\"},{\"@type\":\"ListItem\",\"position\":3,\"name\":\"2\u00d709 Inbound Marketing y Comunicaci\u00f3n\"}]},{\"@type\":\"WebSite\",\"@id\":\"https:\/\/www.inesem.es\/territorio-inesem\/#website\",\"url\":\"https:\/\/www.inesem.es\/territorio-inesem\/\",\"name\":\"Territorio INESEM\",\"description\":\"Webinars y podcast\",\"potentialAction\":[{\"@type\":\"SearchAction\",\"target\":{\"@type\":\"EntryPoint\",\"urlTemplate\":\"https:\/\/www.inesem.es\/territorio-inesem\/?s={search_term_string}\"},\"query-input\":{\"@type\":\"PropertyValueSpecification\",\"valueRequired\":true,\"valueName\":\"search_term_string\"}}],\"inLanguage\":\"es\"}]}<\/script>\n<!-- \/ Yoast SEO plugin. -->","yoast_head_json":{"title":"2\u00d709 Inbound Marketing y Comunicaci\u00f3n - Territorio INESEM","description":"Descubre el nuevo contenido en abierto sobre Inbound Marketing y Comunicaci\u00f3n de mano de Carlos Marcos Calzadilla.","robots":{"index":"index","follow":"follow","max-snippet":"max-snippet:-1","max-image-preview":"max-image-preview:large","max-video-preview":"max-video-preview:-1"},"canonical":"https:\/\/www.inesem.es\/territorio-inesem\/webinars-podcast\/209-inbound-marketing-y-comunicacion\/","og_locale":"es_ES","og_type":"article","og_title":"2\u00d709 Inbound Marketing y Comunicaci\u00f3n - Territorio INESEM","og_description":"Descubre el nuevo contenido en abierto sobre Inbound Marketing y Comunicaci\u00f3n de mano de Carlos Marcos Calzadilla.","og_url":"https:\/\/www.inesem.es\/territorio-inesem\/webinars-podcast\/209-inbound-marketing-y-comunicacion\/","og_site_name":"Territorio INESEM","article_publisher":"https:\/\/www.facebook.com\/InesemBusinessSchool","article_modified_time":"2025-02-18T12:26:35+00:00","og_image":[{"width":2560,"height":2560,"url":"https:\/\/www.inesem.es\/territorio-inesem\/wp-content\/uploads\/2024\/12\/Carlos-Marcos-Calzadilla-INESEM-scaled.webp","type":"image\/webp"}],"twitter_card":"summary_large_image","twitter_site":"@inesem","twitter_misc":{"Tiempo de lectura":"1 minuto"},"schema":{"@context":"https:\/\/schema.org","@graph":[{"@type":"WebPage","@id":"https:\/\/www.inesem.es\/territorio-inesem\/webinars-podcast\/209-inbound-marketing-y-comunicacion\/","url":"https:\/\/www.inesem.es\/territorio-inesem\/webinars-podcast\/209-inbound-marketing-y-comunicacion\/","name":"2\u00d709 Inbound Marketing y Comunicaci\u00f3n - Territorio INESEM","isPartOf":{"@id":"https:\/\/www.inesem.es\/territorio-inesem\/#website"},"primaryImageOfPage":{"@id":"https:\/\/www.inesem.es\/territorio-inesem\/webinars-podcast\/209-inbound-marketing-y-comunicacion\/#primaryimage"},"image":{"@id":"https:\/\/www.inesem.es\/territorio-inesem\/webinars-podcast\/209-inbound-marketing-y-comunicacion\/#primaryimage"},"thumbnailUrl":"https:\/\/www.inesem.es\/territorio-inesem\/wp-content\/uploads\/2024\/12\/Carlos-Marcos-Calzadilla-INESEM-scaled.webp","datePublished":"2024-12-17T15:16:24+00:00","dateModified":"2025-02-18T12:26:35+00:00","description":"Descubre el nuevo contenido en abierto sobre Inbound Marketing y Comunicaci\u00f3n de mano de Carlos Marcos Calzadilla.","breadcrumb":{"@id":"https:\/\/www.inesem.es\/territorio-inesem\/webinars-podcast\/209-inbound-marketing-y-comunicacion\/#breadcrumb"},"inLanguage":"es","potentialAction":[{"@type":"ReadAction","target":["https:\/\/www.inesem.es\/territorio-inesem\/webinars-podcast\/209-inbound-marketing-y-comunicacion\/"]}]},{"@type":"ImageObject","inLanguage":"es","@id":"https:\/\/www.inesem.es\/territorio-inesem\/webinars-podcast\/209-inbound-marketing-y-comunicacion\/#primaryimage","url":"https:\/\/www.inesem.es\/territorio-inesem\/wp-content\/uploads\/2024\/12\/Carlos-Marcos-Calzadilla-INESEM-scaled.webp","contentUrl":"https:\/\/www.inesem.es\/territorio-inesem\/wp-content\/uploads\/2024\/12\/Carlos-Marcos-Calzadilla-INESEM-scaled.webp","width":2560,"height":2560},{"@type":"BreadcrumbList","@id":"https:\/\/www.inesem.es\/territorio-inesem\/webinars-podcast\/209-inbound-marketing-y-comunicacion\/#breadcrumb","itemListElement":[{"@type":"ListItem","position":1,"name":"Portada","item":"https:\/\/www.inesem.es\/territorio-inesem\/"},{"@type":"ListItem","position":2,"name":"Tienda","item":"https:\/\/www.inesem.es\/territorio-inesem\/tienda"},{"@type":"ListItem","position":3,"name":"2\u00d709 Inbound Marketing y Comunicaci\u00f3n"}]},{"@type":"WebSite","@id":"https:\/\/www.inesem.es\/territorio-inesem\/#website","url":"https:\/\/www.inesem.es\/territorio-inesem\/","name":"Territorio INESEM","description":"Webinars y podcast","potentialAction":[{"@type":"SearchAction","target":{"@type":"EntryPoint","urlTemplate":"https:\/\/www.inesem.es\/territorio-inesem\/?s={search_term_string}"},"query-input":{"@type":"PropertyValueSpecification","valueRequired":true,"valueName":"search_term_string"}}],"inLanguage":"es"}]}},"_links":{"self":[{"href":"https:\/\/www.inesem.es\/territorio-inesem\/wp-json\/wp\/v2\/product\/2576","targetHints":{"allow":["GET"]}}],"collection":[{"href":"https:\/\/www.inesem.es\/territorio-inesem\/wp-json\/wp\/v2\/product"}],"about":[{"href":"https:\/\/www.inesem.es\/territorio-inesem\/wp-json\/wp\/v2\/types\/product"}],"replies":[{"embeddable":true,"href":"https:\/\/www.inesem.es\/territorio-inesem\/wp-json\/wp\/v2\/comments?post=2576"}],"wp:featuredmedia":[{"embeddable":true,"href":"https:\/\/www.inesem.es\/territorio-inesem\/wp-json\/wp\/v2\/media\/2578"}],"wp:attachment":[{"href":"https:\/\/www.inesem.es\/territorio-inesem\/wp-json\/wp\/v2\/media?parent=2576"}],"wp:term":[{"taxonomy":"product_brand","embeddable":true,"href":"https:\/\/www.inesem.es\/territorio-inesem\/wp-json\/wp\/v2\/product_brand?post=2576"},{"taxonomy":"product_cat","embeddable":true,"href":"https:\/\/www.inesem.es\/territorio-inesem\/wp-json\/wp\/v2\/product_cat?post=2576"},{"taxonomy":"product_tag","embeddable":true,"href":"https:\/\/www.inesem.es\/territorio-inesem\/wp-json\/wp\/v2\/product_tag?post=2576"}],"curies":[{"name":"wp","href":"https:\/\/api.w.org\/{rel}","templated":true}]}}