{"id":2629,"date":"2025-02-19T13:17:38","date_gmt":"2025-02-19T12:17:38","guid":{"rendered":"https:\/\/www.inesem.es\/territorio-inesem\/webinars-podcast\/product-led-growth-que-es-y-como-aplicarlo-2\/"},"modified":"2025-02-19T13:17:38","modified_gmt":"2025-02-19T12:17:38","slug":"product-led-growth-que-es-y-como-aplicarlo-2","status":"publish","type":"product","link":"https:\/\/www.inesem.es\/territorio-inesem\/webinars-podcast\/product-led-growth-que-es-y-como-aplicarlo-2","title":{"rendered":"Product Led Growth: qu\u00e9 es y c\u00f3mo aplicarlo"},"content":{"rendered":"<h2><strong>\u00bfQu\u00e9 aprender\u00e1s en este seminario?<\/strong><\/h2>\n<p><span class=\"TextRun SCXW197269160 BCX8\" lang=\"ES-ES\" xml:lang=\"ES-ES\" data-contrast=\"auto\"><span class=\"NormalTextRun SCXW197269160 BCX8\">El <\/span><span class=\"NormalTextRun SpellingErrorV2Themed SCXW197269160 BCX8\">P<\/span><span class=\"NormalTextRun SpellingErrorV2Themed SCXW197269160 BCX8\">roduct<\/span><span class=\"NormalTextRun SCXW197269160 BCX8\">-led<\/span> <span class=\"NormalTextRun SpellingErrorV2Themed SCXW197269160 BCX8\">growth<\/span><span class=\"NormalTextRun SCXW197269160 BCX8\"> o crecimiento liderado por el producto (PLG) es una metodolog\u00eda comercial en la que la adquisici\u00f3n, expansi\u00f3n, conversi\u00f3n y retenci\u00f3n de usuarios <\/span><span class=\"NormalTextRun SCXW197269160 BCX8\">o <\/span><span class=\"NormalTextRun SCXW197269160 BCX8\">clientes, impulsado<\/span><span class=\"NormalTextRun SCXW197269160 BCX8\"> principalmente por el producto en s\u00ed. Crea una alineaci\u00f3n en toda la empresa entre los equipos, desde la ingenier\u00eda hasta las ventas y el marketing, en torno al producto como la mayor fuente de crecimiento empresarial sostenible y escalable.<\/span><span class=\"NormalTextRun SCXW197269160 BCX8\"> Entender este nuevo concepto en alza en sectores reales y casos de \u00e9xito, ayuda a entenderlo y llevarlo a cabo para implementarlo en modelos de negocio diferenciables.<\/span><\/span><span class=\"EOP SCXW197269160 BCX8\" data-ccp-props=\"{&quot;201341983&quot;:0,&quot;335551550&quot;:6,&quot;335551620&quot;:6,&quot;335559739&quot;:160,&quot;335559740&quot;:259}\">\u00a0<\/span><\/p>\n<p>\u00a0<\/p>\n<h2><strong>Objetivos:<\/strong><\/h2>\n<ul>\n<li data-leveltext=\"\uf0b7\" data-font=\"Symbol\" data-listid=\"1\" data-list-defn-props=\"{&quot;335552541&quot;:1,&quot;335559684&quot;:-2,&quot;335559685&quot;:720,&quot;335559991&quot;:360,&quot;469769226&quot;:&quot;Symbol&quot;,&quot;469769242&quot;:[8226],&quot;469777803&quot;:&quot;left&quot;,&quot;469777804&quot;:&quot;\uf0b7&quot;,&quot;469777815&quot;:&quot;hybridMultilevel&quot;}\" aria-setsize=\"-1\" data-aria-posinset=\"1\" data-aria-level=\"1\"><span data-contrast=\"auto\"><span data-ccp-charstyle=\"ui-provider\" data-ccp-charstyle-defn=\"{&quot;ObjectId&quot;:&quot;dfd31298-2ed3-40b2-a2d2-5a7602583a48|16&quot;,&quot;ClassId&quot;:1073872969,&quot;Properties&quot;:[469775450,&quot;ui-provider&quot;,201340122,&quot;1&quot;,134233614,&quot;true&quot;,469778129,&quot;ui-provider&quot;,335572020,&quot;1&quot;,469778324,&quot;Default Paragraph Font&quot;]}\">Comprender el t\u00e9rmino <\/span><span data-ccp-charstyle=\"ui-provider\">Product<\/span><span data-ccp-charstyle=\"ui-provider\">-led<\/span> <span data-ccp-charstyle=\"ui-provider\">growth<\/span><span data-ccp-charstyle=\"ui-provider\">.<\/span><\/span><span data-ccp-props=\"{&quot;201341983&quot;:0,&quot;335559739&quot;:160,&quot;335559740&quot;:360}\">\u00a0<\/span><\/li>\n<li data-leveltext=\"\uf0b7\" data-font=\"Symbol\" data-listid=\"1\" data-list-defn-props=\"{&quot;335552541&quot;:1,&quot;335559684&quot;:-2,&quot;335559685&quot;:720,&quot;335559991&quot;:360,&quot;469769226&quot;:&quot;Symbol&quot;,&quot;469769242&quot;:[8226],&quot;469777803&quot;:&quot;left&quot;,&quot;469777804&quot;:&quot;\uf0b7&quot;,&quot;469777815&quot;:&quot;hybridMultilevel&quot;}\" aria-setsize=\"-1\" data-aria-posinset=\"2\" data-aria-level=\"1\"><span data-contrast=\"auto\"><span data-ccp-charstyle=\"ui-provider\">Aprender c\u00f3mo implementar el modelo PLG<\/span><span data-ccp-charstyle=\"ui-provider\">.<\/span><\/span><span data-ccp-props=\"{&quot;201341983&quot;:0,&quot;335559739&quot;:160,&quot;335559740&quot;:360}\">\u00a0<\/span><\/li>\n<li data-leveltext=\"\uf0b7\" data-font=\"Symbol\" data-listid=\"1\" data-list-defn-props=\"{&quot;335552541&quot;:1,&quot;335559684&quot;:-2,&quot;335559685&quot;:720,&quot;335559991&quot;:360,&quot;469769226&quot;:&quot;Symbol&quot;,&quot;469769242&quot;:[8226],&quot;469777803&quot;:&quot;left&quot;,&quot;469777804&quot;:&quot;\uf0b7&quot;,&quot;469777815&quot;:&quot;hybridMultilevel&quot;}\" aria-setsize=\"-1\" data-aria-posinset=\"3\" data-aria-level=\"1\"><span data-contrast=\"auto\"><span data-ccp-charstyle=\"ui-provider\">Conocer casos de \u00e9xito de PLG<\/span><span data-ccp-charstyle=\"ui-provider\">.<\/span><\/span><span data-ccp-props=\"{&quot;201341983&quot;:0,&quot;335559739&quot;:160,&quot;335559740&quot;:360}\">\u00a0<\/span><\/li>\n<li data-leveltext=\"\uf0b7\" data-font=\"Symbol\" data-listid=\"1\" data-list-defn-props=\"{&quot;335552541&quot;:1,&quot;335559684&quot;:-2,&quot;335559685&quot;:720,&quot;335559991&quot;:360,&quot;469769226&quot;:&quot;Symbol&quot;,&quot;469769242&quot;:[8226],&quot;469777803&quot;:&quot;left&quot;,&quot;469777804&quot;:&quot;\uf0b7&quot;,&quot;469777815&quot;:&quot;hybridMultilevel&quot;}\" aria-setsize=\"-1\" data-aria-posinset=\"4\" data-aria-level=\"1\"><span data-contrast=\"auto\"><span data-ccp-charstyle=\"ui-provider\">Tomar conciencia de la importancia <\/span>actual del PLG en el mercado.\u00a0<\/span><span data-ccp-props=\"{&quot;201341983&quot;:0,&quot;335559739&quot;:160,&quot;335559740&quot;:360}\">\u00a0<\/span><\/li>\n<li data-leveltext=\"\uf0b7\" data-font=\"Symbol\" data-listid=\"1\" data-list-defn-props=\"{&quot;335552541&quot;:1,&quot;335559684&quot;:-2,&quot;335559685&quot;:720,&quot;335559991&quot;:360,&quot;469769226&quot;:&quot;Symbol&quot;,&quot;469769242&quot;:[8226],&quot;469777803&quot;:&quot;left&quot;,&quot;469777804&quot;:&quot;\uf0b7&quot;,&quot;469777815&quot;:&quot;hybridMultilevel&quot;}\" aria-setsize=\"-1\" data-aria-posinset=\"5\" data-aria-level=\"1\"><span data-contrast=\"auto\">Concienciar sobre la importancia centrada en el producto o servicio.<\/span><span data-ccp-props=\"{&quot;201341983&quot;:0,&quot;335559739&quot;:160,&quot;335559740&quot;:360}\">\u00a0<\/span><\/li>\n<\/ul>\n<p>\u00a0<\/p>\n<h2><strong>\u00bfA qui\u00e9n va dirigido?<\/strong><\/h2>\n<p><span class=\"TextRun SCXW170201128 BCX8\" lang=\"ES-ES\" xml:lang=\"ES-ES\" data-contrast=\"auto\"><span class=\"NormalTextRun AdvancedProofingIssueV2Themed SCXW170201128 BCX8\" data-ccp-charstyle=\"ui-provider\" data-ccp-charstyle-defn=\"{&quot;ObjectId&quot;:&quot;dfd31298-2ed3-40b2-a2d2-5a7602583a48|16&quot;,&quot;ClassId&quot;:1073872969,&quot;Properties&quot;:[469775450,&quot;ui-provider&quot;,201340122,&quot;1&quot;,134233614,&quot;true&quot;,469778129,&quot;ui-provider&quot;,335572020,&quot;1&quot;,469778324,&quot;Default Paragraph Font&quot;]}\">A t<\/span><span class=\"NormalTextRun AdvancedProofingIssueV2Themed SCXW170201128 BCX8\" data-ccp-charstyle=\"ui-provider\">odas aquellas personas que est\u00e9n en un proceso de <\/span><span class=\"NormalTextRun AdvancedProofingIssueV2Themed SCXW170201128 BCX8\" data-ccp-charstyle=\"ui-provider\">formaci\u00f3n de marketing o ventas, as\u00ed como emprendedores y trabajadores que deseen actualizar su modelo de estructura de negocio basado en el producto o servicio, para<\/span><span class=\"NormalTextRun AdvancedProofingIssueV2Themed SCXW170201128 BCX8\" data-ccp-charstyle=\"ui-provider\"> adquirir herrami<\/span><span class=\"NormalTextRun AdvancedProofingIssueV2Themed SCXW170201128 BCX8\" data-ccp-charstyle=\"ui-provider\">entas o conocimientos para implan<\/span><span class=\"NormalTextRun AdvancedProofingIssueV2Themed SCXW170201128 BCX8\" data-ccp-charstyle=\"ui-provider\">tarlo de manera exitosa.<\/span><span class=\"NormalTextRun SCXW170201128 BCX8\" data-ccp-charstyle=\"ui-provider\">\u202f<\/span><\/span><span class=\"EOP SCXW170201128 BCX8\" data-ccp-props=\"{&quot;201341983&quot;:0,&quot;335551550&quot;:6,&quot;335551620&quot;:6,&quot;335559739&quot;:160,&quot;335559740&quot;:276}\">\u00a0<\/span><\/p>\n","protected":false},"excerpt":{"rendered":"<p>\u00bfQu\u00e9 aprender\u00e1s en este seminario? El Product-led growth o crecimiento liderado por el producto (PLG) es una metodolog\u00eda comercial en la que la adquisici\u00f3n, expansi\u00f3n, conversi\u00f3n y retenci\u00f3n de usuarios o clientes, impulsado principalmente por el producto en s\u00ed. Crea una alineaci\u00f3n en toda la empresa entre los equipos, desde la ingenier\u00eda hasta las ventas [&hellip;]<\/p>\n","protected":false},"featured_media":0,"comment_status":"open","ping_status":"closed","template":"","meta":{"_acf_changed":false,"site-sidebar-layout":"default","site-content-layout":"","ast-site-content-layout":"","site-content-style":"default","site-sidebar-style":"default","ast-global-header-display":"","ast-banner-title-visibility":"","ast-main-header-display":"","ast-hfb-above-header-display":"","ast-hfb-below-header-display":"","ast-hfb-mobile-header-display":"","site-post-title":"","ast-breadcrumbs-content":"","ast-featured-img":"","footer-sml-layout":"","theme-transparent-header-meta":"","adv-header-id-meta":"","stick-header-meta":"","header-above-stick-meta":"","header-main-stick-meta":"","header-below-stick-meta":"","astra-migrate-meta-layouts":"default","ast-page-background-enabled":"default","ast-page-background-meta":{"desktop":{"background-color":"var(--ast-global-color-4)","background-image":"","background-repeat":"repeat","background-position":"center center","background-size":"auto","background-attachment":"scroll","background-type":"","background-media":"","overlay-type":"","overlay-color":"","overlay-opacity":"","overlay-gradient":""},"tablet":{"background-color":"","background-image":"","background-repeat":"repeat","background-position":"center center","background-size":"auto","background-attachment":"scroll","background-type":"","background-media":"","overlay-type":"","overlay-color":"","overlay-opacity":"","overlay-gradient":""},"mobile":{"background-color":"","background-image":"","background-repeat":"repeat","background-position":"center center","background-size":"auto","background-attachment":"scroll","background-type":"","background-media":"","overlay-type":"","overlay-color":"","overlay-opacity":"","overlay-gradient":""}},"ast-content-background-meta":{"desktop":{"background-color":"var(--ast-global-color-5)","background-image":"","background-repeat":"repeat","background-position":"center center","background-size":"auto","background-attachment":"scroll","background-type":"","background-media":"","overlay-type":"","overlay-color":"","overlay-opacity":"","overlay-gradient":""},"tablet":{"background-color":"var(--ast-global-color-5)","background-image":"","background-repeat":"repeat","background-position":"center center","background-size":"auto","background-attachment":"scroll","background-type":"","background-media":"","overlay-type":"","overlay-color":"","overlay-opacity":"","overlay-gradient":""},"mobile":{"background-color":"var(--ast-global-color-5)","background-image":"","background-repeat":"repeat","background-position":"center center","background-size":"auto","background-attachment":"scroll","background-type":"","background-media":"","overlay-type":"","overlay-color":"","overlay-opacity":"","overlay-gradient":""}}},"product_brand":[],"product_cat":[],"product_tag":[],"class_list":{"0":"post-2629","1":"product","2":"type-product","3":"status-publish","5":"desktop-align-center","6":"tablet-align-left","7":"mobile-align-left","9":"first","10":"instock","11":"downloadable","12":"virtual","13":"sold-individually","14":"purchasable","15":"product-type-webinar"},"acf":[],"yoast_head":"<!-- This site is optimized with the Yoast SEO plugin v24.3 - https:\/\/yoast.com\/wordpress\/plugins\/seo\/ -->\n<title>Product Led Growth: qu\u00e9 es y c\u00f3mo aplicarlo - Territorio INESEM<\/title>\n<meta name=\"robots\" content=\"index, follow, max-snippet:-1, max-image-preview:large, max-video-preview:-1\" \/>\n<link rel=\"canonical\" href=\"https:\/\/www.inesem.es\/territorio-inesem\/webinars-podcast\/product-led-growth-que-es-y-como-aplicarlo-2\/\" \/>\n<meta property=\"og:locale\" content=\"es_ES\" \/>\n<meta property=\"og:type\" content=\"article\" \/>\n<meta property=\"og:title\" content=\"Product Led Growth: qu\u00e9 es y c\u00f3mo aplicarlo - Territorio INESEM\" \/>\n<meta property=\"og:description\" content=\"\u00bfQu\u00e9 aprender\u00e1s en este seminario? El Product-led growth o crecimiento liderado por el producto (PLG) es una metodolog\u00eda comercial en la que la adquisici\u00f3n, expansi\u00f3n, conversi\u00f3n y retenci\u00f3n de usuarios o clientes, impulsado principalmente por el producto en s\u00ed. Crea una alineaci\u00f3n en toda la empresa entre los equipos, desde la ingenier\u00eda hasta las ventas [&hellip;]\" \/>\n<meta property=\"og:url\" content=\"https:\/\/www.inesem.es\/territorio-inesem\/webinars-podcast\/product-led-growth-que-es-y-como-aplicarlo-2\/\" \/>\n<meta property=\"og:site_name\" content=\"Territorio INESEM\" \/>\n<meta property=\"article:publisher\" content=\"https:\/\/www.facebook.com\/InesemBusinessSchool\" \/>\n<meta name=\"twitter:card\" content=\"summary_large_image\" \/>\n<meta name=\"twitter:site\" content=\"@inesem\" \/>\n<meta name=\"twitter:label1\" content=\"Tiempo de lectura\" \/>\n\t<meta name=\"twitter:data1\" content=\"1 minuto\" \/>\n<script type=\"application\/ld+json\" class=\"yoast-schema-graph\">{\"@context\":\"https:\/\/schema.org\",\"@graph\":[{\"@type\":\"WebPage\",\"@id\":\"https:\/\/www.inesem.es\/territorio-inesem\/webinars-podcast\/product-led-growth-que-es-y-como-aplicarlo-2\/\",\"url\":\"https:\/\/www.inesem.es\/territorio-inesem\/webinars-podcast\/product-led-growth-que-es-y-como-aplicarlo-2\/\",\"name\":\"Product Led Growth: qu\u00e9 es y c\u00f3mo aplicarlo - Territorio INESEM\",\"isPartOf\":{\"@id\":\"https:\/\/www.inesem.es\/territorio-inesem\/#website\"},\"datePublished\":\"2025-02-19T12:17:38+00:00\",\"dateModified\":\"2025-02-19T12:17:38+00:00\",\"breadcrumb\":{\"@id\":\"https:\/\/www.inesem.es\/territorio-inesem\/webinars-podcast\/product-led-growth-que-es-y-como-aplicarlo-2\/#breadcrumb\"},\"inLanguage\":\"es\",\"potentialAction\":[{\"@type\":\"ReadAction\",\"target\":[\"https:\/\/www.inesem.es\/territorio-inesem\/webinars-podcast\/product-led-growth-que-es-y-como-aplicarlo-2\/\"]}]},{\"@type\":\"BreadcrumbList\",\"@id\":\"https:\/\/www.inesem.es\/territorio-inesem\/webinars-podcast\/product-led-growth-que-es-y-como-aplicarlo-2\/#breadcrumb\",\"itemListElement\":[{\"@type\":\"ListItem\",\"position\":1,\"name\":\"Portada\",\"item\":\"https:\/\/www.inesem.es\/territorio-inesem\/\"},{\"@type\":\"ListItem\",\"position\":2,\"name\":\"Tienda\",\"item\":\"https:\/\/www.inesem.es\/territorio-inesem\/tienda\"},{\"@type\":\"ListItem\",\"position\":3,\"name\":\"Product Led Growth: qu\u00e9 es y c\u00f3mo aplicarlo\"}]},{\"@type\":\"WebSite\",\"@id\":\"https:\/\/www.inesem.es\/territorio-inesem\/#website\",\"url\":\"https:\/\/www.inesem.es\/territorio-inesem\/\",\"name\":\"Territorio INESEM\",\"description\":\"Webinars y podcast\",\"potentialAction\":[{\"@type\":\"SearchAction\",\"target\":{\"@type\":\"EntryPoint\",\"urlTemplate\":\"https:\/\/www.inesem.es\/territorio-inesem\/?s={search_term_string}\"},\"query-input\":{\"@type\":\"PropertyValueSpecification\",\"valueRequired\":true,\"valueName\":\"search_term_string\"}}],\"inLanguage\":\"es\"}]}<\/script>\n<!-- \/ Yoast SEO plugin. -->","yoast_head_json":{"title":"Product Led Growth: qu\u00e9 es y c\u00f3mo aplicarlo - Territorio INESEM","robots":{"index":"index","follow":"follow","max-snippet":"max-snippet:-1","max-image-preview":"max-image-preview:large","max-video-preview":"max-video-preview:-1"},"canonical":"https:\/\/www.inesem.es\/territorio-inesem\/webinars-podcast\/product-led-growth-que-es-y-como-aplicarlo-2\/","og_locale":"es_ES","og_type":"article","og_title":"Product Led Growth: qu\u00e9 es y c\u00f3mo aplicarlo - Territorio INESEM","og_description":"\u00bfQu\u00e9 aprender\u00e1s en este seminario? El Product-led growth o crecimiento liderado por el producto (PLG) es una metodolog\u00eda comercial en la que la adquisici\u00f3n, expansi\u00f3n, conversi\u00f3n y retenci\u00f3n de usuarios o clientes, impulsado principalmente por el producto en s\u00ed. Crea una alineaci\u00f3n en toda la empresa entre los equipos, desde la ingenier\u00eda hasta las ventas [&hellip;]","og_url":"https:\/\/www.inesem.es\/territorio-inesem\/webinars-podcast\/product-led-growth-que-es-y-como-aplicarlo-2\/","og_site_name":"Territorio INESEM","article_publisher":"https:\/\/www.facebook.com\/InesemBusinessSchool","twitter_card":"summary_large_image","twitter_site":"@inesem","twitter_misc":{"Tiempo de lectura":"1 minuto"},"schema":{"@context":"https:\/\/schema.org","@graph":[{"@type":"WebPage","@id":"https:\/\/www.inesem.es\/territorio-inesem\/webinars-podcast\/product-led-growth-que-es-y-como-aplicarlo-2\/","url":"https:\/\/www.inesem.es\/territorio-inesem\/webinars-podcast\/product-led-growth-que-es-y-como-aplicarlo-2\/","name":"Product Led Growth: qu\u00e9 es y c\u00f3mo aplicarlo - Territorio INESEM","isPartOf":{"@id":"https:\/\/www.inesem.es\/territorio-inesem\/#website"},"datePublished":"2025-02-19T12:17:38+00:00","dateModified":"2025-02-19T12:17:38+00:00","breadcrumb":{"@id":"https:\/\/www.inesem.es\/territorio-inesem\/webinars-podcast\/product-led-growth-que-es-y-como-aplicarlo-2\/#breadcrumb"},"inLanguage":"es","potentialAction":[{"@type":"ReadAction","target":["https:\/\/www.inesem.es\/territorio-inesem\/webinars-podcast\/product-led-growth-que-es-y-como-aplicarlo-2\/"]}]},{"@type":"BreadcrumbList","@id":"https:\/\/www.inesem.es\/territorio-inesem\/webinars-podcast\/product-led-growth-que-es-y-como-aplicarlo-2\/#breadcrumb","itemListElement":[{"@type":"ListItem","position":1,"name":"Portada","item":"https:\/\/www.inesem.es\/territorio-inesem\/"},{"@type":"ListItem","position":2,"name":"Tienda","item":"https:\/\/www.inesem.es\/territorio-inesem\/tienda"},{"@type":"ListItem","position":3,"name":"Product Led Growth: qu\u00e9 es y c\u00f3mo aplicarlo"}]},{"@type":"WebSite","@id":"https:\/\/www.inesem.es\/territorio-inesem\/#website","url":"https:\/\/www.inesem.es\/territorio-inesem\/","name":"Territorio INESEM","description":"Webinars y podcast","potentialAction":[{"@type":"SearchAction","target":{"@type":"EntryPoint","urlTemplate":"https:\/\/www.inesem.es\/territorio-inesem\/?s={search_term_string}"},"query-input":{"@type":"PropertyValueSpecification","valueRequired":true,"valueName":"search_term_string"}}],"inLanguage":"es"}]}},"_links":{"self":[{"href":"https:\/\/www.inesem.es\/territorio-inesem\/wp-json\/wp\/v2\/product\/2629","targetHints":{"allow":["GET"]}}],"collection":[{"href":"https:\/\/www.inesem.es\/territorio-inesem\/wp-json\/wp\/v2\/product"}],"about":[{"href":"https:\/\/www.inesem.es\/territorio-inesem\/wp-json\/wp\/v2\/types\/product"}],"replies":[{"embeddable":true,"href":"https:\/\/www.inesem.es\/territorio-inesem\/wp-json\/wp\/v2\/comments?post=2629"}],"wp:attachment":[{"href":"https:\/\/www.inesem.es\/territorio-inesem\/wp-json\/wp\/v2\/media?parent=2629"}],"wp:term":[{"taxonomy":"product_brand","embeddable":true,"href":"https:\/\/www.inesem.es\/territorio-inesem\/wp-json\/wp\/v2\/product_brand?post=2629"},{"taxonomy":"product_cat","embeddable":true,"href":"https:\/\/www.inesem.es\/territorio-inesem\/wp-json\/wp\/v2\/product_cat?post=2629"},{"taxonomy":"product_tag","embeddable":true,"href":"https:\/\/www.inesem.es\/territorio-inesem\/wp-json\/wp\/v2\/product_tag?post=2629"}],"curies":[{"name":"wp","href":"https:\/\/api.w.org\/{rel}","templated":true}]}}