{"id":2633,"date":"2025-02-25T11:23:49","date_gmt":"2025-02-25T10:23:49","guid":{"rendered":"https:\/\/www.inesem.es\/territorio-inesem\/?post_type=product&#038;p=2633"},"modified":"2025-03-04T08:22:33","modified_gmt":"2025-03-04T07:22:33","slug":"212-mujer-y-empresa","status":"publish","type":"product","link":"https:\/\/www.inesem.es\/territorio-inesem\/webinars-podcast\/212-mujer-y-empresa","title":{"rendered":"2&#215;12 Mujer y Empresa"},"content":{"rendered":"<h2><strong><span style=\"vertical-align: inherit;\"><span style=\"vertical-align: inherit;\">\u00bfQu\u00e9 aprender\u00e1s en este seminario?<\/span><\/span><\/strong><\/h2>\n<p><span class=\"TextRun SCXW243475842 BCX0\" lang=\"ES-ES\" xml:lang=\"ES-ES\" data-contrast=\"auto\"><span class=\"NormalTextRun SCXW243475842 BCX0\"><span style=\"vertical-align: inherit;\"><span style=\"vertical-align: inherit;\">\u00abMujer y Empresa<\/span><\/span><\/span><span class=\"NormalTextRun SCXW243475842 BCX0\"><span style=\"vertical-align: inherit;\"><span style=\"vertical-align: inherit;\">\u00a0<\/span><\/span><\/span><span class=\"NormalTextRun SCXW243475842 BCX0\"><span style=\"vertical-align: inherit;\"><span style=\"vertical-align: inherit;\">\u00bb es un podcast especial con motivo del 8 de marzo, D\u00eda Internacional de la Mujer. A lo largo del episodio, exploramos la evoluci\u00f3n del papel de la mujer en el mundo empresarial, los desaf\u00edos que a\u00fan persisten, las oportunidades para un liderazgo equitativo y la importancia de la diversidad en las organizaciones. A trav\u00e9s de una conversaci\u00f3n con Viridiana L\u00f3pez Rodr\u00edguez, directora de RRHH y operaciones de EDUCA EDTECH <\/span><\/span><\/span><span class=\"NormalTextRun SpellingErrorV2Themed SCXW243475842 BCX0\"><span style=\"vertical-align: inherit;\"><span style=\"vertical-align: inherit;\">Group <\/span><\/span><\/span><span class=\"NormalTextRun SCXW243475842 BCX0\"><span style=\"vertical-align: inherit;\"><span style=\"vertical-align: inherit;\">, analizamos el pasado, presente y futuro del trabajo femenino y el impacto que las empresas pueden generar en la construcci\u00f3n de una sociedad m\u00e1s igualitaria.<\/span><\/span><\/span><\/span><span class=\"EOP SCXW243475842 BCX0\" data-ccp-props=\"{&quot;335551550&quot;:6,&quot;335551620&quot;:6}\">\u00a0<\/span><\/p>\n<p>&nbsp;<\/p>\n<h2><strong><span style=\"vertical-align: inherit;\"><span style=\"vertical-align: inherit;\">Objetivos:<\/span><\/span><\/strong><\/h2>\n<ul>\n<li><span class=\"TextRun SCXW57182656 BCX0\" lang=\"ES-ES\" xml:lang=\"ES-ES\" data-contrast=\"auto\"><span class=\"NormalTextRun SCXW57182656 BCX0\" data-ccp-parastyle=\"Normal (Web)\"><span style=\"vertical-align: inherit;\"><span style=\"vertical-align: inherit;\">Reflexionar sobre la historia y los avances en la equidad de g\u00e9nero en el mundo laboral.<\/span><\/span><\/span><\/span><span class=\"EOP SCXW57182656 BCX0\" data-ccp-props=\"{&quot;134233117&quot;:true,&quot;134233118&quot;:true,&quot;201341983&quot;:0,&quot;335559740&quot;:240}\">\u00a0<\/span><\/li>\n<li><span class=\"TextRun SCXW184868034 BCX0\" lang=\"ES-ES\" xml:lang=\"ES-ES\" data-contrast=\"auto\"><span class=\"NormalTextRun SCXW184868034 BCX0\" data-ccp-parastyle=\"Normal (Web)\"><span style=\"vertical-align: inherit;\"><span style=\"vertical-align: inherit;\">Identificar los desaf\u00edos actuales que enfrentan las mujeres en las empresas.<\/span><\/span><\/span><\/span><span class=\"EOP SCXW184868034 BCX0\" data-ccp-props=\"{&quot;134233117&quot;:true,&quot;134233118&quot;:true,&quot;201341983&quot;:0,&quot;335559740&quot;:240}\">\u00a0<\/span><\/li>\n<li><span class=\"TextRun SCXW92009084 BCX0\" lang=\"ES-ES\" xml:lang=\"ES-ES\" data-contrast=\"auto\"><span class=\"NormalTextRun SCXW92009084 BCX0\" data-ccp-parastyle=\"Normal (Web)\"><span style=\"vertical-align: inherit;\"><span style=\"vertical-align: inherit;\">Analizar el impacto de la diversidad y la inclusi\u00f3n en el desarrollo empresarial.<\/span><\/span><\/span><\/span><span class=\"EOP SCXW92009084 BCX0\" data-ccp-props=\"{&quot;134233117&quot;:true,&quot;134233118&quot;:true,&quot;201341983&quot;:0,&quot;335559740&quot;:240}\">\u00a0<\/span><\/li>\n<li><span class=\"TextRun SCXW179556525 BCX0\" lang=\"ES-ES\" xml:lang=\"ES-ES\" data-contrast=\"auto\"><span class=\"NormalTextRun SCXW179556525 BCX0\" data-ccp-parastyle=\"Normal (Web)\"><span style=\"vertical-align: inherit;\"><span style=\"vertical-align: inherit;\">Inspirar a las mujeres a seguir avanzando en sus carreras profesionales y alcanzar puestos de liderazgo.<\/span><\/span><\/span><\/span><span class=\"EOP SCXW179556525 BCX0\" data-ccp-props=\"{&quot;134233117&quot;:true,&quot;134233118&quot;:true,&quot;201341983&quot;:0,&quot;335559740&quot;:240}\">\u00a0<\/span><\/li>\n<\/ul>\n<p>&nbsp;<\/p>\n<h2><strong><span style=\"vertical-align: inherit;\"><span style=\"vertical-align: inherit;\">\u00bfA qui\u00e9n va dirigido?<\/span><\/span><\/strong><\/h2>\n<p><span data-contrast=\"auto\"><span style=\"vertical-align: inherit;\"><span style=\"vertical-align: inherit;\">Profesionales y ejecutivos interesados \u200b\u200ben la equidad de g\u00e9nero en el trabajo, m<\/span><\/span><\/span><span data-contrast=\"auto\"><span style=\"vertical-align: inherit;\"><span style=\"vertical-align: inherit;\">ujeres que buscan inspiraci\u00f3n y herramientas para avanzar en sus carreras, l<\/span><\/span><\/span><span data-contrast=\"auto\"><span style=\"vertical-align: inherit;\"><span style=\"vertical-align: inherit;\">\u00edderes empresariales y responsables de recursos humanos comprometidos con la diversidad e inclusi\u00f3n, e<\/span><\/span><\/span><span data-contrast=\"auto\"><span style=\"vertical-align: inherit;\"><span style=\"vertical-align: inherit;\">studiantes y acad\u00e9micos que investigan sobre el rol de la mujer en el entorno laboral y\u00a0<\/span><\/span><\/span><span data-contrast=\"auto\"><span style=\"vertical-align: inherit;\"><span style=\"vertical-align: inherit;\">personas interesadas en la transformaci\u00f3n social y la construcci\u00f3n de un entorno laboral m\u00e1s justo.<\/span><\/span><\/span><span data-ccp-props=\"{&quot;335551550&quot;:6,&quot;335551620&quot;:6}\">\u00a0<\/span><\/p>\n","protected":false},"excerpt":{"rendered":"<p>\u00bfQu\u00e9 aprender\u00e1s en este seminario? \u00abMujer y Empresa\u00a0\u00bb es un podcast especial con motivo del 8 de marzo, D\u00eda Internacional de la Mujer. A lo largo del episodio, exploramos la evoluci\u00f3n del papel de la mujer en el mundo empresarial, los desaf\u00edos que a\u00fan persisten, las oportunidades para un liderazgo equitativo y la importancia de [&hellip;]<\/p>\n","protected":false},"featured_media":2635,"comment_status":"open","ping_status":"closed","template":"","meta":{"_acf_changed":false,"site-sidebar-layout":"default","site-content-layout":"","ast-site-content-layout":"default","site-content-style":"default","site-sidebar-style":"default","ast-global-header-display":"","ast-banner-title-visibility":"","ast-main-header-display":"","ast-hfb-above-header-display":"","ast-hfb-below-header-display":"","ast-hfb-mobile-header-display":"","site-post-title":"","ast-breadcrumbs-content":"","ast-featured-img":"","footer-sml-layout":"","theme-transparent-header-meta":"default","adv-header-id-meta":"","stick-header-meta":"","header-above-stick-meta":"","header-main-stick-meta":"","header-below-stick-meta":"","astra-migrate-meta-layouts":"set","ast-page-background-enabled":"default","ast-page-background-meta":{"desktop":{"background-color":"var(--ast-global-color-4)","background-image":"","background-repeat":"repeat","background-position":"center center","background-size":"auto","background-attachment":"scroll","background-type":"","background-media":"","overlay-type":"","overlay-color":"","overlay-opacity":"","overlay-gradient":""},"tablet":{"background-color":"","background-image":"","background-repeat":"repeat","background-position":"center center","background-size":"auto","background-attachment":"scroll","background-type":"","background-media":"","overlay-type":"","overlay-color":"","overlay-opacity":"","overlay-gradient":""},"mobile":{"background-color":"","background-image":"","background-repeat":"repeat","background-position":"center center","background-size":"auto","background-attachment":"scroll","background-type":"","background-media":"","overlay-type":"","overlay-color":"","overlay-opacity":"","overlay-gradient":""}},"ast-content-background-meta":{"desktop":{"background-color":"var(--ast-global-color-5)","background-image":"","background-repeat":"repeat","background-position":"center center","background-size":"auto","background-attachment":"scroll","background-type":"","background-media":"","overlay-type":"","overlay-color":"","overlay-opacity":"","overlay-gradient":""},"tablet":{"background-color":"var(--ast-global-color-5)","background-image":"","background-repeat":"repeat","background-position":"center center","background-size":"auto","background-attachment":"scroll","background-type":"","background-media":"","overlay-type":"","overlay-color":"","overlay-opacity":"","overlay-gradient":""},"mobile":{"background-color":"var(--ast-global-color-5)","background-image":"","background-repeat":"repeat","background-position":"center center","background-size":"auto","background-attachment":"scroll","background-type":"","background-media":"","overlay-type":"","overlay-color":"","overlay-opacity":"","overlay-gradient":""}}},"product_brand":[],"product_cat":[30],"product_tag":[],"class_list":{"0":"post-2633","1":"product","2":"type-product","3":"status-publish","4":"has-post-thumbnail","6":"product_cat-pasados","7":"desktop-align-center","8":"tablet-align-left","9":"mobile-align-left","11":"first","12":"instock","13":"downloadable","14":"virtual","15":"sold-individually","16":"purchasable","17":"product-type-webinar"},"acf":[],"yoast_head":"<!-- This site is optimized with the Yoast SEO plugin v24.3 - https:\/\/yoast.com\/wordpress\/plugins\/seo\/ -->\n<title>2x12 Mujer y Empresa - Territorio INESEM<\/title>\n<meta name=\"description\" content=\"Descubre el nuevo contenido en abierto sobre Mujer y Empresa de la mano de Viridiana L\u00f3pez.\" \/>\n<meta name=\"robots\" content=\"index, follow, max-snippet:-1, max-image-preview:large, max-video-preview:-1\" \/>\n<link rel=\"canonical\" href=\"https:\/\/www.inesem.es\/territorio-inesem\/webinars-podcast\/212-mujer-y-empresa\/\" \/>\n<meta property=\"og:locale\" content=\"es_ES\" \/>\n<meta property=\"og:type\" content=\"article\" \/>\n<meta property=\"og:title\" content=\"2x12 Mujer y Empresa - Territorio INESEM\" \/>\n<meta property=\"og:description\" content=\"Descubre el nuevo contenido en abierto sobre Mujer y Empresa de la mano de Viridiana L\u00f3pez.\" \/>\n<meta property=\"og:url\" content=\"https:\/\/www.inesem.es\/territorio-inesem\/webinars-podcast\/212-mujer-y-empresa\/\" \/>\n<meta property=\"og:site_name\" content=\"Territorio INESEM\" \/>\n<meta property=\"article:publisher\" content=\"https:\/\/www.facebook.com\/InesemBusinessSchool\" \/>\n<meta property=\"article:modified_time\" content=\"2025-03-04T07:22:33+00:00\" \/>\n<meta property=\"og:image\" content=\"https:\/\/www.inesem.es\/territorio-inesem\/wp-content\/uploads\/2025\/02\/Imagen-web-4.png\" \/>\n\t<meta property=\"og:image:width\" content=\"1200\" \/>\n\t<meta property=\"og:image:height\" content=\"1200\" \/>\n\t<meta property=\"og:image:type\" content=\"image\/png\" \/>\n<meta name=\"twitter:card\" content=\"summary_large_image\" \/>\n<meta name=\"twitter:site\" content=\"@inesem\" \/>\n<meta name=\"twitter:label1\" content=\"Tiempo de lectura\" \/>\n\t<meta name=\"twitter:data1\" content=\"2 minutos\" \/>\n<script type=\"application\/ld+json\" class=\"yoast-schema-graph\">{\"@context\":\"https:\/\/schema.org\",\"@graph\":[{\"@type\":\"WebPage\",\"@id\":\"https:\/\/www.inesem.es\/territorio-inesem\/webinars-podcast\/212-mujer-y-empresa\/\",\"url\":\"https:\/\/www.inesem.es\/territorio-inesem\/webinars-podcast\/212-mujer-y-empresa\/\",\"name\":\"2x12 Mujer y Empresa - Territorio INESEM\",\"isPartOf\":{\"@id\":\"https:\/\/www.inesem.es\/territorio-inesem\/#website\"},\"primaryImageOfPage\":{\"@id\":\"https:\/\/www.inesem.es\/territorio-inesem\/webinars-podcast\/212-mujer-y-empresa\/#primaryimage\"},\"image\":{\"@id\":\"https:\/\/www.inesem.es\/territorio-inesem\/webinars-podcast\/212-mujer-y-empresa\/#primaryimage\"},\"thumbnailUrl\":\"https:\/\/www.inesem.es\/territorio-inesem\/wp-content\/uploads\/2025\/02\/Imagen-web-4.png\",\"datePublished\":\"2025-02-25T10:23:49+00:00\",\"dateModified\":\"2025-03-04T07:22:33+00:00\",\"description\":\"Descubre el nuevo contenido en abierto sobre Mujer y Empresa de la mano de Viridiana L\u00f3pez.\",\"breadcrumb\":{\"@id\":\"https:\/\/www.inesem.es\/territorio-inesem\/webinars-podcast\/212-mujer-y-empresa\/#breadcrumb\"},\"inLanguage\":\"es\",\"potentialAction\":[{\"@type\":\"ReadAction\",\"target\":[\"https:\/\/www.inesem.es\/territorio-inesem\/webinars-podcast\/212-mujer-y-empresa\/\"]}]},{\"@type\":\"ImageObject\",\"inLanguage\":\"es\",\"@id\":\"https:\/\/www.inesem.es\/territorio-inesem\/webinars-podcast\/212-mujer-y-empresa\/#primaryimage\",\"url\":\"https:\/\/www.inesem.es\/territorio-inesem\/wp-content\/uploads\/2025\/02\/Imagen-web-4.png\",\"contentUrl\":\"https:\/\/www.inesem.es\/territorio-inesem\/wp-content\/uploads\/2025\/02\/Imagen-web-4.png\",\"width\":1200,\"height\":1200},{\"@type\":\"BreadcrumbList\",\"@id\":\"https:\/\/www.inesem.es\/territorio-inesem\/webinars-podcast\/212-mujer-y-empresa\/#breadcrumb\",\"itemListElement\":[{\"@type\":\"ListItem\",\"position\":1,\"name\":\"Portada\",\"item\":\"https:\/\/www.inesem.es\/territorio-inesem\/\"},{\"@type\":\"ListItem\",\"position\":2,\"name\":\"Tienda\",\"item\":\"https:\/\/www.inesem.es\/territorio-inesem\/tienda\"},{\"@type\":\"ListItem\",\"position\":3,\"name\":\"2&#215;12 Mujer y Empresa\"}]},{\"@type\":\"WebSite\",\"@id\":\"https:\/\/www.inesem.es\/territorio-inesem\/#website\",\"url\":\"https:\/\/www.inesem.es\/territorio-inesem\/\",\"name\":\"Territorio INESEM\",\"description\":\"Webinars y podcast\",\"potentialAction\":[{\"@type\":\"SearchAction\",\"target\":{\"@type\":\"EntryPoint\",\"urlTemplate\":\"https:\/\/www.inesem.es\/territorio-inesem\/?s={search_term_string}\"},\"query-input\":{\"@type\":\"PropertyValueSpecification\",\"valueRequired\":true,\"valueName\":\"search_term_string\"}}],\"inLanguage\":\"es\"}]}<\/script>\n<!-- \/ Yoast SEO plugin. -->","yoast_head_json":{"title":"2x12 Mujer y Empresa - Territorio INESEM","description":"Descubre el nuevo contenido en abierto sobre Mujer y Empresa de la mano de Viridiana L\u00f3pez.","robots":{"index":"index","follow":"follow","max-snippet":"max-snippet:-1","max-image-preview":"max-image-preview:large","max-video-preview":"max-video-preview:-1"},"canonical":"https:\/\/www.inesem.es\/territorio-inesem\/webinars-podcast\/212-mujer-y-empresa\/","og_locale":"es_ES","og_type":"article","og_title":"2x12 Mujer y Empresa - Territorio INESEM","og_description":"Descubre el nuevo contenido en abierto sobre Mujer y Empresa de la mano de Viridiana L\u00f3pez.","og_url":"https:\/\/www.inesem.es\/territorio-inesem\/webinars-podcast\/212-mujer-y-empresa\/","og_site_name":"Territorio INESEM","article_publisher":"https:\/\/www.facebook.com\/InesemBusinessSchool","article_modified_time":"2025-03-04T07:22:33+00:00","og_image":[{"width":1200,"height":1200,"url":"https:\/\/www.inesem.es\/territorio-inesem\/wp-content\/uploads\/2025\/02\/Imagen-web-4.png","type":"image\/png"}],"twitter_card":"summary_large_image","twitter_site":"@inesem","twitter_misc":{"Tiempo de lectura":"2 minutos"},"schema":{"@context":"https:\/\/schema.org","@graph":[{"@type":"WebPage","@id":"https:\/\/www.inesem.es\/territorio-inesem\/webinars-podcast\/212-mujer-y-empresa\/","url":"https:\/\/www.inesem.es\/territorio-inesem\/webinars-podcast\/212-mujer-y-empresa\/","name":"2x12 Mujer y Empresa - Territorio INESEM","isPartOf":{"@id":"https:\/\/www.inesem.es\/territorio-inesem\/#website"},"primaryImageOfPage":{"@id":"https:\/\/www.inesem.es\/territorio-inesem\/webinars-podcast\/212-mujer-y-empresa\/#primaryimage"},"image":{"@id":"https:\/\/www.inesem.es\/territorio-inesem\/webinars-podcast\/212-mujer-y-empresa\/#primaryimage"},"thumbnailUrl":"https:\/\/www.inesem.es\/territorio-inesem\/wp-content\/uploads\/2025\/02\/Imagen-web-4.png","datePublished":"2025-02-25T10:23:49+00:00","dateModified":"2025-03-04T07:22:33+00:00","description":"Descubre el nuevo contenido en abierto sobre Mujer y Empresa de la mano de Viridiana L\u00f3pez.","breadcrumb":{"@id":"https:\/\/www.inesem.es\/territorio-inesem\/webinars-podcast\/212-mujer-y-empresa\/#breadcrumb"},"inLanguage":"es","potentialAction":[{"@type":"ReadAction","target":["https:\/\/www.inesem.es\/territorio-inesem\/webinars-podcast\/212-mujer-y-empresa\/"]}]},{"@type":"ImageObject","inLanguage":"es","@id":"https:\/\/www.inesem.es\/territorio-inesem\/webinars-podcast\/212-mujer-y-empresa\/#primaryimage","url":"https:\/\/www.inesem.es\/territorio-inesem\/wp-content\/uploads\/2025\/02\/Imagen-web-4.png","contentUrl":"https:\/\/www.inesem.es\/territorio-inesem\/wp-content\/uploads\/2025\/02\/Imagen-web-4.png","width":1200,"height":1200},{"@type":"BreadcrumbList","@id":"https:\/\/www.inesem.es\/territorio-inesem\/webinars-podcast\/212-mujer-y-empresa\/#breadcrumb","itemListElement":[{"@type":"ListItem","position":1,"name":"Portada","item":"https:\/\/www.inesem.es\/territorio-inesem\/"},{"@type":"ListItem","position":2,"name":"Tienda","item":"https:\/\/www.inesem.es\/territorio-inesem\/tienda"},{"@type":"ListItem","position":3,"name":"2&#215;12 Mujer y Empresa"}]},{"@type":"WebSite","@id":"https:\/\/www.inesem.es\/territorio-inesem\/#website","url":"https:\/\/www.inesem.es\/territorio-inesem\/","name":"Territorio INESEM","description":"Webinars y podcast","potentialAction":[{"@type":"SearchAction","target":{"@type":"EntryPoint","urlTemplate":"https:\/\/www.inesem.es\/territorio-inesem\/?s={search_term_string}"},"query-input":{"@type":"PropertyValueSpecification","valueRequired":true,"valueName":"search_term_string"}}],"inLanguage":"es"}]}},"_links":{"self":[{"href":"https:\/\/www.inesem.es\/territorio-inesem\/wp-json\/wp\/v2\/product\/2633","targetHints":{"allow":["GET"]}}],"collection":[{"href":"https:\/\/www.inesem.es\/territorio-inesem\/wp-json\/wp\/v2\/product"}],"about":[{"href":"https:\/\/www.inesem.es\/territorio-inesem\/wp-json\/wp\/v2\/types\/product"}],"replies":[{"embeddable":true,"href":"https:\/\/www.inesem.es\/territorio-inesem\/wp-json\/wp\/v2\/comments?post=2633"}],"wp:featuredmedia":[{"embeddable":true,"href":"https:\/\/www.inesem.es\/territorio-inesem\/wp-json\/wp\/v2\/media\/2635"}],"wp:attachment":[{"href":"https:\/\/www.inesem.es\/territorio-inesem\/wp-json\/wp\/v2\/media?parent=2633"}],"wp:term":[{"taxonomy":"product_brand","embeddable":true,"href":"https:\/\/www.inesem.es\/territorio-inesem\/wp-json\/wp\/v2\/product_brand?post=2633"},{"taxonomy":"product_cat","embeddable":true,"href":"https:\/\/www.inesem.es\/territorio-inesem\/wp-json\/wp\/v2\/product_cat?post=2633"},{"taxonomy":"product_tag","embeddable":true,"href":"https:\/\/www.inesem.es\/territorio-inesem\/wp-json\/wp\/v2\/product_tag?post=2633"}],"curies":[{"name":"wp","href":"https:\/\/api.w.org\/{rel}","templated":true}]}}