{"id":2638,"date":"2025-02-25T12:02:07","date_gmt":"2025-02-25T11:02:07","guid":{"rendered":"https:\/\/www.inesem.es\/territorio-inesem\/?post_type=product&#038;p=2638"},"modified":"2025-07-02T10:58:15","modified_gmt":"2025-07-02T08:58:15","slug":"213-como-usar-whatsapp-business-de-forma-eficaz","status":"publish","type":"product","link":"https:\/\/www.inesem.es\/territorio-inesem\/webinars-podcast\/213-como-usar-whatsapp-business-de-forma-eficaz","title":{"rendered":"2&#215;13 C\u00f3mo Usar Whatsapp Business de Forma Eficaz"},"content":{"rendered":"<h2><strong>\u00bfQu\u00e9 aprender\u00e1s en este seminario?<\/strong><\/h2>\n<p><span data-contrast=\"none\">En este podcast aprender\u00e1s a aprovechar al m\u00e1ximo WhatsApp Business para optimizar la comunicaci\u00f3n con tus clientes.\u00a0<\/span><span data-contrast=\"none\">Exploraremos estrategias y herramientas que te ayudar\u00e1n a mejorar tantos las ventas como la atenci\u00f3n al cliente.\u00a0<\/span><span data-contrast=\"none\">Descubre c\u00f3mo crear una experiencia personalizada y construir relaciones m\u00e1s cercanas con tus clientes a trav\u00e9s de esta potente herramienta de mensajer\u00eda.\u00a0<\/span><span data-ccp-props=\"{&quot;335551550&quot;:6,&quot;335551620&quot;:6}\">\u00a0<\/span><\/p>\n<p>&nbsp;<\/p>\n<h2><strong>Objetivos:<\/strong><\/h2>\n<ul>\n<li><span data-contrast=\"auto\">Identificar y desmitificar seis conceptos err\u00f3neos comunes sobre la venta.<\/span><\/li>\n<li><span data-contrast=\"auto\">Entender las realidades que pueden transformar la percepci\u00f3n de la venta.<\/span><\/li>\n<li><span data-contrast=\"auto\">Aprender a disfrutar del proceso de vender mediante un enfoque centrado en el cliente.<\/span><\/li>\n<li><span data-contrast=\"auto\">Mejorar habilidades de ventas tanto para profesionales como para emprendedores.<\/span><\/li>\n<li><span data-contrast=\"auto\">Desarrollar t\u00e9cnicas para generar confianza y establecer relaciones duraderas con los clientes<\/span><\/li>\n<\/ul>\n<p>&nbsp;<\/p>\n<h2><strong>\u00bfA qui\u00e9n va dirigido?<\/strong><\/h2>\n<p><span class=\"TextRun SCXW222589785 BCX0\" lang=\"ES-ES\" xml:lang=\"ES-ES\" data-contrast=\"none\"><span class=\"NormalTextRun SCXW222589785 BCX0\">Ideal para emprendedores, <\/span><span class=\"NormalTextRun SCXW222589785 BCX0\">pymes<\/span><span class=\"NormalTextRun SCXW222589785 BCX0\"> y equipos de atenci\u00f3n al cliente que buscan llevar su servicio al siguiente nivel<\/span><span class=\"NormalTextRun SCXW222589785 BCX0\">.<\/span><\/span><span class=\"EOP SCXW222589785 BCX0\" data-ccp-props=\"{&quot;335551550&quot;:6,&quot;335551620&quot;:6}\">\u00a0<\/span><\/p>\n","protected":false},"excerpt":{"rendered":"<p>\u00bfQu\u00e9 aprender\u00e1s en este seminario? En este podcast aprender\u00e1s a aprovechar al m\u00e1ximo WhatsApp Business para optimizar la comunicaci\u00f3n con tus clientes.\u00a0Exploraremos estrategias y herramientas que te ayudar\u00e1n a mejorar tantos las ventas como la atenci\u00f3n al cliente.\u00a0Descubre c\u00f3mo crear una experiencia personalizada y construir relaciones m\u00e1s cercanas con tus clientes a trav\u00e9s de esta [&hellip;]<\/p>\n","protected":false},"featured_media":2640,"comment_status":"open","ping_status":"closed","template":"","meta":{"_acf_changed":false,"site-sidebar-layout":"default","site-content-layout":"","ast-site-content-layout":"default","site-content-style":"default","site-sidebar-style":"default","ast-global-header-display":"","ast-banner-title-visibility":"","ast-main-header-display":"","ast-hfb-above-header-display":"","ast-hfb-below-header-display":"","ast-hfb-mobile-header-display":"","site-post-title":"","ast-breadcrumbs-content":"","ast-featured-img":"","footer-sml-layout":"","theme-transparent-header-meta":"default","adv-header-id-meta":"","stick-header-meta":"","header-above-stick-meta":"","header-main-stick-meta":"","header-below-stick-meta":"","astra-migrate-meta-layouts":"set","ast-page-background-enabled":"default","ast-page-background-meta":{"desktop":{"background-color":"var(--ast-global-color-4)","background-image":"","background-repeat":"repeat","background-position":"center center","background-size":"auto","background-attachment":"scroll","background-type":"","background-media":"","overlay-type":"","overlay-color":"","overlay-opacity":"","overlay-gradient":""},"tablet":{"background-color":"","background-image":"","background-repeat":"repeat","background-position":"center center","background-size":"auto","background-attachment":"scroll","background-type":"","background-media":"","overlay-type":"","overlay-color":"","overlay-opacity":"","overlay-gradient":""},"mobile":{"background-color":"","background-image":"","background-repeat":"repeat","background-position":"center center","background-size":"auto","background-attachment":"scroll","background-type":"","background-media":"","overlay-type":"","overlay-color":"","overlay-opacity":"","overlay-gradient":""}},"ast-content-background-meta":{"desktop":{"background-color":"var(--ast-global-color-5)","background-image":"","background-repeat":"repeat","background-position":"center center","background-size":"auto","background-attachment":"scroll","background-type":"","background-media":"","overlay-type":"","overlay-color":"","overlay-opacity":"","overlay-gradient":""},"tablet":{"background-color":"var(--ast-global-color-5)","background-image":"","background-repeat":"repeat","background-position":"center center","background-size":"auto","background-attachment":"scroll","background-type":"","background-media":"","overlay-type":"","overlay-color":"","overlay-opacity":"","overlay-gradient":""},"mobile":{"background-color":"var(--ast-global-color-5)","background-image":"","background-repeat":"repeat","background-position":"center center","background-size":"auto","background-attachment":"scroll","background-type":"","background-media":"","overlay-type":"","overlay-color":"","overlay-opacity":"","overlay-gradient":""}}},"product_brand":[],"product_cat":[30],"product_tag":[],"class_list":{"0":"post-2638","1":"product","2":"type-product","3":"status-publish","4":"has-post-thumbnail","6":"product_cat-pasados","7":"desktop-align-center","8":"tablet-align-left","9":"mobile-align-left","11":"first","12":"instock","13":"downloadable","14":"virtual","15":"sold-individually","16":"purchasable","17":"product-type-webinar"},"acf":[],"yoast_head":"<!-- This site is optimized with the Yoast SEO plugin v24.3 - https:\/\/yoast.com\/wordpress\/plugins\/seo\/ -->\n<title>2x13 C\u00f3mo Usar Whatsapp Business de Forma Eficaz - Territorio INESEM<\/title>\n<meta name=\"description\" content=\"Descubre el nuevo contenido en abierto sobre C\u00f3mo Usar Whatsapp Business de Forma Eficaz de la mano de Antonio Lahaba.\" \/>\n<meta name=\"robots\" content=\"index, follow, max-snippet:-1, max-image-preview:large, max-video-preview:-1\" \/>\n<link rel=\"canonical\" href=\"https:\/\/www.inesem.es\/territorio-inesem\/webinars-podcast\/213-como-usar-whatsapp-business-de-forma-eficaz\/\" \/>\n<meta property=\"og:locale\" content=\"es_ES\" \/>\n<meta property=\"og:type\" content=\"article\" \/>\n<meta property=\"og:title\" content=\"2x13 C\u00f3mo Usar Whatsapp Business de Forma Eficaz - Territorio INESEM\" \/>\n<meta property=\"og:description\" content=\"Descubre el nuevo contenido en abierto sobre C\u00f3mo Usar Whatsapp Business de Forma Eficaz de la mano de Antonio Lahaba.\" \/>\n<meta property=\"og:url\" content=\"https:\/\/www.inesem.es\/territorio-inesem\/webinars-podcast\/213-como-usar-whatsapp-business-de-forma-eficaz\/\" \/>\n<meta property=\"og:site_name\" content=\"Territorio INESEM\" \/>\n<meta property=\"article:publisher\" content=\"https:\/\/www.facebook.com\/InesemBusinessSchool\" \/>\n<meta property=\"article:modified_time\" content=\"2025-07-02T08:58:15+00:00\" \/>\n<meta property=\"og:image\" content=\"https:\/\/www.inesem.es\/territorio-inesem\/wp-content\/uploads\/2025\/02\/Imagen-web-6.png\" \/>\n\t<meta property=\"og:image:width\" content=\"1200\" \/>\n\t<meta property=\"og:image:height\" content=\"1200\" \/>\n\t<meta property=\"og:image:type\" content=\"image\/png\" \/>\n<meta name=\"twitter:card\" content=\"summary_large_image\" \/>\n<meta name=\"twitter:site\" content=\"@inesem\" \/>\n<meta name=\"twitter:label1\" content=\"Tiempo de lectura\" \/>\n\t<meta name=\"twitter:data1\" content=\"1 minuto\" \/>\n<script type=\"application\/ld+json\" class=\"yoast-schema-graph\">{\"@context\":\"https:\/\/schema.org\",\"@graph\":[{\"@type\":\"WebPage\",\"@id\":\"https:\/\/www.inesem.es\/territorio-inesem\/webinars-podcast\/213-como-usar-whatsapp-business-de-forma-eficaz\/\",\"url\":\"https:\/\/www.inesem.es\/territorio-inesem\/webinars-podcast\/213-como-usar-whatsapp-business-de-forma-eficaz\/\",\"name\":\"2x13 C\u00f3mo Usar Whatsapp Business de Forma Eficaz - Territorio INESEM\",\"isPartOf\":{\"@id\":\"https:\/\/www.inesem.es\/territorio-inesem\/#website\"},\"primaryImageOfPage\":{\"@id\":\"https:\/\/www.inesem.es\/territorio-inesem\/webinars-podcast\/213-como-usar-whatsapp-business-de-forma-eficaz\/#primaryimage\"},\"image\":{\"@id\":\"https:\/\/www.inesem.es\/territorio-inesem\/webinars-podcast\/213-como-usar-whatsapp-business-de-forma-eficaz\/#primaryimage\"},\"thumbnailUrl\":\"https:\/\/www.inesem.es\/territorio-inesem\/wp-content\/uploads\/2025\/02\/Imagen-web-6.png\",\"datePublished\":\"2025-02-25T11:02:07+00:00\",\"dateModified\":\"2025-07-02T08:58:15+00:00\",\"description\":\"Descubre el nuevo contenido en abierto sobre C\u00f3mo Usar Whatsapp Business de Forma Eficaz de la mano de Antonio Lahaba.\",\"breadcrumb\":{\"@id\":\"https:\/\/www.inesem.es\/territorio-inesem\/webinars-podcast\/213-como-usar-whatsapp-business-de-forma-eficaz\/#breadcrumb\"},\"inLanguage\":\"es\",\"potentialAction\":[{\"@type\":\"ReadAction\",\"target\":[\"https:\/\/www.inesem.es\/territorio-inesem\/webinars-podcast\/213-como-usar-whatsapp-business-de-forma-eficaz\/\"]}]},{\"@type\":\"ImageObject\",\"inLanguage\":\"es\",\"@id\":\"https:\/\/www.inesem.es\/territorio-inesem\/webinars-podcast\/213-como-usar-whatsapp-business-de-forma-eficaz\/#primaryimage\",\"url\":\"https:\/\/www.inesem.es\/territorio-inesem\/wp-content\/uploads\/2025\/02\/Imagen-web-6.png\",\"contentUrl\":\"https:\/\/www.inesem.es\/territorio-inesem\/wp-content\/uploads\/2025\/02\/Imagen-web-6.png\",\"width\":1200,\"height\":1200},{\"@type\":\"BreadcrumbList\",\"@id\":\"https:\/\/www.inesem.es\/territorio-inesem\/webinars-podcast\/213-como-usar-whatsapp-business-de-forma-eficaz\/#breadcrumb\",\"itemListElement\":[{\"@type\":\"ListItem\",\"position\":1,\"name\":\"Portada\",\"item\":\"https:\/\/www.inesem.es\/territorio-inesem\/\"},{\"@type\":\"ListItem\",\"position\":2,\"name\":\"Tienda\",\"item\":\"https:\/\/www.inesem.es\/territorio-inesem\/tienda\"},{\"@type\":\"ListItem\",\"position\":3,\"name\":\"2&#215;13 C\u00f3mo Usar Whatsapp Business de Forma Eficaz\"}]},{\"@type\":\"WebSite\",\"@id\":\"https:\/\/www.inesem.es\/territorio-inesem\/#website\",\"url\":\"https:\/\/www.inesem.es\/territorio-inesem\/\",\"name\":\"Territorio INESEM\",\"description\":\"Webinars y podcast\",\"potentialAction\":[{\"@type\":\"SearchAction\",\"target\":{\"@type\":\"EntryPoint\",\"urlTemplate\":\"https:\/\/www.inesem.es\/territorio-inesem\/?s={search_term_string}\"},\"query-input\":{\"@type\":\"PropertyValueSpecification\",\"valueRequired\":true,\"valueName\":\"search_term_string\"}}],\"inLanguage\":\"es\"}]}<\/script>\n<!-- \/ Yoast SEO plugin. -->","yoast_head_json":{"title":"2x13 C\u00f3mo Usar Whatsapp Business de Forma Eficaz - Territorio INESEM","description":"Descubre el nuevo contenido en abierto sobre C\u00f3mo Usar Whatsapp Business de Forma Eficaz de la mano de Antonio Lahaba.","robots":{"index":"index","follow":"follow","max-snippet":"max-snippet:-1","max-image-preview":"max-image-preview:large","max-video-preview":"max-video-preview:-1"},"canonical":"https:\/\/www.inesem.es\/territorio-inesem\/webinars-podcast\/213-como-usar-whatsapp-business-de-forma-eficaz\/","og_locale":"es_ES","og_type":"article","og_title":"2x13 C\u00f3mo Usar Whatsapp Business de Forma Eficaz - Territorio INESEM","og_description":"Descubre el nuevo contenido en abierto sobre C\u00f3mo Usar Whatsapp Business de Forma Eficaz de la mano de Antonio Lahaba.","og_url":"https:\/\/www.inesem.es\/territorio-inesem\/webinars-podcast\/213-como-usar-whatsapp-business-de-forma-eficaz\/","og_site_name":"Territorio INESEM","article_publisher":"https:\/\/www.facebook.com\/InesemBusinessSchool","article_modified_time":"2025-07-02T08:58:15+00:00","og_image":[{"width":1200,"height":1200,"url":"https:\/\/www.inesem.es\/territorio-inesem\/wp-content\/uploads\/2025\/02\/Imagen-web-6.png","type":"image\/png"}],"twitter_card":"summary_large_image","twitter_site":"@inesem","twitter_misc":{"Tiempo de lectura":"1 minuto"},"schema":{"@context":"https:\/\/schema.org","@graph":[{"@type":"WebPage","@id":"https:\/\/www.inesem.es\/territorio-inesem\/webinars-podcast\/213-como-usar-whatsapp-business-de-forma-eficaz\/","url":"https:\/\/www.inesem.es\/territorio-inesem\/webinars-podcast\/213-como-usar-whatsapp-business-de-forma-eficaz\/","name":"2x13 C\u00f3mo Usar Whatsapp Business de Forma Eficaz - Territorio INESEM","isPartOf":{"@id":"https:\/\/www.inesem.es\/territorio-inesem\/#website"},"primaryImageOfPage":{"@id":"https:\/\/www.inesem.es\/territorio-inesem\/webinars-podcast\/213-como-usar-whatsapp-business-de-forma-eficaz\/#primaryimage"},"image":{"@id":"https:\/\/www.inesem.es\/territorio-inesem\/webinars-podcast\/213-como-usar-whatsapp-business-de-forma-eficaz\/#primaryimage"},"thumbnailUrl":"https:\/\/www.inesem.es\/territorio-inesem\/wp-content\/uploads\/2025\/02\/Imagen-web-6.png","datePublished":"2025-02-25T11:02:07+00:00","dateModified":"2025-07-02T08:58:15+00:00","description":"Descubre el nuevo contenido en abierto sobre C\u00f3mo Usar Whatsapp Business de Forma Eficaz de la mano de Antonio Lahaba.","breadcrumb":{"@id":"https:\/\/www.inesem.es\/territorio-inesem\/webinars-podcast\/213-como-usar-whatsapp-business-de-forma-eficaz\/#breadcrumb"},"inLanguage":"es","potentialAction":[{"@type":"ReadAction","target":["https:\/\/www.inesem.es\/territorio-inesem\/webinars-podcast\/213-como-usar-whatsapp-business-de-forma-eficaz\/"]}]},{"@type":"ImageObject","inLanguage":"es","@id":"https:\/\/www.inesem.es\/territorio-inesem\/webinars-podcast\/213-como-usar-whatsapp-business-de-forma-eficaz\/#primaryimage","url":"https:\/\/www.inesem.es\/territorio-inesem\/wp-content\/uploads\/2025\/02\/Imagen-web-6.png","contentUrl":"https:\/\/www.inesem.es\/territorio-inesem\/wp-content\/uploads\/2025\/02\/Imagen-web-6.png","width":1200,"height":1200},{"@type":"BreadcrumbList","@id":"https:\/\/www.inesem.es\/territorio-inesem\/webinars-podcast\/213-como-usar-whatsapp-business-de-forma-eficaz\/#breadcrumb","itemListElement":[{"@type":"ListItem","position":1,"name":"Portada","item":"https:\/\/www.inesem.es\/territorio-inesem\/"},{"@type":"ListItem","position":2,"name":"Tienda","item":"https:\/\/www.inesem.es\/territorio-inesem\/tienda"},{"@type":"ListItem","position":3,"name":"2&#215;13 C\u00f3mo Usar Whatsapp Business de Forma Eficaz"}]},{"@type":"WebSite","@id":"https:\/\/www.inesem.es\/territorio-inesem\/#website","url":"https:\/\/www.inesem.es\/territorio-inesem\/","name":"Territorio INESEM","description":"Webinars y podcast","potentialAction":[{"@type":"SearchAction","target":{"@type":"EntryPoint","urlTemplate":"https:\/\/www.inesem.es\/territorio-inesem\/?s={search_term_string}"},"query-input":{"@type":"PropertyValueSpecification","valueRequired":true,"valueName":"search_term_string"}}],"inLanguage":"es"}]}},"_links":{"self":[{"href":"https:\/\/www.inesem.es\/territorio-inesem\/wp-json\/wp\/v2\/product\/2638","targetHints":{"allow":["GET"]}}],"collection":[{"href":"https:\/\/www.inesem.es\/territorio-inesem\/wp-json\/wp\/v2\/product"}],"about":[{"href":"https:\/\/www.inesem.es\/territorio-inesem\/wp-json\/wp\/v2\/types\/product"}],"replies":[{"embeddable":true,"href":"https:\/\/www.inesem.es\/territorio-inesem\/wp-json\/wp\/v2\/comments?post=2638"}],"wp:featuredmedia":[{"embeddable":true,"href":"https:\/\/www.inesem.es\/territorio-inesem\/wp-json\/wp\/v2\/media\/2640"}],"wp:attachment":[{"href":"https:\/\/www.inesem.es\/territorio-inesem\/wp-json\/wp\/v2\/media?parent=2638"}],"wp:term":[{"taxonomy":"product_brand","embeddable":true,"href":"https:\/\/www.inesem.es\/territorio-inesem\/wp-json\/wp\/v2\/product_brand?post=2638"},{"taxonomy":"product_cat","embeddable":true,"href":"https:\/\/www.inesem.es\/territorio-inesem\/wp-json\/wp\/v2\/product_cat?post=2638"},{"taxonomy":"product_tag","embeddable":true,"href":"https:\/\/www.inesem.es\/territorio-inesem\/wp-json\/wp\/v2\/product_tag?post=2638"}],"curies":[{"name":"wp","href":"https:\/\/api.w.org\/{rel}","templated":true}]}}