{"id":2642,"date":"2025-02-25T12:53:55","date_gmt":"2025-02-25T11:53:55","guid":{"rendered":"https:\/\/www.inesem.es\/territorio-inesem\/?post_type=product&#038;p=2642"},"modified":"2025-07-02T10:59:06","modified_gmt":"2025-07-02T08:59:06","slug":"exclusividad-y-excelencia-como-posicionar-tu-marca-de-lujo-con-exito","status":"publish","type":"product","link":"https:\/\/www.inesem.es\/territorio-inesem\/webinars-podcast\/exclusividad-y-excelencia-como-posicionar-tu-marca-de-lujo-con-exito","title":{"rendered":"2&#215;14 La Exclusividad y la Excelencia: c\u00f3mo Posicionar tu Marca de Lujo con \u00c9xito"},"content":{"rendered":"<h2><strong>\u00bfQu\u00e9 aprender\u00e1s en este seminario?<\/strong><\/h2>\n<p data-ccp-border-bottom=\"0px none #000000\" data-ccp-padding-bottom=\"0px\" data-ccp-border-between=\"0px none #000000\" data-ccp-padding-between=\"0px\"><span data-contrast=\"none\">Descubre los secretos para transformar tu marca en un s\u00edmbolo de prestigio y sofisticaci\u00f3n. En este <\/span><span data-contrast=\"none\">webinar, aprender<\/span><span data-contrast=\"none\">\u00e1s a construir una identidad que inspire deseo, a conectar con audiencias premium y a elevar el valor percibido de tus productos o servicios.<\/span><span data-ccp-props=\"{&quot;201341983&quot;:0,&quot;335551550&quot;:6,&quot;335551620&quot;:6,&quot;335559738&quot;:0,&quot;335559739&quot;:240,&quot;335559740&quot;:240,&quot;469777462&quot;:[720,1440,2160,2880,3600,4320,5040,5760,6480,7200,7920],&quot;469777927&quot;:[0,0,0,0,0,0,0,0,0,0,0],&quot;469777928&quot;:[1,1,1,1,1,1,1,1,1,1,1]}\">\u00a0<\/span><\/p>\n<p data-ccp-border-bottom=\"0px none #000000\" data-ccp-padding-bottom=\"0px\" data-ccp-border-between=\"0px none #000000\" data-ccp-padding-between=\"0px\"><span data-contrast=\"none\">Desde dise\u00f1ar una estrategia de comunicaci\u00f3n elegante hasta implementar pr\u00e1cticas que reflejen excelencia en cada detalle, exploraremos c\u00f3mo diferenciarte en un mercado competitivo y exigente. Este es el camino para convertir tu marca en sin\u00f3nimo de lujo. Prep\u00e1rate para llevar tu marca al siguiente nivel.<\/span><span data-ccp-props=\"{&quot;201341983&quot;:0,&quot;335551550&quot;:6,&quot;335551620&quot;:6,&quot;335559738&quot;:0,&quot;335559739&quot;:240,&quot;335559740&quot;:240,&quot;469777462&quot;:[720,1440,2160,2880,3600,4320,5040,5760,6480,7200,7920],&quot;469777927&quot;:[0,0,0,0,0,0,0,0,0,0,0],&quot;469777928&quot;:[1,1,1,1,1,1,1,1,1,1,1]}\">\u00a0<\/span><\/p>\n<h2><strong>Objetivos:<\/strong><\/h2>\n<ul>\n<li><span data-contrast=\"none\">Estrategias para crear una identidad poderosa y aspiracional.<\/span><span data-ccp-props=\"{&quot;201341983&quot;:0,&quot;335551550&quot;:6,&quot;335551620&quot;:6,&quot;335559738&quot;:0,&quot;335559740&quot;:240}\">\u00a0<\/span><\/li>\n<li><span class=\"TextRun SCXW89250615 BCX0\" lang=\"ES-ES\" xml:lang=\"ES-ES\" data-contrast=\"none\"><span class=\"NormalTextRun SCXW89250615 BCX0\" data-ccp-charstyle=\"Ninguno\" data-ccp-charstyle-defn=\"{&quot;ObjectId&quot;:&quot;e87473e7-2a1d-45fc-a884-f90a628d4a73|28&quot;,&quot;ClassId&quot;:1073872969,&quot;Properties&quot;:[469775450,&quot;Ninguno&quot;,201340122,&quot;1&quot;,134233614,&quot;true&quot;,469778129,&quot;Ninguno&quot;,335572020,&quot;1&quot;,335551547,&quot;1034&quot;,469777841,&quot;Times New Roman&quot;,469777842,&quot;Times New Roman&quot;,469777843,&quot;Arial Unicode MS&quot;,469777844,&quot;Times New Roman&quot;,469769226,&quot;Times New Roman,Arial Unicode MS&quot;]}\">Claves para <\/span><span class=\"NormalTextRun SCXW89250615 BCX0\" data-ccp-charstyle=\"Ninguno\">construir experiencias que cautiven a clientes premium.<\/span><\/span><span class=\"EOP SCXW89250615 BCX0\" data-ccp-props=\"{&quot;201341983&quot;:0,&quot;335551550&quot;:6,&quot;335551620&quot;:6,&quot;335559738&quot;:0,&quot;335559740&quot;:240}\">\u00a0<\/span><\/li>\n<li><span class=\"TextRun SCXW219026137 BCX0\" lang=\"ES-ES\" xml:lang=\"ES-ES\" data-contrast=\"none\"><span class=\"NormalTextRun SCXW219026137 BCX0\" data-ccp-charstyle=\"Ninguno\" data-ccp-charstyle-defn=\"{&quot;ObjectId&quot;:&quot;e87473e7-2a1d-45fc-a884-f90a628d4a73|28&quot;,&quot;ClassId&quot;:1073872969,&quot;Properties&quot;:[469775450,&quot;Ninguno&quot;,201340122,&quot;1&quot;,134233614,&quot;true&quot;,469778129,&quot;Ninguno&quot;,335572020,&quot;1&quot;,335551547,&quot;1034&quot;,469777841,&quot;Times New Roman&quot;,469777842,&quot;Times New Roman&quot;,469777843,&quot;Arial Unicode MS&quot;,469777844,&quot;Times New Roman&quot;,469769226,&quot;Times New Roman,Arial Unicode MS&quot;]}\">Ejemplos pr<\/span><span class=\"NormalTextRun SCXW219026137 BCX0\" data-ccp-charstyle=\"Ninguno\">\u00e1<\/span><span class=\"NormalTextRun SCXW219026137 BCX0\" data-ccp-charstyle=\"Ninguno\">cticos y casos de <\/span><\/span><span class=\"TextRun SCXW219026137 BCX0\" lang=\"FR-FR\" xml:lang=\"FR-FR\" data-contrast=\"none\"><span class=\"NormalTextRun SCXW219026137 BCX0\" data-ccp-charstyle=\"Ninguno\">\u00e9<\/span><\/span><span class=\"TextRun SCXW219026137 BCX0\" lang=\"ES-ES\" xml:lang=\"ES-ES\" data-contrast=\"none\"><span class=\"NormalTextRun SpellingErrorV2Themed SCXW219026137 BCX0\" data-ccp-charstyle=\"Ninguno\">xito<\/span><span class=\"NormalTextRun SCXW219026137 BCX0\" data-ccp-charstyle=\"Ninguno\"> en el mercado de lujo.<\/span><\/span><span class=\"EOP SCXW219026137 BCX0\" data-ccp-props=\"{&quot;201341983&quot;:0,&quot;335551550&quot;:6,&quot;335551620&quot;:6,&quot;335559738&quot;:0,&quot;335559740&quot;:240}\">\u00a0<\/span><\/li>\n<\/ul>\n<p>&nbsp;<\/p>\n<h2><strong>\u00bfA qui\u00e9n va dirigido?<\/strong><\/h2>\n<p><span class=\"TextRun SCXW144696787 BCX0\" lang=\"ES-ES\" xml:lang=\"ES-ES\" data-contrast=\"none\"><span class=\"NormalTextRun SCXW144696787 BCX0\" data-ccp-parastyle=\"Cuerpo\" data-ccp-parastyle-defn=\"{&quot;ObjectId&quot;:&quot;e87473e7-2a1d-45fc-a884-f90a628d4a73|27&quot;,&quot;ClassId&quot;:1073872969,&quot;Properties&quot;:[469775450,&quot;Cuerpo&quot;,201340122,&quot;2&quot;,134233614,&quot;true&quot;,469778129,&quot;Cuerpo&quot;,335572020,&quot;1&quot;,469777841,&quot;Lato Light&quot;,469777842,&quot;Lato Light&quot;,469777843,&quot;Lato Light&quot;,469777844,&quot;Lato Light&quot;,469769226,&quot;Lato Light&quot;,335551500,&quot;0&quot;,268442635,&quot;22&quot;,335551547,&quot;1034&quot;,335559740,&quot;259&quot;,201341983,&quot;0&quot;,335559739,&quot;160&quot;]}\">Dirigido a emprendedores, creativos y profesionales que desean destacar en el segmento de lujo.<\/span><\/span><span class=\"EOP SCXW144696787 BCX0\" data-ccp-props=\"{&quot;201341983&quot;:0,&quot;335551550&quot;:6,&quot;335551620&quot;:6,&quot;335559739&quot;:160,&quot;335559740&quot;:259}\">\u00a0<\/span><\/p>\n","protected":false},"excerpt":{"rendered":"<p>\u00bfQu\u00e9 aprender\u00e1s en este seminario? Descubre los secretos para transformar tu marca en un s\u00edmbolo de prestigio y sofisticaci\u00f3n. En este webinar, aprender\u00e1s a construir una identidad que inspire deseo, a conectar con audiencias premium y a elevar el valor percibido de tus productos o servicios.\u00a0 Desde dise\u00f1ar una estrategia de comunicaci\u00f3n elegante hasta implementar [&hellip;]<\/p>\n","protected":false},"featured_media":2643,"comment_status":"open","ping_status":"closed","template":"","meta":{"_acf_changed":false,"site-sidebar-layout":"default","site-content-layout":"","ast-site-content-layout":"default","site-content-style":"default","site-sidebar-style":"default","ast-global-header-display":"","ast-banner-title-visibility":"","ast-main-header-display":"","ast-hfb-above-header-display":"","ast-hfb-below-header-display":"","ast-hfb-mobile-header-display":"","site-post-title":"","ast-breadcrumbs-content":"","ast-featured-img":"","footer-sml-layout":"","theme-transparent-header-meta":"default","adv-header-id-meta":"","stick-header-meta":"","header-above-stick-meta":"","header-main-stick-meta":"","header-below-stick-meta":"","astra-migrate-meta-layouts":"set","ast-page-background-enabled":"default","ast-page-background-meta":{"desktop":{"background-color":"var(--ast-global-color-4)","background-image":"","background-repeat":"repeat","background-position":"center center","background-size":"auto","background-attachment":"scroll","background-type":"","background-media":"","overlay-type":"","overlay-color":"","overlay-opacity":"","overlay-gradient":""},"tablet":{"background-color":"","background-image":"","background-repeat":"repeat","background-position":"center center","background-size":"auto","background-attachment":"scroll","background-type":"","background-media":"","overlay-type":"","overlay-color":"","overlay-opacity":"","overlay-gradient":""},"mobile":{"background-color":"","background-image":"","background-repeat":"repeat","background-position":"center center","background-size":"auto","background-attachment":"scroll","background-type":"","background-media":"","overlay-type":"","overlay-color":"","overlay-opacity":"","overlay-gradient":""}},"ast-content-background-meta":{"desktop":{"background-color":"var(--ast-global-color-5)","background-image":"","background-repeat":"repeat","background-position":"center center","background-size":"auto","background-attachment":"scroll","background-type":"","background-media":"","overlay-type":"","overlay-color":"","overlay-opacity":"","overlay-gradient":""},"tablet":{"background-color":"var(--ast-global-color-5)","background-image":"","background-repeat":"repeat","background-position":"center center","background-size":"auto","background-attachment":"scroll","background-type":"","background-media":"","overlay-type":"","overlay-color":"","overlay-opacity":"","overlay-gradient":""},"mobile":{"background-color":"var(--ast-global-color-5)","background-image":"","background-repeat":"repeat","background-position":"center center","background-size":"auto","background-attachment":"scroll","background-type":"","background-media":"","overlay-type":"","overlay-color":"","overlay-opacity":"","overlay-gradient":""}}},"product_brand":[],"product_cat":[30],"product_tag":[],"class_list":{"0":"post-2642","1":"product","2":"type-product","3":"status-publish","4":"has-post-thumbnail","6":"product_cat-pasados","7":"desktop-align-center","8":"tablet-align-left","9":"mobile-align-left","11":"first","12":"instock","13":"downloadable","14":"virtual","15":"sold-individually","16":"purchasable","17":"product-type-webinar"},"acf":[],"yoast_head":"<!-- This site is optimized with the Yoast SEO plugin v24.3 - https:\/\/yoast.com\/wordpress\/plugins\/seo\/ -->\n<title>2x14 La Exclusividad y la Excelencia: c\u00f3mo Posicionar tu Marca de Lujo con \u00c9xito - Territorio INESEM<\/title>\n<meta name=\"description\" content=\"Descubre el nuevo contenido en abierto sobre La Exclusividad y la Excelencia: C\u00f3mo Posicionar tu Marca de Lujo con \u00c9xito\" \/>\n<meta name=\"robots\" content=\"index, follow, max-snippet:-1, max-image-preview:large, max-video-preview:-1\" \/>\n<link rel=\"canonical\" href=\"https:\/\/www.inesem.es\/territorio-inesem\/webinars-podcast\/exclusividad-y-excelencia-como-posicionar-tu-marca-de-lujo-con-exito\/\" \/>\n<meta property=\"og:locale\" content=\"es_ES\" \/>\n<meta property=\"og:type\" content=\"article\" \/>\n<meta property=\"og:title\" content=\"2x14 La Exclusividad y la Excelencia: c\u00f3mo Posicionar tu Marca de Lujo con \u00c9xito - Territorio INESEM\" \/>\n<meta property=\"og:description\" content=\"Descubre el nuevo contenido en abierto sobre La Exclusividad y la Excelencia: C\u00f3mo Posicionar tu Marca de Lujo con \u00c9xito\" \/>\n<meta property=\"og:url\" content=\"https:\/\/www.inesem.es\/territorio-inesem\/webinars-podcast\/exclusividad-y-excelencia-como-posicionar-tu-marca-de-lujo-con-exito\/\" \/>\n<meta property=\"og:site_name\" content=\"Territorio INESEM\" \/>\n<meta property=\"article:publisher\" content=\"https:\/\/www.facebook.com\/InesemBusinessSchool\" \/>\n<meta property=\"article:modified_time\" content=\"2025-07-02T08:59:06+00:00\" \/>\n<meta property=\"og:image\" content=\"https:\/\/www.inesem.es\/territorio-inesem\/wp-content\/uploads\/2025\/02\/Imagen-web-8.png\" \/>\n\t<meta property=\"og:image:width\" content=\"1200\" \/>\n\t<meta property=\"og:image:height\" content=\"1200\" \/>\n\t<meta property=\"og:image:type\" content=\"image\/png\" \/>\n<meta name=\"twitter:card\" content=\"summary_large_image\" \/>\n<meta name=\"twitter:site\" content=\"@inesem\" \/>\n<meta name=\"twitter:label1\" content=\"Tiempo de lectura\" \/>\n\t<meta name=\"twitter:data1\" content=\"1 minuto\" \/>\n<script type=\"application\/ld+json\" class=\"yoast-schema-graph\">{\"@context\":\"https:\/\/schema.org\",\"@graph\":[{\"@type\":\"WebPage\",\"@id\":\"https:\/\/www.inesem.es\/territorio-inesem\/webinars-podcast\/exclusividad-y-excelencia-como-posicionar-tu-marca-de-lujo-con-exito\/\",\"url\":\"https:\/\/www.inesem.es\/territorio-inesem\/webinars-podcast\/exclusividad-y-excelencia-como-posicionar-tu-marca-de-lujo-con-exito\/\",\"name\":\"2x14 La Exclusividad y la Excelencia: c\u00f3mo Posicionar tu Marca de Lujo con \u00c9xito - Territorio INESEM\",\"isPartOf\":{\"@id\":\"https:\/\/www.inesem.es\/territorio-inesem\/#website\"},\"primaryImageOfPage\":{\"@id\":\"https:\/\/www.inesem.es\/territorio-inesem\/webinars-podcast\/exclusividad-y-excelencia-como-posicionar-tu-marca-de-lujo-con-exito\/#primaryimage\"},\"image\":{\"@id\":\"https:\/\/www.inesem.es\/territorio-inesem\/webinars-podcast\/exclusividad-y-excelencia-como-posicionar-tu-marca-de-lujo-con-exito\/#primaryimage\"},\"thumbnailUrl\":\"https:\/\/www.inesem.es\/territorio-inesem\/wp-content\/uploads\/2025\/02\/Imagen-web-8.png\",\"datePublished\":\"2025-02-25T11:53:55+00:00\",\"dateModified\":\"2025-07-02T08:59:06+00:00\",\"description\":\"Descubre el nuevo contenido en abierto sobre La Exclusividad y la Excelencia: C\u00f3mo Posicionar tu Marca de Lujo con \u00c9xito\",\"breadcrumb\":{\"@id\":\"https:\/\/www.inesem.es\/territorio-inesem\/webinars-podcast\/exclusividad-y-excelencia-como-posicionar-tu-marca-de-lujo-con-exito\/#breadcrumb\"},\"inLanguage\":\"es\",\"potentialAction\":[{\"@type\":\"ReadAction\",\"target\":[\"https:\/\/www.inesem.es\/territorio-inesem\/webinars-podcast\/exclusividad-y-excelencia-como-posicionar-tu-marca-de-lujo-con-exito\/\"]}]},{\"@type\":\"ImageObject\",\"inLanguage\":\"es\",\"@id\":\"https:\/\/www.inesem.es\/territorio-inesem\/webinars-podcast\/exclusividad-y-excelencia-como-posicionar-tu-marca-de-lujo-con-exito\/#primaryimage\",\"url\":\"https:\/\/www.inesem.es\/territorio-inesem\/wp-content\/uploads\/2025\/02\/Imagen-web-8.png\",\"contentUrl\":\"https:\/\/www.inesem.es\/territorio-inesem\/wp-content\/uploads\/2025\/02\/Imagen-web-8.png\",\"width\":1200,\"height\":1200},{\"@type\":\"BreadcrumbList\",\"@id\":\"https:\/\/www.inesem.es\/territorio-inesem\/webinars-podcast\/exclusividad-y-excelencia-como-posicionar-tu-marca-de-lujo-con-exito\/#breadcrumb\",\"itemListElement\":[{\"@type\":\"ListItem\",\"position\":1,\"name\":\"Portada\",\"item\":\"https:\/\/www.inesem.es\/territorio-inesem\/\"},{\"@type\":\"ListItem\",\"position\":2,\"name\":\"Tienda\",\"item\":\"https:\/\/www.inesem.es\/territorio-inesem\/tienda\"},{\"@type\":\"ListItem\",\"position\":3,\"name\":\"2&#215;14 La Exclusividad y la Excelencia: c\u00f3mo Posicionar tu Marca de Lujo con \u00c9xito\"}]},{\"@type\":\"WebSite\",\"@id\":\"https:\/\/www.inesem.es\/territorio-inesem\/#website\",\"url\":\"https:\/\/www.inesem.es\/territorio-inesem\/\",\"name\":\"Territorio INESEM\",\"description\":\"Webinars y podcast\",\"potentialAction\":[{\"@type\":\"SearchAction\",\"target\":{\"@type\":\"EntryPoint\",\"urlTemplate\":\"https:\/\/www.inesem.es\/territorio-inesem\/?s={search_term_string}\"},\"query-input\":{\"@type\":\"PropertyValueSpecification\",\"valueRequired\":true,\"valueName\":\"search_term_string\"}}],\"inLanguage\":\"es\"}]}<\/script>\n<!-- \/ Yoast SEO plugin. -->","yoast_head_json":{"title":"2x14 La Exclusividad y la Excelencia: c\u00f3mo Posicionar tu Marca de Lujo con \u00c9xito - Territorio INESEM","description":"Descubre el nuevo contenido en abierto sobre La Exclusividad y la Excelencia: C\u00f3mo Posicionar tu Marca de Lujo con \u00c9xito","robots":{"index":"index","follow":"follow","max-snippet":"max-snippet:-1","max-image-preview":"max-image-preview:large","max-video-preview":"max-video-preview:-1"},"canonical":"https:\/\/www.inesem.es\/territorio-inesem\/webinars-podcast\/exclusividad-y-excelencia-como-posicionar-tu-marca-de-lujo-con-exito\/","og_locale":"es_ES","og_type":"article","og_title":"2x14 La Exclusividad y la Excelencia: c\u00f3mo Posicionar tu Marca de Lujo con \u00c9xito - Territorio INESEM","og_description":"Descubre el nuevo contenido en abierto sobre La Exclusividad y la Excelencia: C\u00f3mo Posicionar tu Marca de Lujo con \u00c9xito","og_url":"https:\/\/www.inesem.es\/territorio-inesem\/webinars-podcast\/exclusividad-y-excelencia-como-posicionar-tu-marca-de-lujo-con-exito\/","og_site_name":"Territorio INESEM","article_publisher":"https:\/\/www.facebook.com\/InesemBusinessSchool","article_modified_time":"2025-07-02T08:59:06+00:00","og_image":[{"width":1200,"height":1200,"url":"https:\/\/www.inesem.es\/territorio-inesem\/wp-content\/uploads\/2025\/02\/Imagen-web-8.png","type":"image\/png"}],"twitter_card":"summary_large_image","twitter_site":"@inesem","twitter_misc":{"Tiempo de lectura":"1 minuto"},"schema":{"@context":"https:\/\/schema.org","@graph":[{"@type":"WebPage","@id":"https:\/\/www.inesem.es\/territorio-inesem\/webinars-podcast\/exclusividad-y-excelencia-como-posicionar-tu-marca-de-lujo-con-exito\/","url":"https:\/\/www.inesem.es\/territorio-inesem\/webinars-podcast\/exclusividad-y-excelencia-como-posicionar-tu-marca-de-lujo-con-exito\/","name":"2x14 La Exclusividad y la Excelencia: c\u00f3mo Posicionar tu Marca de Lujo con \u00c9xito - Territorio INESEM","isPartOf":{"@id":"https:\/\/www.inesem.es\/territorio-inesem\/#website"},"primaryImageOfPage":{"@id":"https:\/\/www.inesem.es\/territorio-inesem\/webinars-podcast\/exclusividad-y-excelencia-como-posicionar-tu-marca-de-lujo-con-exito\/#primaryimage"},"image":{"@id":"https:\/\/www.inesem.es\/territorio-inesem\/webinars-podcast\/exclusividad-y-excelencia-como-posicionar-tu-marca-de-lujo-con-exito\/#primaryimage"},"thumbnailUrl":"https:\/\/www.inesem.es\/territorio-inesem\/wp-content\/uploads\/2025\/02\/Imagen-web-8.png","datePublished":"2025-02-25T11:53:55+00:00","dateModified":"2025-07-02T08:59:06+00:00","description":"Descubre el nuevo contenido en abierto sobre La Exclusividad y la Excelencia: C\u00f3mo Posicionar tu Marca de Lujo con \u00c9xito","breadcrumb":{"@id":"https:\/\/www.inesem.es\/territorio-inesem\/webinars-podcast\/exclusividad-y-excelencia-como-posicionar-tu-marca-de-lujo-con-exito\/#breadcrumb"},"inLanguage":"es","potentialAction":[{"@type":"ReadAction","target":["https:\/\/www.inesem.es\/territorio-inesem\/webinars-podcast\/exclusividad-y-excelencia-como-posicionar-tu-marca-de-lujo-con-exito\/"]}]},{"@type":"ImageObject","inLanguage":"es","@id":"https:\/\/www.inesem.es\/territorio-inesem\/webinars-podcast\/exclusividad-y-excelencia-como-posicionar-tu-marca-de-lujo-con-exito\/#primaryimage","url":"https:\/\/www.inesem.es\/territorio-inesem\/wp-content\/uploads\/2025\/02\/Imagen-web-8.png","contentUrl":"https:\/\/www.inesem.es\/territorio-inesem\/wp-content\/uploads\/2025\/02\/Imagen-web-8.png","width":1200,"height":1200},{"@type":"BreadcrumbList","@id":"https:\/\/www.inesem.es\/territorio-inesem\/webinars-podcast\/exclusividad-y-excelencia-como-posicionar-tu-marca-de-lujo-con-exito\/#breadcrumb","itemListElement":[{"@type":"ListItem","position":1,"name":"Portada","item":"https:\/\/www.inesem.es\/territorio-inesem\/"},{"@type":"ListItem","position":2,"name":"Tienda","item":"https:\/\/www.inesem.es\/territorio-inesem\/tienda"},{"@type":"ListItem","position":3,"name":"2&#215;14 La Exclusividad y la Excelencia: c\u00f3mo Posicionar tu Marca de Lujo con \u00c9xito"}]},{"@type":"WebSite","@id":"https:\/\/www.inesem.es\/territorio-inesem\/#website","url":"https:\/\/www.inesem.es\/territorio-inesem\/","name":"Territorio INESEM","description":"Webinars y podcast","potentialAction":[{"@type":"SearchAction","target":{"@type":"EntryPoint","urlTemplate":"https:\/\/www.inesem.es\/territorio-inesem\/?s={search_term_string}"},"query-input":{"@type":"PropertyValueSpecification","valueRequired":true,"valueName":"search_term_string"}}],"inLanguage":"es"}]}},"_links":{"self":[{"href":"https:\/\/www.inesem.es\/territorio-inesem\/wp-json\/wp\/v2\/product\/2642","targetHints":{"allow":["GET"]}}],"collection":[{"href":"https:\/\/www.inesem.es\/territorio-inesem\/wp-json\/wp\/v2\/product"}],"about":[{"href":"https:\/\/www.inesem.es\/territorio-inesem\/wp-json\/wp\/v2\/types\/product"}],"replies":[{"embeddable":true,"href":"https:\/\/www.inesem.es\/territorio-inesem\/wp-json\/wp\/v2\/comments?post=2642"}],"wp:featuredmedia":[{"embeddable":true,"href":"https:\/\/www.inesem.es\/territorio-inesem\/wp-json\/wp\/v2\/media\/2643"}],"wp:attachment":[{"href":"https:\/\/www.inesem.es\/territorio-inesem\/wp-json\/wp\/v2\/media?parent=2642"}],"wp:term":[{"taxonomy":"product_brand","embeddable":true,"href":"https:\/\/www.inesem.es\/territorio-inesem\/wp-json\/wp\/v2\/product_brand?post=2642"},{"taxonomy":"product_cat","embeddable":true,"href":"https:\/\/www.inesem.es\/territorio-inesem\/wp-json\/wp\/v2\/product_cat?post=2642"},{"taxonomy":"product_tag","embeddable":true,"href":"https:\/\/www.inesem.es\/territorio-inesem\/wp-json\/wp\/v2\/product_tag?post=2642"}],"curies":[{"name":"wp","href":"https:\/\/api.w.org\/{rel}","templated":true}]}}