{"id":2656,"date":"2025-03-21T12:31:30","date_gmt":"2025-03-21T11:31:30","guid":{"rendered":"https:\/\/www.inesem.es\/territorio-inesem\/?post_type=product&#038;p=2656"},"modified":"2025-07-02T10:59:42","modified_gmt":"2025-07-02T08:59:42","slug":"2x16-como-lanzarse-a-emprender","status":"publish","type":"product","link":"https:\/\/www.inesem.es\/territorio-inesem\/webinars-podcast\/2x16-como-lanzarse-a-emprender","title":{"rendered":"2\u00d716 | C\u00f3mo lanzarse a Emprender"},"content":{"rendered":"<h2><strong>\u00bfQu\u00e9 aprender\u00e1s en este seminario?<\/strong><\/h2>\n<p><span class=\"TextRun SCXW196771262 BCX0\" lang=\"ES-ES\" xml:lang=\"ES-ES\" data-contrast=\"auto\"><span class=\"NormalTextRun SCXW196771262 BCX0\">Emprender suena a algo lejano y normalmente no sabemos por d\u00f3nde empezar. En este seminario hablamos con Ra\u00fal de Frutos, fundador de <\/span><span class=\"NormalTextRun SpellingErrorV2Themed SCXW196771262 BCX0\">V\u00edver<\/span> <span class=\"NormalTextRun SpellingErrorV2Themed SCXW196771262 BCX0\">Kombucha<\/span><span class=\"NormalTextRun SCXW196771262 BCX0\">, en el cual nos cuenta c\u00f3mo dos amigos en plena pandemia montaron una f\u00e1brica de bebidas desde cero y en poco tiempo ya producen millones de botellas al a\u00f1o. Hablaremos de c\u00f3mo encontrar una idea para montar un negocio y <\/span><span class=\"NormalTextRun ContextualSpellingAndGrammarErrorV2Themed SCXW196771262 BCX0\">cuales<\/span><span class=\"NormalTextRun SCXW196771262 BCX0\"> son las claves para acometer esa idea con \u00e9xito.<\/span><\/span><span class=\"EOP SCXW196771262 BCX0\" data-ccp-props=\"{&quot;134245417&quot;:false,&quot;201341983&quot;:0,&quot;335551550&quot;:6,&quot;335551620&quot;:6,&quot;335559685&quot;:8,&quot;335559731&quot;:8,&quot;335559737&quot;:316,&quot;335559738&quot;:303,&quot;335559740&quot;:366,&quot;335572071&quot;:0,&quot;335572072&quot;:0,&quot;335572073&quot;:0,&quot;335572075&quot;:0,&quot;335572076&quot;:0,&quot;335572077&quot;:0,&quot;335572079&quot;:0,&quot;335572080&quot;:0,&quot;335572081&quot;:0,&quot;335572083&quot;:0,&quot;335572084&quot;:0,&quot;335572085&quot;:0,&quot;335572087&quot;:0,&quot;335572088&quot;:0,&quot;335572089&quot;:0,&quot;469789798&quot;:&quot;nil&quot;,&quot;469789802&quot;:&quot;nil&quot;,&quot;469789806&quot;:&quot;nil&quot;,&quot;469789810&quot;:&quot;nil&quot;,&quot;469789814&quot;:&quot;nil&quot;}\">\u00a0<\/span><\/p>\n<p>&nbsp;<\/p>\n<h2><strong>Objetivos:<\/strong><\/h2>\n<ul>\n<li>\n<p data-ccp-border-bottom=\"0px none #000000\" data-ccp-padding-bottom=\"0px\" data-ccp-border-between=\"0px none #000000\" data-ccp-padding-between=\"0px\"><span data-contrast=\"auto\">Entender un caso pr\u00e1ctico de emprendimiento<\/span><span data-contrast=\"none\">\u00a0\u00a0<\/span><\/p>\n<\/li>\n<li>\n<p data-ccp-border-bottom=\"0px none #000000\" data-ccp-padding-bottom=\"0px\" data-ccp-border-between=\"0px none #000000\" data-ccp-padding-between=\"0px\"><span data-contrast=\"none\">Aprender <\/span><span data-contrast=\"auto\">m\u00e9todos para generar ideas de negocio<\/span><\/p>\n<\/li>\n<li>\n<p data-ccp-border-bottom=\"0px none #000000\" data-ccp-padding-bottom=\"0px\" data-ccp-border-between=\"0px none #000000\" data-ccp-padding-between=\"0px\">Entender c\u00f3mo conseguir financiaci\u00f3n para tu idea.<\/p>\n<\/li>\n<li>\n<p data-ccp-border-bottom=\"0px none #000000\" data-ccp-padding-bottom=\"0px\" data-ccp-border-between=\"0px none #000000\" data-ccp-padding-between=\"0px\">Aprender otras claves para emprender con \u00e9xito.<\/p>\n<\/li>\n<\/ul>\n<p>&nbsp;<\/p>\n<h2><strong>\u00bfA qui\u00e9n va dirigido?<\/strong><\/h2>\n<p><span class=\"TextRun SCXW104577487 BCX0\" lang=\"ES-ES\" xml:lang=\"ES-ES\" data-contrast=\"auto\"><span class=\"NormalTextRun SCXW104577487 BCX0\">A t<\/span><\/span><span class=\"TextRun SCXW104577487 BCX0\" lang=\"ES-ES\" xml:lang=\"ES-ES\" data-contrast=\"none\"><span class=\"NormalTextRun SCXW104577487 BCX0\">odas aquellas personas que est<\/span><\/span><span class=\"TextRun SCXW104577487 BCX0\" lang=\"ES-ES\" xml:lang=\"ES-ES\" data-contrast=\"auto\"><span class=\"NormalTextRun SCXW104577487 BCX0\">\u00e9n interesadas en ser emprendedores o quieran aprender de emprendimiento.<\/span><\/span><\/p>\n<p>&nbsp;<\/p>\n","protected":false},"excerpt":{"rendered":"<p>\u00bfQu\u00e9 aprender\u00e1s en este seminario? Emprender suena a algo lejano y normalmente no sabemos por d\u00f3nde empezar. En este seminario hablamos con Ra\u00fal de Frutos, fundador de V\u00edver Kombucha, en el cual nos cuenta c\u00f3mo dos amigos en plena pandemia montaron una f\u00e1brica de bebidas desde cero y en poco tiempo ya producen millones de [&hellip;]<\/p>\n","protected":false},"featured_media":2657,"comment_status":"open","ping_status":"closed","template":"","meta":{"_acf_changed":false,"site-sidebar-layout":"default","site-content-layout":"","ast-site-content-layout":"default","site-content-style":"default","site-sidebar-style":"default","ast-global-header-display":"","ast-banner-title-visibility":"","ast-main-header-display":"","ast-hfb-above-header-display":"","ast-hfb-below-header-display":"","ast-hfb-mobile-header-display":"","site-post-title":"","ast-breadcrumbs-content":"","ast-featured-img":"","footer-sml-layout":"","theme-transparent-header-meta":"default","adv-header-id-meta":"","stick-header-meta":"","header-above-stick-meta":"","header-main-stick-meta":"","header-below-stick-meta":"","astra-migrate-meta-layouts":"set","ast-page-background-enabled":"default","ast-page-background-meta":{"desktop":{"background-color":"var(--ast-global-color-4)","background-image":"","background-repeat":"repeat","background-position":"center center","background-size":"auto","background-attachment":"scroll","background-type":"","background-media":"","overlay-type":"","overlay-color":"","overlay-opacity":"","overlay-gradient":""},"tablet":{"background-color":"","background-image":"","background-repeat":"repeat","background-position":"center center","background-size":"auto","background-attachment":"scroll","background-type":"","background-media":"","overlay-type":"","overlay-color":"","overlay-opacity":"","overlay-gradient":""},"mobile":{"background-color":"","background-image":"","background-repeat":"repeat","background-position":"center center","background-size":"auto","background-attachment":"scroll","background-type":"","background-media":"","overlay-type":"","overlay-color":"","overlay-opacity":"","overlay-gradient":""}},"ast-content-background-meta":{"desktop":{"background-color":"var(--ast-global-color-5)","background-image":"","background-repeat":"repeat","background-position":"center center","background-size":"auto","background-attachment":"scroll","background-type":"","background-media":"","overlay-type":"","overlay-color":"","overlay-opacity":"","overlay-gradient":""},"tablet":{"background-color":"var(--ast-global-color-5)","background-image":"","background-repeat":"repeat","background-position":"center center","background-size":"auto","background-attachment":"scroll","background-type":"","background-media":"","overlay-type":"","overlay-color":"","overlay-opacity":"","overlay-gradient":""},"mobile":{"background-color":"var(--ast-global-color-5)","background-image":"","background-repeat":"repeat","background-position":"center center","background-size":"auto","background-attachment":"scroll","background-type":"","background-media":"","overlay-type":"","overlay-color":"","overlay-opacity":"","overlay-gradient":""}}},"product_brand":[],"product_cat":[16,30],"product_tag":[],"class_list":{"0":"post-2656","1":"product","2":"type-product","3":"status-publish","4":"has-post-thumbnail","6":"product_cat-webinars","7":"product_cat-pasados","8":"desktop-align-center","9":"tablet-align-left","10":"mobile-align-left","12":"first","13":"instock","14":"downloadable","15":"virtual","16":"sold-individually","17":"purchasable","18":"product-type-webinar"},"acf":[],"yoast_head":"<!-- This site is optimized with the Yoast SEO plugin v24.3 - https:\/\/yoast.com\/wordpress\/plugins\/seo\/ -->\n<title>2\u00d716 | C\u00f3mo lanzarse a Emprender - Territorio INESEM<\/title>\n<meta name=\"description\" content=\"Descubre el nuevo contenido en abierto sobre C\u00f3mo lanzarse a emprender de mano de Ra\u00fal de Frutos.\" \/>\n<meta name=\"robots\" content=\"index, follow, max-snippet:-1, max-image-preview:large, max-video-preview:-1\" \/>\n<link rel=\"canonical\" href=\"https:\/\/www.inesem.es\/territorio-inesem\/webinars-podcast\/2x16-como-lanzarse-a-emprender\/\" \/>\n<meta property=\"og:locale\" content=\"es_ES\" \/>\n<meta property=\"og:type\" content=\"article\" \/>\n<meta property=\"og:title\" content=\"2\u00d716 | C\u00f3mo lanzarse a Emprender - Territorio INESEM\" \/>\n<meta property=\"og:description\" content=\"Descubre el nuevo contenido en abierto sobre C\u00f3mo lanzarse a emprender de mano de Ra\u00fal de Frutos.\" \/>\n<meta property=\"og:url\" content=\"https:\/\/www.inesem.es\/territorio-inesem\/webinars-podcast\/2x16-como-lanzarse-a-emprender\/\" \/>\n<meta property=\"og:site_name\" content=\"Territorio INESEM\" \/>\n<meta property=\"article:publisher\" content=\"https:\/\/www.facebook.com\/InesemBusinessSchool\" \/>\n<meta property=\"article:modified_time\" content=\"2025-07-02T08:59:42+00:00\" \/>\n<meta property=\"og:image\" content=\"https:\/\/www.inesem.es\/territorio-inesem\/wp-content\/uploads\/2025\/03\/Imagen-web-1.png\" \/>\n\t<meta property=\"og:image:width\" content=\"1200\" \/>\n\t<meta property=\"og:image:height\" content=\"1200\" \/>\n\t<meta property=\"og:image:type\" content=\"image\/png\" \/>\n<meta name=\"twitter:card\" content=\"summary_large_image\" \/>\n<meta name=\"twitter:site\" content=\"@inesem\" \/>\n<meta name=\"twitter:label1\" content=\"Tiempo de lectura\" \/>\n\t<meta name=\"twitter:data1\" content=\"1 minuto\" \/>\n<script type=\"application\/ld+json\" class=\"yoast-schema-graph\">{\"@context\":\"https:\/\/schema.org\",\"@graph\":[{\"@type\":\"WebPage\",\"@id\":\"https:\/\/www.inesem.es\/territorio-inesem\/webinars-podcast\/2x16-como-lanzarse-a-emprender\/\",\"url\":\"https:\/\/www.inesem.es\/territorio-inesem\/webinars-podcast\/2x16-como-lanzarse-a-emprender\/\",\"name\":\"2\u00d716 | C\u00f3mo lanzarse a Emprender - Territorio INESEM\",\"isPartOf\":{\"@id\":\"https:\/\/www.inesem.es\/territorio-inesem\/#website\"},\"primaryImageOfPage\":{\"@id\":\"https:\/\/www.inesem.es\/territorio-inesem\/webinars-podcast\/2x16-como-lanzarse-a-emprender\/#primaryimage\"},\"image\":{\"@id\":\"https:\/\/www.inesem.es\/territorio-inesem\/webinars-podcast\/2x16-como-lanzarse-a-emprender\/#primaryimage\"},\"thumbnailUrl\":\"https:\/\/www.inesem.es\/territorio-inesem\/wp-content\/uploads\/2025\/03\/Imagen-web-1.png\",\"datePublished\":\"2025-03-21T11:31:30+00:00\",\"dateModified\":\"2025-07-02T08:59:42+00:00\",\"description\":\"Descubre el nuevo contenido en abierto sobre C\u00f3mo lanzarse a emprender de mano de Ra\u00fal de Frutos.\",\"breadcrumb\":{\"@id\":\"https:\/\/www.inesem.es\/territorio-inesem\/webinars-podcast\/2x16-como-lanzarse-a-emprender\/#breadcrumb\"},\"inLanguage\":\"es\",\"potentialAction\":[{\"@type\":\"ReadAction\",\"target\":[\"https:\/\/www.inesem.es\/territorio-inesem\/webinars-podcast\/2x16-como-lanzarse-a-emprender\/\"]}]},{\"@type\":\"ImageObject\",\"inLanguage\":\"es\",\"@id\":\"https:\/\/www.inesem.es\/territorio-inesem\/webinars-podcast\/2x16-como-lanzarse-a-emprender\/#primaryimage\",\"url\":\"https:\/\/www.inesem.es\/territorio-inesem\/wp-content\/uploads\/2025\/03\/Imagen-web-1.png\",\"contentUrl\":\"https:\/\/www.inesem.es\/territorio-inesem\/wp-content\/uploads\/2025\/03\/Imagen-web-1.png\",\"width\":1200,\"height\":1200},{\"@type\":\"BreadcrumbList\",\"@id\":\"https:\/\/www.inesem.es\/territorio-inesem\/webinars-podcast\/2x16-como-lanzarse-a-emprender\/#breadcrumb\",\"itemListElement\":[{\"@type\":\"ListItem\",\"position\":1,\"name\":\"Portada\",\"item\":\"https:\/\/www.inesem.es\/territorio-inesem\/\"},{\"@type\":\"ListItem\",\"position\":2,\"name\":\"Tienda\",\"item\":\"https:\/\/www.inesem.es\/territorio-inesem\/tienda\"},{\"@type\":\"ListItem\",\"position\":3,\"name\":\"2\u00d716 | C\u00f3mo lanzarse a Emprender\"}]},{\"@type\":\"WebSite\",\"@id\":\"https:\/\/www.inesem.es\/territorio-inesem\/#website\",\"url\":\"https:\/\/www.inesem.es\/territorio-inesem\/\",\"name\":\"Territorio INESEM\",\"description\":\"Webinars y podcast\",\"potentialAction\":[{\"@type\":\"SearchAction\",\"target\":{\"@type\":\"EntryPoint\",\"urlTemplate\":\"https:\/\/www.inesem.es\/territorio-inesem\/?s={search_term_string}\"},\"query-input\":{\"@type\":\"PropertyValueSpecification\",\"valueRequired\":true,\"valueName\":\"search_term_string\"}}],\"inLanguage\":\"es\"}]}<\/script>\n<!-- \/ Yoast SEO plugin. -->","yoast_head_json":{"title":"2\u00d716 | C\u00f3mo lanzarse a Emprender - Territorio INESEM","description":"Descubre el nuevo contenido en abierto sobre C\u00f3mo lanzarse a emprender de mano de Ra\u00fal de Frutos.","robots":{"index":"index","follow":"follow","max-snippet":"max-snippet:-1","max-image-preview":"max-image-preview:large","max-video-preview":"max-video-preview:-1"},"canonical":"https:\/\/www.inesem.es\/territorio-inesem\/webinars-podcast\/2x16-como-lanzarse-a-emprender\/","og_locale":"es_ES","og_type":"article","og_title":"2\u00d716 | C\u00f3mo lanzarse a Emprender - Territorio INESEM","og_description":"Descubre el nuevo contenido en abierto sobre C\u00f3mo lanzarse a emprender de mano de Ra\u00fal de Frutos.","og_url":"https:\/\/www.inesem.es\/territorio-inesem\/webinars-podcast\/2x16-como-lanzarse-a-emprender\/","og_site_name":"Territorio INESEM","article_publisher":"https:\/\/www.facebook.com\/InesemBusinessSchool","article_modified_time":"2025-07-02T08:59:42+00:00","og_image":[{"width":1200,"height":1200,"url":"https:\/\/www.inesem.es\/territorio-inesem\/wp-content\/uploads\/2025\/03\/Imagen-web-1.png","type":"image\/png"}],"twitter_card":"summary_large_image","twitter_site":"@inesem","twitter_misc":{"Tiempo de lectura":"1 minuto"},"schema":{"@context":"https:\/\/schema.org","@graph":[{"@type":"WebPage","@id":"https:\/\/www.inesem.es\/territorio-inesem\/webinars-podcast\/2x16-como-lanzarse-a-emprender\/","url":"https:\/\/www.inesem.es\/territorio-inesem\/webinars-podcast\/2x16-como-lanzarse-a-emprender\/","name":"2\u00d716 | C\u00f3mo lanzarse a Emprender - Territorio INESEM","isPartOf":{"@id":"https:\/\/www.inesem.es\/territorio-inesem\/#website"},"primaryImageOfPage":{"@id":"https:\/\/www.inesem.es\/territorio-inesem\/webinars-podcast\/2x16-como-lanzarse-a-emprender\/#primaryimage"},"image":{"@id":"https:\/\/www.inesem.es\/territorio-inesem\/webinars-podcast\/2x16-como-lanzarse-a-emprender\/#primaryimage"},"thumbnailUrl":"https:\/\/www.inesem.es\/territorio-inesem\/wp-content\/uploads\/2025\/03\/Imagen-web-1.png","datePublished":"2025-03-21T11:31:30+00:00","dateModified":"2025-07-02T08:59:42+00:00","description":"Descubre el nuevo contenido en abierto sobre C\u00f3mo lanzarse a emprender de mano de Ra\u00fal de Frutos.","breadcrumb":{"@id":"https:\/\/www.inesem.es\/territorio-inesem\/webinars-podcast\/2x16-como-lanzarse-a-emprender\/#breadcrumb"},"inLanguage":"es","potentialAction":[{"@type":"ReadAction","target":["https:\/\/www.inesem.es\/territorio-inesem\/webinars-podcast\/2x16-como-lanzarse-a-emprender\/"]}]},{"@type":"ImageObject","inLanguage":"es","@id":"https:\/\/www.inesem.es\/territorio-inesem\/webinars-podcast\/2x16-como-lanzarse-a-emprender\/#primaryimage","url":"https:\/\/www.inesem.es\/territorio-inesem\/wp-content\/uploads\/2025\/03\/Imagen-web-1.png","contentUrl":"https:\/\/www.inesem.es\/territorio-inesem\/wp-content\/uploads\/2025\/03\/Imagen-web-1.png","width":1200,"height":1200},{"@type":"BreadcrumbList","@id":"https:\/\/www.inesem.es\/territorio-inesem\/webinars-podcast\/2x16-como-lanzarse-a-emprender\/#breadcrumb","itemListElement":[{"@type":"ListItem","position":1,"name":"Portada","item":"https:\/\/www.inesem.es\/territorio-inesem\/"},{"@type":"ListItem","position":2,"name":"Tienda","item":"https:\/\/www.inesem.es\/territorio-inesem\/tienda"},{"@type":"ListItem","position":3,"name":"2\u00d716 | C\u00f3mo lanzarse a Emprender"}]},{"@type":"WebSite","@id":"https:\/\/www.inesem.es\/territorio-inesem\/#website","url":"https:\/\/www.inesem.es\/territorio-inesem\/","name":"Territorio INESEM","description":"Webinars y podcast","potentialAction":[{"@type":"SearchAction","target":{"@type":"EntryPoint","urlTemplate":"https:\/\/www.inesem.es\/territorio-inesem\/?s={search_term_string}"},"query-input":{"@type":"PropertyValueSpecification","valueRequired":true,"valueName":"search_term_string"}}],"inLanguage":"es"}]}},"_links":{"self":[{"href":"https:\/\/www.inesem.es\/territorio-inesem\/wp-json\/wp\/v2\/product\/2656","targetHints":{"allow":["GET"]}}],"collection":[{"href":"https:\/\/www.inesem.es\/territorio-inesem\/wp-json\/wp\/v2\/product"}],"about":[{"href":"https:\/\/www.inesem.es\/territorio-inesem\/wp-json\/wp\/v2\/types\/product"}],"replies":[{"embeddable":true,"href":"https:\/\/www.inesem.es\/territorio-inesem\/wp-json\/wp\/v2\/comments?post=2656"}],"wp:featuredmedia":[{"embeddable":true,"href":"https:\/\/www.inesem.es\/territorio-inesem\/wp-json\/wp\/v2\/media\/2657"}],"wp:attachment":[{"href":"https:\/\/www.inesem.es\/territorio-inesem\/wp-json\/wp\/v2\/media?parent=2656"}],"wp:term":[{"taxonomy":"product_brand","embeddable":true,"href":"https:\/\/www.inesem.es\/territorio-inesem\/wp-json\/wp\/v2\/product_brand?post=2656"},{"taxonomy":"product_cat","embeddable":true,"href":"https:\/\/www.inesem.es\/territorio-inesem\/wp-json\/wp\/v2\/product_cat?post=2656"},{"taxonomy":"product_tag","embeddable":true,"href":"https:\/\/www.inesem.es\/territorio-inesem\/wp-json\/wp\/v2\/product_tag?post=2656"}],"curies":[{"name":"wp","href":"https:\/\/api.w.org\/{rel}","templated":true}]}}