{"id":2777,"date":"2025-09-16T12:00:11","date_gmt":"2025-09-16T10:00:11","guid":{"rendered":"https:\/\/www.inesem.es\/territorio-inesem\/?post_type=product&#038;p=2777"},"modified":"2025-11-03T17:08:05","modified_gmt":"2025-11-03T16:08:05","slug":"3x03-entendiendo-google-ads-para-no-perder-dinero","status":"publish","type":"product","link":"https:\/\/www.inesem.es\/territorio-inesem\/webinars-podcast\/3x03-entendiendo-google-ads-para-no-perder-dinero","title":{"rendered":"3X03 | Entendiendo Google Ads para no perder Dinero"},"content":{"rendered":"<h2><strong>\u00bfQu\u00e9 aprender\u00e1s en este seminario?<\/strong><\/h2>\n<p><span class=\"TextRun SCXW178326863 BCX0\" lang=\"ES-ES\" xml:lang=\"ES-ES\" data-contrast=\"auto\"><span class=\"NormalTextRun SCXW178326863 BCX0\" data-ccp-parastyle=\"Normal0\" data-ccp-parastyle-defn=\"{&quot;ObjectId&quot;:&quot;dfa2f198-869b-5ae6-b258-1776ade8776a|1&quot;,&quot;ClassId&quot;:1073872969,&quot;Properties&quot;:[469775450,&quot;Normal0&quot;,201340122,&quot;2&quot;,134234082,&quot;true&quot;,134233614,&quot;true&quot;,469778129,&quot;Normal0&quot;,335572020,&quot;1&quot;,469777841,&quot;Lato Light&quot;,469777842,&quot;Lato Light&quot;,469777843,&quot;Lato Light&quot;,469777844,&quot;Lato Light&quot;,469769226,&quot;Lato Light&quot;,268442635,&quot;22&quot;]}\">En el mundo digital actual, Google <\/span><span class=\"NormalTextRun SpellingErrorV2Themed SCXW178326863 BCX0\" data-ccp-parastyle=\"Normal0\">Ads<\/span><span class=\"NormalTextRun SCXW178326863 BCX0\" data-ccp-parastyle=\"Normal0\"> se ha convertido en una herramienta clave para cualquier negocio que quiera atraer clientes de manera efectiva. Sin embargo, muchas empresas desperdician dinero en campa\u00f1as mal estructuradas, sin una estrategia clara. En este seminario, aprender\u00e1s c\u00f3mo funciona Google <\/span><span class=\"NormalTextRun SpellingErrorV2Themed SCXW178326863 BCX0\" data-ccp-parastyle=\"Normal0\">Ads<\/span><span class=\"NormalTextRun SCXW178326863 BCX0\" data-ccp-parastyle=\"Normal0\">, cu\u00e1les son los errores m\u00e1s comunes que debes evitar y c\u00f3mo dise\u00f1ar campa\u00f1as que generen un retorno real de inversi\u00f3n. Descubre c\u00f3mo segmentar correctamente tu audiencia, optimizar tus anuncios y medi<\/span><span class=\"NormalTextRun SCXW178326863 BCX0\" data-ccp-parastyle=\"Normal0\">r resultados para asegurarte de que cada euro invertido en publicidad se convierta en ventas.<\/span><\/span><span class=\"EOP SCXW178326863 BCX0\" data-ccp-props=\"{&quot;335551550&quot;:6,&quot;335551620&quot;:6}\">\u00a0<\/span><\/p>\n<p>&nbsp;<\/p>\n<p>&nbsp;<\/p>\n<h2><strong>Objetivos:<\/strong><\/h2>\n<ul>\n<li aria-setsize=\"-1\" data-leveltext=\"\u25cf\" data-font=\"Lato\" data-listid=\"1\" data-list-defn-props=\"{&quot;335552541&quot;:1,&quot;335559685&quot;:720,&quot;335559991&quot;:360,&quot;469769242&quot;:[8226],&quot;469777803&quot;:&quot;left&quot;,&quot;469777804&quot;:&quot;\u25cf&quot;,&quot;469777815&quot;:&quot;multilevel&quot;}\" data-aria-posinset=\"1\" data-aria-level=\"1\"><span data-contrast=\"auto\">Comprender el funcionamiento de Google Ads y su impacto en los negocios digitales.<\/span><span data-ccp-props=\"{&quot;335551550&quot;:6,&quot;335551620&quot;:6,&quot;335559739&quot;:200}\">\u00a0<\/span><\/li>\n<\/ul>\n<ul>\n<li aria-setsize=\"-1\" data-leveltext=\"\u25cf\" data-font=\"Lato\" data-listid=\"1\" data-list-defn-props=\"{&quot;335552541&quot;:1,&quot;335559685&quot;:720,&quot;335559991&quot;:360,&quot;469769242&quot;:[8226],&quot;469777803&quot;:&quot;left&quot;,&quot;469777804&quot;:&quot;\u25cf&quot;,&quot;469777815&quot;:&quot;multilevel&quot;}\" data-aria-posinset=\"2\" data-aria-level=\"1\"><span data-contrast=\"auto\">Aprender a estructurar campa\u00f1as de manera eficiente, desde la investigaci\u00f3n de palabras clave hasta la optimizaci\u00f3n de anuncios.<\/span><span data-ccp-props=\"{&quot;335551550&quot;:6,&quot;335551620&quot;:6,&quot;335559739&quot;:200}\">\u00a0<\/span><\/li>\n<\/ul>\n<ul>\n<li aria-setsize=\"-1\" data-leveltext=\"\u25cf\" data-font=\"Lato\" data-listid=\"1\" data-list-defn-props=\"{&quot;335552541&quot;:1,&quot;335559685&quot;:720,&quot;335559991&quot;:360,&quot;469769242&quot;:[8226],&quot;469777803&quot;:&quot;left&quot;,&quot;469777804&quot;:&quot;\u25cf&quot;,&quot;469777815&quot;:&quot;multilevel&quot;}\" data-aria-posinset=\"3\" data-aria-level=\"1\"><span data-contrast=\"auto\">Identificar y evitar los errores m\u00e1s comunes que hacen que las campa\u00f1as no sean rentables.<\/span><span data-ccp-props=\"{&quot;335551550&quot;:6,&quot;335551620&quot;:6,&quot;335559739&quot;:200}\">\u00a0<\/span><\/li>\n<\/ul>\n<ul>\n<li aria-setsize=\"-1\" data-leveltext=\"\u25cf\" data-font=\"Lato\" data-listid=\"1\" data-list-defn-props=\"{&quot;335552541&quot;:1,&quot;335559685&quot;:720,&quot;335559991&quot;:360,&quot;469769242&quot;:[8226],&quot;469777803&quot;:&quot;left&quot;,&quot;469777804&quot;:&quot;\u25cf&quot;,&quot;469777815&quot;:&quot;multilevel&quot;}\" data-aria-posinset=\"4\" data-aria-level=\"1\"><span data-contrast=\"auto\">Conocer c\u00f3mo segmentar audiencias de forma estrat\u00e9gica para maximizar la conversi\u00f3n.<\/span><span data-ccp-props=\"{&quot;335551550&quot;:6,&quot;335551620&quot;:6,&quot;335559739&quot;:200}\">\u00a0<\/span><\/li>\n<\/ul>\n<ul>\n<li aria-setsize=\"-1\" data-leveltext=\"\u25cf\" data-font=\"Lato\" data-listid=\"1\" data-list-defn-props=\"{&quot;335552541&quot;:1,&quot;335559685&quot;:720,&quot;335559991&quot;:360,&quot;469769242&quot;:[8226],&quot;469777803&quot;:&quot;left&quot;,&quot;469777804&quot;:&quot;\u25cf&quot;,&quot;469777815&quot;:&quot;multilevel&quot;}\" data-aria-posinset=\"5\" data-aria-level=\"1\"><span data-contrast=\"auto\">Implementar herramientas y m\u00e9tricas clave para analizar y mejorar el rendimiento de las campa\u00f1as.<\/span><span data-ccp-props=\"{&quot;335551550&quot;:6,&quot;335551620&quot;:6,&quot;335559739&quot;:200}\">\u00a0<\/span><\/li>\n<\/ul>\n<p>&nbsp;<\/p>\n<p>&nbsp;<\/p>\n<h2><strong>\u00bfA qui\u00e9n va dirigido?<\/strong><\/h2>\n<p><span class=\"TextRun SCXW249391242 BCX0\" lang=\"ES-ES\" xml:lang=\"ES-ES\" data-contrast=\"auto\"><span class=\"NormalTextRun SCXW249391242 BCX0\" data-ccp-parastyle=\"Normal0\" data-ccp-parastyle-defn=\"{&quot;ObjectId&quot;:&quot;dfa2f198-869b-5ae6-b258-1776ade8776a|1&quot;,&quot;ClassId&quot;:1073872969,&quot;Properties&quot;:[469775450,&quot;Normal0&quot;,201340122,&quot;2&quot;,134234082,&quot;true&quot;,134233614,&quot;true&quot;,469778129,&quot;Normal0&quot;,335572020,&quot;1&quot;,469777841,&quot;Lato Light&quot;,469777842,&quot;Lato Light&quot;,469777843,&quot;Lato Light&quot;,469777844,&quot;Lato Light&quot;,469769226,&quot;Lato Light&quot;,268442635,&quot;22&quot;]}\">Este seminario est\u00e1 dise\u00f1ado para emprendedores, responsables de marketing, gestores de <\/span><span class=\"NormalTextRun SpellingErrorV2Themed SCXW249391242 BCX0\" data-ccp-parastyle=\"Normal0\">eCommerce<\/span><span class=\"NormalTextRun SCXW249391242 BCX0\" data-ccp-parastyle=\"Normal0\"> y profesionales del <\/span><span class=\"NormalTextRun SpellingErrorV2Themed SCXW249391242 BCX0\" data-ccp-parastyle=\"Normal0\">Paid<\/span><span class=\"NormalTextRun SCXW249391242 BCX0\" data-ccp-parastyle=\"Normal0\"> Media que quieran mejorar su estrategia publicitaria en Google <\/span><span class=\"NormalTextRun SpellingErrorV2Themed SCXW249391242 BCX0\" data-ccp-parastyle=\"Normal0\">Ads<\/span><span class=\"NormalTextRun SCXW249391242 BCX0\" data-ccp-parastyle=\"Normal0\">. Tanto si est\u00e1s comenzando como si ya has invertido en la <\/span><span class=\"NormalTextRun ContextualSpellingAndGrammarErrorV2Themed SCXW249391242 BCX0\" data-ccp-parastyle=\"Normal0\">plataforma<\/span><span class=\"NormalTextRun SCXW249391242 BCX0\" data-ccp-parastyle=\"Normal0\"> pero no ves los resultados esperados, aqu\u00ed aprender\u00e1s a estructurar campa\u00f1as efectivas que generen ventas sin desperdiciar presupuesto.<\/span><\/span><span class=\"EOP SCXW249391242 BCX0\" data-ccp-props=\"{&quot;335551550&quot;:6,&quot;335551620&quot;:6}\">\u00a0<\/span><\/p>\n","protected":false},"excerpt":{"rendered":"<p>\u00bfQu\u00e9 aprender\u00e1s en este seminario? En el mundo digital actual, Google Ads se ha convertido en una herramienta clave para cualquier negocio que quiera atraer clientes de manera efectiva. Sin embargo, muchas empresas desperdician dinero en campa\u00f1as mal estructuradas, sin una estrategia clara. En este seminario, aprender\u00e1s c\u00f3mo funciona Google Ads, cu\u00e1les son los errores [&hellip;]<\/p>\n","protected":false},"featured_media":2781,"comment_status":"open","ping_status":"closed","template":"","meta":{"_acf_changed":false,"site-sidebar-layout":"default","site-content-layout":"","ast-site-content-layout":"default","site-content-style":"default","site-sidebar-style":"default","ast-global-header-display":"","ast-banner-title-visibility":"","ast-main-header-display":"","ast-hfb-above-header-display":"","ast-hfb-below-header-display":"","ast-hfb-mobile-header-display":"","site-post-title":"","ast-breadcrumbs-content":"","ast-featured-img":"","footer-sml-layout":"","theme-transparent-header-meta":"default","adv-header-id-meta":"","stick-header-meta":"","header-above-stick-meta":"","header-main-stick-meta":"","header-below-stick-meta":"","astra-migrate-meta-layouts":"set","ast-page-background-enabled":"default","ast-page-background-meta":{"desktop":{"background-color":"var(--ast-global-color-4)","background-image":"","background-repeat":"repeat","background-position":"center center","background-size":"auto","background-attachment":"scroll","background-type":"","background-media":"","overlay-type":"","overlay-color":"","overlay-opacity":"","overlay-gradient":""},"tablet":{"background-color":"","background-image":"","background-repeat":"repeat","background-position":"center center","background-size":"auto","background-attachment":"scroll","background-type":"","background-media":"","overlay-type":"","overlay-color":"","overlay-opacity":"","overlay-gradient":""},"mobile":{"background-color":"","background-image":"","background-repeat":"repeat","background-position":"center center","background-size":"auto","background-attachment":"scroll","background-type":"","background-media":"","overlay-type":"","overlay-color":"","overlay-opacity":"","overlay-gradient":""}},"ast-content-background-meta":{"desktop":{"background-color":"var(--ast-global-color-5)","background-image":"","background-repeat":"repeat","background-position":"center center","background-size":"auto","background-attachment":"scroll","background-type":"","background-media":"","overlay-type":"","overlay-color":"","overlay-opacity":"","overlay-gradient":""},"tablet":{"background-color":"var(--ast-global-color-5)","background-image":"","background-repeat":"repeat","background-position":"center center","background-size":"auto","background-attachment":"scroll","background-type":"","background-media":"","overlay-type":"","overlay-color":"","overlay-opacity":"","overlay-gradient":""},"mobile":{"background-color":"var(--ast-global-color-5)","background-image":"","background-repeat":"repeat","background-position":"center center","background-size":"auto","background-attachment":"scroll","background-type":"","background-media":"","overlay-type":"","overlay-color":"","overlay-opacity":"","overlay-gradient":""}}},"product_brand":[],"product_cat":[30],"product_tag":[],"class_list":{"0":"post-2777","1":"product","2":"type-product","3":"status-publish","4":"has-post-thumbnail","6":"product_cat-pasados","7":"desktop-align-center","8":"tablet-align-left","9":"mobile-align-left","11":"first","12":"instock","13":"downloadable","14":"virtual","15":"sold-individually","16":"purchasable","17":"product-type-webinar"},"acf":[],"yoast_head":"<!-- This site is optimized with the Yoast SEO plugin v24.3 - https:\/\/yoast.com\/wordpress\/plugins\/seo\/ -->\n<title>3X03 | Entendiendo Google Ads para no perder Dinero - Territorio INESEM<\/title>\n<meta name=\"description\" content=\"Descubre el nuevo contenido en abierto sobre Entendiendo Google Ads para no perder Dinero de mano de Ana Kostic.\" \/>\n<meta name=\"robots\" content=\"index, follow, max-snippet:-1, max-image-preview:large, max-video-preview:-1\" \/>\n<link rel=\"canonical\" href=\"https:\/\/www.inesem.es\/territorio-inesem\/webinars-podcast\/3x03-entendiendo-google-ads-para-no-perder-dinero\" \/>\n<meta property=\"og:locale\" content=\"es_ES\" \/>\n<meta property=\"og:type\" content=\"article\" \/>\n<meta property=\"og:title\" content=\"3X03 | Entendiendo Google Ads para no perder Dinero - Territorio INESEM\" \/>\n<meta property=\"og:description\" content=\"Descubre el nuevo contenido en abierto sobre Entendiendo Google Ads para no perder Dinero de mano de Ana Kostic.\" \/>\n<meta property=\"og:url\" content=\"https:\/\/www.inesem.es\/territorio-inesem\/webinars-podcast\/3x03-entendiendo-google-ads-para-no-perder-dinero\" \/>\n<meta property=\"og:site_name\" content=\"Territorio INESEM\" \/>\n<meta property=\"article:publisher\" content=\"https:\/\/www.facebook.com\/InesemBusinessSchool\" \/>\n<meta property=\"article:modified_time\" content=\"2025-11-03T16:08:05+00:00\" \/>\n<meta property=\"og:image\" content=\"https:\/\/www.inesem.es\/territorio-inesem\/wp-content\/uploads\/2025\/09\/Ana-Kostic.webp\" \/>\n\t<meta property=\"og:image:width\" content=\"1500\" \/>\n\t<meta property=\"og:image:height\" content=\"1500\" \/>\n\t<meta property=\"og:image:type\" content=\"image\/webp\" \/>\n<meta name=\"twitter:card\" content=\"summary_large_image\" \/>\n<meta name=\"twitter:site\" content=\"@inesem\" \/>\n<meta name=\"twitter:label1\" content=\"Tiempo de lectura\" \/>\n\t<meta name=\"twitter:data1\" content=\"2 minutos\" \/>\n<script type=\"application\/ld+json\" class=\"yoast-schema-graph\">{\"@context\":\"https:\/\/schema.org\",\"@graph\":[{\"@type\":\"WebPage\",\"@id\":\"https:\/\/www.inesem.es\/territorio-inesem\/webinars-podcast\/3x03-entendiendo-google-ads-para-no-perder-dinero\",\"url\":\"https:\/\/www.inesem.es\/territorio-inesem\/webinars-podcast\/3x03-entendiendo-google-ads-para-no-perder-dinero\",\"name\":\"3X03 | Entendiendo Google Ads para no perder Dinero - Territorio INESEM\",\"isPartOf\":{\"@id\":\"https:\/\/www.inesem.es\/territorio-inesem\/#website\"},\"primaryImageOfPage\":{\"@id\":\"https:\/\/www.inesem.es\/territorio-inesem\/webinars-podcast\/3x03-entendiendo-google-ads-para-no-perder-dinero#primaryimage\"},\"image\":{\"@id\":\"https:\/\/www.inesem.es\/territorio-inesem\/webinars-podcast\/3x03-entendiendo-google-ads-para-no-perder-dinero#primaryimage\"},\"thumbnailUrl\":\"https:\/\/www.inesem.es\/territorio-inesem\/wp-content\/uploads\/2025\/09\/Ana-Kostic.webp\",\"datePublished\":\"2025-09-16T10:00:11+00:00\",\"dateModified\":\"2025-11-03T16:08:05+00:00\",\"description\":\"Descubre el nuevo contenido en abierto sobre Entendiendo Google Ads para no perder Dinero de mano de Ana Kostic.\",\"breadcrumb\":{\"@id\":\"https:\/\/www.inesem.es\/territorio-inesem\/webinars-podcast\/3x03-entendiendo-google-ads-para-no-perder-dinero#breadcrumb\"},\"inLanguage\":\"es\",\"potentialAction\":[{\"@type\":\"ReadAction\",\"target\":[\"https:\/\/www.inesem.es\/territorio-inesem\/webinars-podcast\/3x03-entendiendo-google-ads-para-no-perder-dinero\"]}]},{\"@type\":\"ImageObject\",\"inLanguage\":\"es\",\"@id\":\"https:\/\/www.inesem.es\/territorio-inesem\/webinars-podcast\/3x03-entendiendo-google-ads-para-no-perder-dinero#primaryimage\",\"url\":\"https:\/\/www.inesem.es\/territorio-inesem\/wp-content\/uploads\/2025\/09\/Ana-Kostic.webp\",\"contentUrl\":\"https:\/\/www.inesem.es\/territorio-inesem\/wp-content\/uploads\/2025\/09\/Ana-Kostic.webp\",\"width\":1500,\"height\":1500},{\"@type\":\"BreadcrumbList\",\"@id\":\"https:\/\/www.inesem.es\/territorio-inesem\/webinars-podcast\/3x03-entendiendo-google-ads-para-no-perder-dinero#breadcrumb\",\"itemListElement\":[{\"@type\":\"ListItem\",\"position\":1,\"name\":\"Portada\",\"item\":\"https:\/\/www.inesem.es\/territorio-inesem\/\"},{\"@type\":\"ListItem\",\"position\":2,\"name\":\"Tienda\",\"item\":\"https:\/\/www.inesem.es\/territorio-inesem\/tienda\"},{\"@type\":\"ListItem\",\"position\":3,\"name\":\"3X03 | Entendiendo Google Ads para no perder Dinero\"}]},{\"@type\":\"WebSite\",\"@id\":\"https:\/\/www.inesem.es\/territorio-inesem\/#website\",\"url\":\"https:\/\/www.inesem.es\/territorio-inesem\/\",\"name\":\"Territorio INESEM\",\"description\":\"Webinars y podcast\",\"potentialAction\":[{\"@type\":\"SearchAction\",\"target\":{\"@type\":\"EntryPoint\",\"urlTemplate\":\"https:\/\/www.inesem.es\/territorio-inesem\/?s={search_term_string}\"},\"query-input\":{\"@type\":\"PropertyValueSpecification\",\"valueRequired\":true,\"valueName\":\"search_term_string\"}}],\"inLanguage\":\"es\"}]}<\/script>\n<!-- \/ Yoast SEO plugin. -->","yoast_head_json":{"title":"3X03 | Entendiendo Google Ads para no perder Dinero - Territorio INESEM","description":"Descubre el nuevo contenido en abierto sobre Entendiendo Google Ads para no perder Dinero de mano de Ana Kostic.","robots":{"index":"index","follow":"follow","max-snippet":"max-snippet:-1","max-image-preview":"max-image-preview:large","max-video-preview":"max-video-preview:-1"},"canonical":"https:\/\/www.inesem.es\/territorio-inesem\/webinars-podcast\/3x03-entendiendo-google-ads-para-no-perder-dinero","og_locale":"es_ES","og_type":"article","og_title":"3X03 | Entendiendo Google Ads para no perder Dinero - Territorio INESEM","og_description":"Descubre el nuevo contenido en abierto sobre Entendiendo Google Ads para no perder Dinero de mano de Ana Kostic.","og_url":"https:\/\/www.inesem.es\/territorio-inesem\/webinars-podcast\/3x03-entendiendo-google-ads-para-no-perder-dinero","og_site_name":"Territorio INESEM","article_publisher":"https:\/\/www.facebook.com\/InesemBusinessSchool","article_modified_time":"2025-11-03T16:08:05+00:00","og_image":[{"width":1500,"height":1500,"url":"https:\/\/www.inesem.es\/territorio-inesem\/wp-content\/uploads\/2025\/09\/Ana-Kostic.webp","type":"image\/webp"}],"twitter_card":"summary_large_image","twitter_site":"@inesem","twitter_misc":{"Tiempo de lectura":"2 minutos"},"schema":{"@context":"https:\/\/schema.org","@graph":[{"@type":"WebPage","@id":"https:\/\/www.inesem.es\/territorio-inesem\/webinars-podcast\/3x03-entendiendo-google-ads-para-no-perder-dinero","url":"https:\/\/www.inesem.es\/territorio-inesem\/webinars-podcast\/3x03-entendiendo-google-ads-para-no-perder-dinero","name":"3X03 | Entendiendo Google Ads para no perder Dinero - Territorio INESEM","isPartOf":{"@id":"https:\/\/www.inesem.es\/territorio-inesem\/#website"},"primaryImageOfPage":{"@id":"https:\/\/www.inesem.es\/territorio-inesem\/webinars-podcast\/3x03-entendiendo-google-ads-para-no-perder-dinero#primaryimage"},"image":{"@id":"https:\/\/www.inesem.es\/territorio-inesem\/webinars-podcast\/3x03-entendiendo-google-ads-para-no-perder-dinero#primaryimage"},"thumbnailUrl":"https:\/\/www.inesem.es\/territorio-inesem\/wp-content\/uploads\/2025\/09\/Ana-Kostic.webp","datePublished":"2025-09-16T10:00:11+00:00","dateModified":"2025-11-03T16:08:05+00:00","description":"Descubre el nuevo contenido en abierto sobre Entendiendo Google Ads para no perder Dinero de mano de Ana Kostic.","breadcrumb":{"@id":"https:\/\/www.inesem.es\/territorio-inesem\/webinars-podcast\/3x03-entendiendo-google-ads-para-no-perder-dinero#breadcrumb"},"inLanguage":"es","potentialAction":[{"@type":"ReadAction","target":["https:\/\/www.inesem.es\/territorio-inesem\/webinars-podcast\/3x03-entendiendo-google-ads-para-no-perder-dinero"]}]},{"@type":"ImageObject","inLanguage":"es","@id":"https:\/\/www.inesem.es\/territorio-inesem\/webinars-podcast\/3x03-entendiendo-google-ads-para-no-perder-dinero#primaryimage","url":"https:\/\/www.inesem.es\/territorio-inesem\/wp-content\/uploads\/2025\/09\/Ana-Kostic.webp","contentUrl":"https:\/\/www.inesem.es\/territorio-inesem\/wp-content\/uploads\/2025\/09\/Ana-Kostic.webp","width":1500,"height":1500},{"@type":"BreadcrumbList","@id":"https:\/\/www.inesem.es\/territorio-inesem\/webinars-podcast\/3x03-entendiendo-google-ads-para-no-perder-dinero#breadcrumb","itemListElement":[{"@type":"ListItem","position":1,"name":"Portada","item":"https:\/\/www.inesem.es\/territorio-inesem\/"},{"@type":"ListItem","position":2,"name":"Tienda","item":"https:\/\/www.inesem.es\/territorio-inesem\/tienda"},{"@type":"ListItem","position":3,"name":"3X03 | Entendiendo Google Ads para no perder Dinero"}]},{"@type":"WebSite","@id":"https:\/\/www.inesem.es\/territorio-inesem\/#website","url":"https:\/\/www.inesem.es\/territorio-inesem\/","name":"Territorio INESEM","description":"Webinars y podcast","potentialAction":[{"@type":"SearchAction","target":{"@type":"EntryPoint","urlTemplate":"https:\/\/www.inesem.es\/territorio-inesem\/?s={search_term_string}"},"query-input":{"@type":"PropertyValueSpecification","valueRequired":true,"valueName":"search_term_string"}}],"inLanguage":"es"}]}},"_links":{"self":[{"href":"https:\/\/www.inesem.es\/territorio-inesem\/wp-json\/wp\/v2\/product\/2777","targetHints":{"allow":["GET"]}}],"collection":[{"href":"https:\/\/www.inesem.es\/territorio-inesem\/wp-json\/wp\/v2\/product"}],"about":[{"href":"https:\/\/www.inesem.es\/territorio-inesem\/wp-json\/wp\/v2\/types\/product"}],"replies":[{"embeddable":true,"href":"https:\/\/www.inesem.es\/territorio-inesem\/wp-json\/wp\/v2\/comments?post=2777"}],"wp:featuredmedia":[{"embeddable":true,"href":"https:\/\/www.inesem.es\/territorio-inesem\/wp-json\/wp\/v2\/media\/2781"}],"wp:attachment":[{"href":"https:\/\/www.inesem.es\/territorio-inesem\/wp-json\/wp\/v2\/media?parent=2777"}],"wp:term":[{"taxonomy":"product_brand","embeddable":true,"href":"https:\/\/www.inesem.es\/territorio-inesem\/wp-json\/wp\/v2\/product_brand?post=2777"},{"taxonomy":"product_cat","embeddable":true,"href":"https:\/\/www.inesem.es\/territorio-inesem\/wp-json\/wp\/v2\/product_cat?post=2777"},{"taxonomy":"product_tag","embeddable":true,"href":"https:\/\/www.inesem.es\/territorio-inesem\/wp-json\/wp\/v2\/product_tag?post=2777"}],"curies":[{"name":"wp","href":"https:\/\/api.w.org\/{rel}","templated":true}]}}