{"id":2826,"date":"2025-12-01T12:54:35","date_gmt":"2025-12-01T11:54:35","guid":{"rendered":"https:\/\/www.inesem.es\/territorio-inesem\/?post_type=product&#038;p=2826"},"modified":"2025-12-01T12:54:36","modified_gmt":"2025-12-01T11:54:36","slug":"3x08-estudio-del-clima-laboral-y-su-importancia","status":"publish","type":"product","link":"https:\/\/www.inesem.es\/territorio-inesem\/webinars-podcast\/3x08-estudio-del-clima-laboral-y-su-importancia","title":{"rendered":"3X08 | Estudio del Clima Laboral y su Importancia"},"content":{"rendered":"<h2><strong>\u00bfQu\u00e9 aprender\u00e1s en este seminario?<\/strong><\/h2>\n<p data-start=\"411\" data-end=\"990\">En este seminario comprender\u00e1s <strong data-start=\"442\" data-end=\"479\">qu\u00e9 es realmente el clima laboral<\/strong>, por qu\u00e9 influye directamente en la productividad de una empresa y c\u00f3mo puede convertirse en un factor decisivo para la retenci\u00f3n del talento y el \u00e9xito de cualquier organizaci\u00f3n. A trav\u00e9s de la experiencia de Eduard Alcaraz, aprender\u00e1s a identificar los elementos clave que afectan al bienestar laboral \u2014comunicaci\u00f3n interna, liderazgo, satisfacci\u00f3n profesional, relaciones entre equipos y percepci\u00f3n del empleado\u2014 y descubrir\u00e1s c\u00f3mo se analiza de forma rigurosa mediante estudios y herramientas estrat\u00e9gicas.<\/p>\n<p data-start=\"992\" data-end=\"1396\">Tambi\u00e9n ver\u00e1s c\u00f3mo interpretar los resultados de un <strong data-start=\"1044\" data-end=\"1072\">estudio de clima laboral<\/strong>, c\u00f3mo detectar \u00e1reas de mejora y c\u00f3mo implementar acciones pr\u00e1cticas para generar entornos de trabajo m\u00e1s saludables, innovadores y orientados al rendimiento. Adem\u00e1s, se abordar\u00e1n conceptos esenciales como <strong data-start=\"1279\" data-end=\"1293\">engagement<\/strong>, motivaci\u00f3n, reducci\u00f3n del estr\u00e9s, cultura organizacional y construcci\u00f3n de equipos de alto desempe\u00f1o.<\/p>\n<h2><strong>Objetivos:<\/strong><\/h2>\n<ul>\n<li data-start=\"1423\" data-end=\"1541\"><strong data-start=\"1423\" data-end=\"1461\">Comprender qu\u00e9 es el clima laboral<\/strong> y por qu\u00e9 es un indicador clave en la gesti\u00f3n del talento y la productividad.<\/li>\n<li data-start=\"1544\" data-end=\"1669\"><strong data-start=\"1544\" data-end=\"1616\">Identificar los factores que influyen en el bienestar organizacional<\/strong>, desde el liderazgo hasta la comunicaci\u00f3n interna.<\/li>\n<li data-start=\"1672\" data-end=\"1794\"><strong data-start=\"1672\" data-end=\"1727\">Conocer c\u00f3mo se realiza un estudio de clima laboral<\/strong>, qu\u00e9 herramientas se utilizan y c\u00f3mo interpretar sus resultados.<\/li>\n<li data-start=\"1797\" data-end=\"1930\"><strong data-start=\"1797\" data-end=\"1859\">Aprender a transformar los hallazgos en acciones concretas<\/strong>, mejorando la satisfacci\u00f3n del empleado y el rendimiento del equipo.<\/li>\n<li data-start=\"1933\" data-end=\"2070\"><strong data-start=\"1933\" data-end=\"1987\">Desarrollar competencias en cultura organizacional<\/strong>, gesti\u00f3n del cambio y mejora continua dentro de empresas y entornos profesionales.<\/li>\n<\/ul>\n<h2><strong>\u00bfA qui\u00e9n va dirigido?<\/strong><\/h2>\n<p data-start=\"2106\" data-end=\"2498\">Este seminario est\u00e1 pensado para <strong data-start=\"2139\" data-end=\"2304\">responsables de recursos humanos, l\u00edderes de equipo, mandos intermedios, estudiantes de \u00e1reas empresariales y profesionales interesados en la gesti\u00f3n del talento<\/strong>. Tambi\u00e9n es ideal para personas que deseen mejorar el clima de su organizaci\u00f3n, optimizar la comunicaci\u00f3n interna o desarrollar habilidades que impulsen el bienestar y el rendimiento colectivo.<\/p>\n<p data-start=\"2500\" data-end=\"2718\">Es especialmente \u00fatil para quienes buscan comprender c\u00f3mo la cultura corporativa impacta en la motivaci\u00f3n, en la salud emocional del equipo y en la creaci\u00f3n de entornos laborales sostenibles, productivos y humanizados.<\/p>\n","protected":false},"excerpt":{"rendered":"<p>\u00bfQu\u00e9 aprender\u00e1s en este seminario? En este seminario comprender\u00e1s qu\u00e9 es realmente el clima laboral, por qu\u00e9 influye directamente en la productividad de una empresa y c\u00f3mo puede convertirse en un factor decisivo para la retenci\u00f3n del talento y el \u00e9xito de cualquier organizaci\u00f3n. A trav\u00e9s de la experiencia de Eduard Alcaraz, aprender\u00e1s a identificar [&hellip;]<\/p>\n","protected":false},"featured_media":2827,"comment_status":"open","ping_status":"closed","template":"","meta":{"_acf_changed":false,"site-sidebar-layout":"default","site-content-layout":"","ast-site-content-layout":"default","site-content-style":"default","site-sidebar-style":"default","ast-global-header-display":"","ast-banner-title-visibility":"","ast-main-header-display":"","ast-hfb-above-header-display":"","ast-hfb-below-header-display":"","ast-hfb-mobile-header-display":"","site-post-title":"","ast-breadcrumbs-content":"","ast-featured-img":"","footer-sml-layout":"","theme-transparent-header-meta":"default","adv-header-id-meta":"","stick-header-meta":"","header-above-stick-meta":"","header-main-stick-meta":"","header-below-stick-meta":"","astra-migrate-meta-layouts":"set","ast-page-background-enabled":"default","ast-page-background-meta":{"desktop":{"background-color":"var(--ast-global-color-4)","background-image":"","background-repeat":"repeat","background-position":"center center","background-size":"auto","background-attachment":"scroll","background-type":"","background-media":"","overlay-type":"","overlay-color":"","overlay-opacity":"","overlay-gradient":""},"tablet":{"background-color":"","background-image":"","background-repeat":"repeat","background-position":"center center","background-size":"auto","background-attachment":"scroll","background-type":"","background-media":"","overlay-type":"","overlay-color":"","overlay-opacity":"","overlay-gradient":""},"mobile":{"background-color":"","background-image":"","background-repeat":"repeat","background-position":"center center","background-size":"auto","background-attachment":"scroll","background-type":"","background-media":"","overlay-type":"","overlay-color":"","overlay-opacity":"","overlay-gradient":""}},"ast-content-background-meta":{"desktop":{"background-color":"var(--ast-global-color-5)","background-image":"","background-repeat":"repeat","background-position":"center center","background-size":"auto","background-attachment":"scroll","background-type":"","background-media":"","overlay-type":"","overlay-color":"","overlay-opacity":"","overlay-gradient":""},"tablet":{"background-color":"var(--ast-global-color-5)","background-image":"","background-repeat":"repeat","background-position":"center center","background-size":"auto","background-attachment":"scroll","background-type":"","background-media":"","overlay-type":"","overlay-color":"","overlay-opacity":"","overlay-gradient":""},"mobile":{"background-color":"var(--ast-global-color-5)","background-image":"","background-repeat":"repeat","background-position":"center center","background-size":"auto","background-attachment":"scroll","background-type":"","background-media":"","overlay-type":"","overlay-color":"","overlay-opacity":"","overlay-gradient":""}}},"product_brand":[],"product_cat":[29],"product_tag":[],"class_list":{"0":"post-2826","1":"product","2":"type-product","3":"status-publish","4":"has-post-thumbnail","6":"product_cat-proximos","7":"desktop-align-center","8":"tablet-align-left","9":"mobile-align-left","11":"first","12":"instock","13":"downloadable","14":"virtual","15":"sold-individually","16":"purchasable","17":"product-type-webinar"},"acf":[],"yoast_head":"<!-- This site is optimized with the Yoast SEO plugin v24.3 - https:\/\/yoast.com\/wordpress\/plugins\/seo\/ -->\n<title>3X08 | Estudio del Clima Laboral y su Importancia - Territorio INESEM<\/title>\n<meta name=\"description\" content=\"Descubre el nuevo contenido en abierto sobre clima laboral de mano de Eduard Alcaraz.\" \/>\n<meta name=\"robots\" content=\"index, follow, max-snippet:-1, max-image-preview:large, max-video-preview:-1\" \/>\n<link rel=\"canonical\" href=\"https:\/\/www.inesem.es\/territorio-inesem\/webinars-podcast\/3x08-estudio-del-clima-laboral-y-su-importancia\" \/>\n<meta property=\"og:locale\" content=\"es_ES\" \/>\n<meta property=\"og:type\" content=\"article\" \/>\n<meta property=\"og:title\" content=\"3X08 | Estudio del Clima Laboral y su Importancia - Territorio INESEM\" \/>\n<meta property=\"og:description\" content=\"Descubre el nuevo contenido en abierto sobre clima laboral de mano de Eduard Alcaraz.\" \/>\n<meta property=\"og:url\" content=\"https:\/\/www.inesem.es\/territorio-inesem\/webinars-podcast\/3x08-estudio-del-clima-laboral-y-su-importancia\" \/>\n<meta property=\"og:site_name\" content=\"Territorio INESEM\" \/>\n<meta property=\"article:publisher\" content=\"https:\/\/www.facebook.com\/InesemBusinessSchool\" \/>\n<meta property=\"article:modified_time\" content=\"2025-12-01T11:54:36+00:00\" \/>\n<meta property=\"og:image\" content=\"https:\/\/www.inesem.es\/territorio-inesem\/wp-content\/uploads\/2025\/12\/clima-laboral.png\" \/>\n\t<meta property=\"og:image:width\" content=\"1500\" \/>\n\t<meta property=\"og:image:height\" content=\"1500\" \/>\n\t<meta property=\"og:image:type\" content=\"image\/png\" \/>\n<meta name=\"twitter:card\" content=\"summary_large_image\" \/>\n<meta name=\"twitter:site\" content=\"@inesem\" \/>\n<meta name=\"twitter:label1\" content=\"Tiempo de lectura\" \/>\n\t<meta name=\"twitter:data1\" content=\"2 minutos\" \/>\n<script type=\"application\/ld+json\" class=\"yoast-schema-graph\">{\"@context\":\"https:\/\/schema.org\",\"@graph\":[{\"@type\":\"WebPage\",\"@id\":\"https:\/\/www.inesem.es\/territorio-inesem\/webinars-podcast\/3x08-estudio-del-clima-laboral-y-su-importancia\",\"url\":\"https:\/\/www.inesem.es\/territorio-inesem\/webinars-podcast\/3x08-estudio-del-clima-laboral-y-su-importancia\",\"name\":\"3X08 | Estudio del Clima Laboral y su Importancia - Territorio INESEM\",\"isPartOf\":{\"@id\":\"https:\/\/www.inesem.es\/territorio-inesem\/#website\"},\"primaryImageOfPage\":{\"@id\":\"https:\/\/www.inesem.es\/territorio-inesem\/webinars-podcast\/3x08-estudio-del-clima-laboral-y-su-importancia#primaryimage\"},\"image\":{\"@id\":\"https:\/\/www.inesem.es\/territorio-inesem\/webinars-podcast\/3x08-estudio-del-clima-laboral-y-su-importancia#primaryimage\"},\"thumbnailUrl\":\"https:\/\/www.inesem.es\/territorio-inesem\/wp-content\/uploads\/2025\/12\/clima-laboral.png\",\"datePublished\":\"2025-12-01T11:54:35+00:00\",\"dateModified\":\"2025-12-01T11:54:36+00:00\",\"description\":\"Descubre el nuevo contenido en abierto sobre clima laboral de mano de Eduard Alcaraz.\",\"breadcrumb\":{\"@id\":\"https:\/\/www.inesem.es\/territorio-inesem\/webinars-podcast\/3x08-estudio-del-clima-laboral-y-su-importancia#breadcrumb\"},\"inLanguage\":\"es\",\"potentialAction\":[{\"@type\":\"ReadAction\",\"target\":[\"https:\/\/www.inesem.es\/territorio-inesem\/webinars-podcast\/3x08-estudio-del-clima-laboral-y-su-importancia\"]}]},{\"@type\":\"ImageObject\",\"inLanguage\":\"es\",\"@id\":\"https:\/\/www.inesem.es\/territorio-inesem\/webinars-podcast\/3x08-estudio-del-clima-laboral-y-su-importancia#primaryimage\",\"url\":\"https:\/\/www.inesem.es\/territorio-inesem\/wp-content\/uploads\/2025\/12\/clima-laboral.png\",\"contentUrl\":\"https:\/\/www.inesem.es\/territorio-inesem\/wp-content\/uploads\/2025\/12\/clima-laboral.png\",\"width\":1500,\"height\":1500},{\"@type\":\"BreadcrumbList\",\"@id\":\"https:\/\/www.inesem.es\/territorio-inesem\/webinars-podcast\/3x08-estudio-del-clima-laboral-y-su-importancia#breadcrumb\",\"itemListElement\":[{\"@type\":\"ListItem\",\"position\":1,\"name\":\"Portada\",\"item\":\"https:\/\/www.inesem.es\/territorio-inesem\/\"},{\"@type\":\"ListItem\",\"position\":2,\"name\":\"Tienda\",\"item\":\"https:\/\/www.inesem.es\/territorio-inesem\/tienda\"},{\"@type\":\"ListItem\",\"position\":3,\"name\":\"3X08 | Estudio del Clima Laboral y su Importancia\"}]},{\"@type\":\"WebSite\",\"@id\":\"https:\/\/www.inesem.es\/territorio-inesem\/#website\",\"url\":\"https:\/\/www.inesem.es\/territorio-inesem\/\",\"name\":\"Territorio INESEM\",\"description\":\"Webinars y podcast\",\"potentialAction\":[{\"@type\":\"SearchAction\",\"target\":{\"@type\":\"EntryPoint\",\"urlTemplate\":\"https:\/\/www.inesem.es\/territorio-inesem\/?s={search_term_string}\"},\"query-input\":{\"@type\":\"PropertyValueSpecification\",\"valueRequired\":true,\"valueName\":\"search_term_string\"}}],\"inLanguage\":\"es\"}]}<\/script>\n<!-- \/ Yoast SEO plugin. -->","yoast_head_json":{"title":"3X08 | Estudio del Clima Laboral y su Importancia - Territorio INESEM","description":"Descubre el nuevo contenido en abierto sobre clima laboral de mano de Eduard Alcaraz.","robots":{"index":"index","follow":"follow","max-snippet":"max-snippet:-1","max-image-preview":"max-image-preview:large","max-video-preview":"max-video-preview:-1"},"canonical":"https:\/\/www.inesem.es\/territorio-inesem\/webinars-podcast\/3x08-estudio-del-clima-laboral-y-su-importancia","og_locale":"es_ES","og_type":"article","og_title":"3X08 | Estudio del Clima Laboral y su Importancia - Territorio INESEM","og_description":"Descubre el nuevo contenido en abierto sobre clima laboral de mano de Eduard Alcaraz.","og_url":"https:\/\/www.inesem.es\/territorio-inesem\/webinars-podcast\/3x08-estudio-del-clima-laboral-y-su-importancia","og_site_name":"Territorio INESEM","article_publisher":"https:\/\/www.facebook.com\/InesemBusinessSchool","article_modified_time":"2025-12-01T11:54:36+00:00","og_image":[{"width":1500,"height":1500,"url":"https:\/\/www.inesem.es\/territorio-inesem\/wp-content\/uploads\/2025\/12\/clima-laboral.png","type":"image\/png"}],"twitter_card":"summary_large_image","twitter_site":"@inesem","twitter_misc":{"Tiempo de lectura":"2 minutos"},"schema":{"@context":"https:\/\/schema.org","@graph":[{"@type":"WebPage","@id":"https:\/\/www.inesem.es\/territorio-inesem\/webinars-podcast\/3x08-estudio-del-clima-laboral-y-su-importancia","url":"https:\/\/www.inesem.es\/territorio-inesem\/webinars-podcast\/3x08-estudio-del-clima-laboral-y-su-importancia","name":"3X08 | Estudio del Clima Laboral y su Importancia - Territorio INESEM","isPartOf":{"@id":"https:\/\/www.inesem.es\/territorio-inesem\/#website"},"primaryImageOfPage":{"@id":"https:\/\/www.inesem.es\/territorio-inesem\/webinars-podcast\/3x08-estudio-del-clima-laboral-y-su-importancia#primaryimage"},"image":{"@id":"https:\/\/www.inesem.es\/territorio-inesem\/webinars-podcast\/3x08-estudio-del-clima-laboral-y-su-importancia#primaryimage"},"thumbnailUrl":"https:\/\/www.inesem.es\/territorio-inesem\/wp-content\/uploads\/2025\/12\/clima-laboral.png","datePublished":"2025-12-01T11:54:35+00:00","dateModified":"2025-12-01T11:54:36+00:00","description":"Descubre el nuevo contenido en abierto sobre clima laboral de mano de Eduard Alcaraz.","breadcrumb":{"@id":"https:\/\/www.inesem.es\/territorio-inesem\/webinars-podcast\/3x08-estudio-del-clima-laboral-y-su-importancia#breadcrumb"},"inLanguage":"es","potentialAction":[{"@type":"ReadAction","target":["https:\/\/www.inesem.es\/territorio-inesem\/webinars-podcast\/3x08-estudio-del-clima-laboral-y-su-importancia"]}]},{"@type":"ImageObject","inLanguage":"es","@id":"https:\/\/www.inesem.es\/territorio-inesem\/webinars-podcast\/3x08-estudio-del-clima-laboral-y-su-importancia#primaryimage","url":"https:\/\/www.inesem.es\/territorio-inesem\/wp-content\/uploads\/2025\/12\/clima-laboral.png","contentUrl":"https:\/\/www.inesem.es\/territorio-inesem\/wp-content\/uploads\/2025\/12\/clima-laboral.png","width":1500,"height":1500},{"@type":"BreadcrumbList","@id":"https:\/\/www.inesem.es\/territorio-inesem\/webinars-podcast\/3x08-estudio-del-clima-laboral-y-su-importancia#breadcrumb","itemListElement":[{"@type":"ListItem","position":1,"name":"Portada","item":"https:\/\/www.inesem.es\/territorio-inesem\/"},{"@type":"ListItem","position":2,"name":"Tienda","item":"https:\/\/www.inesem.es\/territorio-inesem\/tienda"},{"@type":"ListItem","position":3,"name":"3X08 | Estudio del Clima Laboral y su Importancia"}]},{"@type":"WebSite","@id":"https:\/\/www.inesem.es\/territorio-inesem\/#website","url":"https:\/\/www.inesem.es\/territorio-inesem\/","name":"Territorio INESEM","description":"Webinars y podcast","potentialAction":[{"@type":"SearchAction","target":{"@type":"EntryPoint","urlTemplate":"https:\/\/www.inesem.es\/territorio-inesem\/?s={search_term_string}"},"query-input":{"@type":"PropertyValueSpecification","valueRequired":true,"valueName":"search_term_string"}}],"inLanguage":"es"}]}},"_links":{"self":[{"href":"https:\/\/www.inesem.es\/territorio-inesem\/wp-json\/wp\/v2\/product\/2826","targetHints":{"allow":["GET"]}}],"collection":[{"href":"https:\/\/www.inesem.es\/territorio-inesem\/wp-json\/wp\/v2\/product"}],"about":[{"href":"https:\/\/www.inesem.es\/territorio-inesem\/wp-json\/wp\/v2\/types\/product"}],"replies":[{"embeddable":true,"href":"https:\/\/www.inesem.es\/territorio-inesem\/wp-json\/wp\/v2\/comments?post=2826"}],"wp:featuredmedia":[{"embeddable":true,"href":"https:\/\/www.inesem.es\/territorio-inesem\/wp-json\/wp\/v2\/media\/2827"}],"wp:attachment":[{"href":"https:\/\/www.inesem.es\/territorio-inesem\/wp-json\/wp\/v2\/media?parent=2826"}],"wp:term":[{"taxonomy":"product_brand","embeddable":true,"href":"https:\/\/www.inesem.es\/territorio-inesem\/wp-json\/wp\/v2\/product_brand?post=2826"},{"taxonomy":"product_cat","embeddable":true,"href":"https:\/\/www.inesem.es\/territorio-inesem\/wp-json\/wp\/v2\/product_cat?post=2826"},{"taxonomy":"product_tag","embeddable":true,"href":"https:\/\/www.inesem.es\/territorio-inesem\/wp-json\/wp\/v2\/product_tag?post=2826"}],"curies":[{"name":"wp","href":"https:\/\/api.w.org\/{rel}","templated":true}]}}