{"id":2831,"date":"2025-12-30T12:16:56","date_gmt":"2025-12-30T11:16:56","guid":{"rendered":"https:\/\/www.inesem.es\/territorio-inesem\/?post_type=product&#038;p=2831"},"modified":"2026-01-05T13:54:08","modified_gmt":"2026-01-05T12:54:08","slug":"3x09-el-sindrome-del-impostor","status":"publish","type":"product","link":"https:\/\/www.inesem.es\/territorio-inesem\/webinars-podcast\/3x09-el-sindrome-del-impostor","title":{"rendered":"3\u00d709 | El s\u00edndrome del impostor"},"content":{"rendered":"<h2><strong>\u00bfQu\u00e9 aprender\u00e1s en este seminario?<\/strong><\/h2>\n<p data-start=\"42\" data-end=\"552\">En este seminario descubrir\u00e1s qu\u00e9 es realmente el <strong data-start=\"92\" data-end=\"117\">s\u00edndrome del impostor<\/strong> y c\u00f3mo identificarlo en tu vida personal y profesional. Aprender\u00e1s a reconocer esos pensamientos que te hacen sentir que no mereces tus logros o que \u201cenga\u00f1as a los dem\u00e1s\u201d, y entender\u00e1s por qu\u00e9 esta sensaci\u00f3n es tan com\u00fan incluso entre personas muy preparadas y exitosas. A trav\u00e9s de ejemplos y herramientas pr\u00e1cticas, aprender\u00e1s a <strong data-start=\"449\" data-end=\"496\">ponerle nombre, desmontarlo y transformarlo<\/strong> en una oportunidad de crecimiento y autoconocimiento.<\/p>\n<h2><strong>Objetivos:<\/strong><\/h2>\n<ul>\n<li data-start=\"572\" data-end=\"707\">Comprender qu\u00e9 es el s\u00edndrome del impostor y por qu\u00e9 afecta a tantas personas, independientemente de su nivel de \u00e9xito o experiencia.<\/li>\n<li data-start=\"710\" data-end=\"836\">Identificar las <strong data-start=\"726\" data-end=\"750\">creencias limitantes<\/strong> y patrones de pensamiento que alimentan la inseguridad y la autoexigencia excesiva.<\/li>\n<li data-start=\"839\" data-end=\"998\">Aprender estrategias para <strong data-start=\"865\" data-end=\"941\">reconocer tus logros, gestionar la autocr\u00edtica y fortalecer la confianza<\/strong> en ti mismo\/a desde una visi\u00f3n m\u00e1s real y equilibrada.<\/li>\n<\/ul>\n<h2><strong>\u00bfA qui\u00e9n va dirigido?<\/strong><\/h2>\n<div class=\"flex flex-col text-sm pb-25\">\n<article class=\"text-token-text-primary w-full focus:outline-none [--shadow-height:45px] has-data-writing-block:pointer-events-none has-data-writing-block:-mt-(--shadow-height) has-data-writing-block:pt-(--shadow-height) [&amp;:has([data-writing-block])&gt;*]:pointer-events-auto scroll-mt-[calc(var(--header-height)+min(200px,max(70px,20svh)))]\" dir=\"auto\" tabindex=\"-1\" data-turn-id=\"request-WEB:45844fa4-048a-4cf4-9b13-373a496bf224-8\" data-testid=\"conversation-turn-14\" data-scroll-anchor=\"true\" data-turn=\"assistant\">\n<div class=\"text-base my-auto mx-auto pb-10 [--thread-content-margin:--spacing(4)] @w-sm\/main:[--thread-content-margin:--spacing(6)] @w-lg\/main:[--thread-content-margin:--spacing(16)] px-(--thread-content-margin)\">\n<div class=\"[--thread-content-max-width:40rem] @w-lg\/main:[--thread-content-max-width:48rem] mx-auto max-w-(--thread-content-max-width) flex-1 group\/turn-messages focus-visible:outline-hidden relative flex w-full min-w-0 flex-col agent-turn\" tabindex=\"-1\">\n<div class=\"flex max-w-full flex-col grow\">\n<div class=\"min-h-8 text-message relative flex w-full flex-col items-end gap-2 text-start break-words whitespace-normal [.text-message+&amp;]:mt-1\" dir=\"auto\" data-message-author-role=\"assistant\" data-message-id=\"3b538441-a3a0-4dbb-b01d-834a1224d0ff\" data-message-model-slug=\"gpt-5\">\n<div class=\"flex w-full flex-col gap-1 empty:hidden first:pt-[1px]\">\n<div class=\"markdown prose dark:prose-invert w-full break-words light markdown-new-styling\">\n<p data-start=\"1029\" data-end=\"1371\" data-is-last-node=\"\" data-is-only-node=\"\">A cualquier persona que sienta que no est\u00e1 \u201ca la altura\u201d de sus propios logros o que vive con la sensaci\u00f3n de no ser suficiente. Especialmente \u00fatil para <strong data-start=\"1182\" data-end=\"1244\">profesionales, estudiantes o personas en proceso de cambio<\/strong> que deseen mejorar su autoestima, reforzar su autoconfianza y desarrollar una relaci\u00f3n m\u00e1s sana con el \u00e9xito y el aprendizaje.<\/p>\n<\/div>\n<\/div>\n<\/div>\n<\/div>\n<\/div>\n<\/div>\n<\/article>\n<\/div>\n","protected":false},"excerpt":{"rendered":"<p>\u00bfQu\u00e9 aprender\u00e1s en este seminario? En este seminario descubrir\u00e1s qu\u00e9 es realmente el s\u00edndrome del impostor y c\u00f3mo identificarlo en tu vida personal y profesional. Aprender\u00e1s a reconocer esos pensamientos que te hacen sentir que no mereces tus logros o que \u201cenga\u00f1as a los dem\u00e1s\u201d, y entender\u00e1s por qu\u00e9 esta sensaci\u00f3n es tan com\u00fan incluso [&hellip;]<\/p>\n","protected":false},"featured_media":2832,"comment_status":"open","ping_status":"closed","template":"","meta":{"_acf_changed":false,"site-sidebar-layout":"default","site-content-layout":"","ast-site-content-layout":"default","site-content-style":"default","site-sidebar-style":"default","ast-global-header-display":"","ast-banner-title-visibility":"","ast-main-header-display":"","ast-hfb-above-header-display":"","ast-hfb-below-header-display":"","ast-hfb-mobile-header-display":"","site-post-title":"","ast-breadcrumbs-content":"","ast-featured-img":"","footer-sml-layout":"","theme-transparent-header-meta":"default","adv-header-id-meta":"","stick-header-meta":"","header-above-stick-meta":"","header-main-stick-meta":"","header-below-stick-meta":"","astra-migrate-meta-layouts":"set","ast-page-background-enabled":"default","ast-page-background-meta":{"desktop":{"background-color":"var(--ast-global-color-4)","background-image":"","background-repeat":"repeat","background-position":"center center","background-size":"auto","background-attachment":"scroll","background-type":"","background-media":"","overlay-type":"","overlay-color":"","overlay-opacity":"","overlay-gradient":""},"tablet":{"background-color":"","background-image":"","background-repeat":"repeat","background-position":"center center","background-size":"auto","background-attachment":"scroll","background-type":"","background-media":"","overlay-type":"","overlay-color":"","overlay-opacity":"","overlay-gradient":""},"mobile":{"background-color":"","background-image":"","background-repeat":"repeat","background-position":"center center","background-size":"auto","background-attachment":"scroll","background-type":"","background-media":"","overlay-type":"","overlay-color":"","overlay-opacity":"","overlay-gradient":""}},"ast-content-background-meta":{"desktop":{"background-color":"var(--ast-global-color-5)","background-image":"","background-repeat":"repeat","background-position":"center center","background-size":"auto","background-attachment":"scroll","background-type":"","background-media":"","overlay-type":"","overlay-color":"","overlay-opacity":"","overlay-gradient":""},"tablet":{"background-color":"var(--ast-global-color-5)","background-image":"","background-repeat":"repeat","background-position":"center center","background-size":"auto","background-attachment":"scroll","background-type":"","background-media":"","overlay-type":"","overlay-color":"","overlay-opacity":"","overlay-gradient":""},"mobile":{"background-color":"var(--ast-global-color-5)","background-image":"","background-repeat":"repeat","background-position":"center center","background-size":"auto","background-attachment":"scroll","background-type":"","background-media":"","overlay-type":"","overlay-color":"","overlay-opacity":"","overlay-gradient":""}}},"product_brand":[],"product_cat":[29],"product_tag":[],"class_list":{"0":"post-2831","1":"product","2":"type-product","3":"status-publish","4":"has-post-thumbnail","6":"product_cat-proximos","7":"desktop-align-center","8":"tablet-align-left","9":"mobile-align-left","11":"first","12":"instock","13":"downloadable","14":"virtual","15":"sold-individually","16":"purchasable","17":"product-type-webinar"},"acf":[],"yoast_head":"<!-- This site is optimized with the Yoast SEO plugin v24.3 - https:\/\/yoast.com\/wordpress\/plugins\/seo\/ -->\n<title>3\u00d709 | El s\u00edndrome del impostor - Territorio INESEM<\/title>\n<meta name=\"description\" content=\"Descubre el nuevo contenido en abierto sobre el s\u00edndrome del impostor de mano de Alfonso Garc\u00eda.\" \/>\n<meta name=\"robots\" content=\"index, follow, max-snippet:-1, max-image-preview:large, max-video-preview:-1\" \/>\n<link rel=\"canonical\" href=\"https:\/\/www.inesem.es\/territorio-inesem\/webinars-podcast\/3x09-el-sindrome-del-impostor\" \/>\n<meta property=\"og:locale\" content=\"es_ES\" \/>\n<meta property=\"og:type\" content=\"article\" \/>\n<meta property=\"og:title\" content=\"3\u00d709 | El s\u00edndrome del impostor - Territorio INESEM\" \/>\n<meta property=\"og:description\" content=\"Descubre el nuevo contenido en abierto sobre el s\u00edndrome del impostor de mano de Alfonso Garc\u00eda.\" \/>\n<meta property=\"og:url\" content=\"https:\/\/www.inesem.es\/territorio-inesem\/webinars-podcast\/3x09-el-sindrome-del-impostor\" \/>\n<meta property=\"og:site_name\" content=\"Territorio INESEM\" \/>\n<meta property=\"article:publisher\" content=\"https:\/\/www.facebook.com\/InesemBusinessSchool\" \/>\n<meta property=\"article:modified_time\" content=\"2026-01-05T12:54:08+00:00\" \/>\n<meta property=\"og:image\" content=\"https:\/\/www.inesem.es\/territorio-inesem\/wp-content\/uploads\/2025\/12\/sindrome-del-impostor-con-alfonso-garcia.jpg\" \/>\n\t<meta property=\"og:image:width\" content=\"1500\" \/>\n\t<meta property=\"og:image:height\" content=\"1500\" \/>\n\t<meta property=\"og:image:type\" content=\"image\/jpeg\" \/>\n<meta name=\"twitter:card\" content=\"summary_large_image\" \/>\n<meta name=\"twitter:site\" content=\"@inesem\" \/>\n<meta name=\"twitter:label1\" content=\"Tiempo de lectura\" \/>\n\t<meta name=\"twitter:data1\" content=\"2 minutos\" \/>\n<script type=\"application\/ld+json\" class=\"yoast-schema-graph\">{\"@context\":\"https:\/\/schema.org\",\"@graph\":[{\"@type\":\"WebPage\",\"@id\":\"https:\/\/www.inesem.es\/territorio-inesem\/webinars-podcast\/3x09-el-sindrome-del-impostor\",\"url\":\"https:\/\/www.inesem.es\/territorio-inesem\/webinars-podcast\/3x09-el-sindrome-del-impostor\",\"name\":\"3\u00d709 | El s\u00edndrome del impostor - Territorio INESEM\",\"isPartOf\":{\"@id\":\"https:\/\/www.inesem.es\/territorio-inesem\/#website\"},\"primaryImageOfPage\":{\"@id\":\"https:\/\/www.inesem.es\/territorio-inesem\/webinars-podcast\/3x09-el-sindrome-del-impostor#primaryimage\"},\"image\":{\"@id\":\"https:\/\/www.inesem.es\/territorio-inesem\/webinars-podcast\/3x09-el-sindrome-del-impostor#primaryimage\"},\"thumbnailUrl\":\"https:\/\/www.inesem.es\/territorio-inesem\/wp-content\/uploads\/2025\/12\/sindrome-del-impostor-con-alfonso-garcia.jpg\",\"datePublished\":\"2025-12-30T11:16:56+00:00\",\"dateModified\":\"2026-01-05T12:54:08+00:00\",\"description\":\"Descubre el nuevo contenido en abierto sobre el s\u00edndrome del impostor de mano de Alfonso Garc\u00eda.\",\"breadcrumb\":{\"@id\":\"https:\/\/www.inesem.es\/territorio-inesem\/webinars-podcast\/3x09-el-sindrome-del-impostor#breadcrumb\"},\"inLanguage\":\"es\",\"potentialAction\":[{\"@type\":\"ReadAction\",\"target\":[\"https:\/\/www.inesem.es\/territorio-inesem\/webinars-podcast\/3x09-el-sindrome-del-impostor\"]}]},{\"@type\":\"ImageObject\",\"inLanguage\":\"es\",\"@id\":\"https:\/\/www.inesem.es\/territorio-inesem\/webinars-podcast\/3x09-el-sindrome-del-impostor#primaryimage\",\"url\":\"https:\/\/www.inesem.es\/territorio-inesem\/wp-content\/uploads\/2025\/12\/sindrome-del-impostor-con-alfonso-garcia.jpg\",\"contentUrl\":\"https:\/\/www.inesem.es\/territorio-inesem\/wp-content\/uploads\/2025\/12\/sindrome-del-impostor-con-alfonso-garcia.jpg\",\"width\":1500,\"height\":1500},{\"@type\":\"BreadcrumbList\",\"@id\":\"https:\/\/www.inesem.es\/territorio-inesem\/webinars-podcast\/3x09-el-sindrome-del-impostor#breadcrumb\",\"itemListElement\":[{\"@type\":\"ListItem\",\"position\":1,\"name\":\"Portada\",\"item\":\"https:\/\/www.inesem.es\/territorio-inesem\/\"},{\"@type\":\"ListItem\",\"position\":2,\"name\":\"Tienda\",\"item\":\"https:\/\/www.inesem.es\/territorio-inesem\/tienda\"},{\"@type\":\"ListItem\",\"position\":3,\"name\":\"3\u00d709 | El s\u00edndrome del impostor\"}]},{\"@type\":\"WebSite\",\"@id\":\"https:\/\/www.inesem.es\/territorio-inesem\/#website\",\"url\":\"https:\/\/www.inesem.es\/territorio-inesem\/\",\"name\":\"Territorio INESEM\",\"description\":\"Webinars y podcast\",\"potentialAction\":[{\"@type\":\"SearchAction\",\"target\":{\"@type\":\"EntryPoint\",\"urlTemplate\":\"https:\/\/www.inesem.es\/territorio-inesem\/?s={search_term_string}\"},\"query-input\":{\"@type\":\"PropertyValueSpecification\",\"valueRequired\":true,\"valueName\":\"search_term_string\"}}],\"inLanguage\":\"es\"}]}<\/script>\n<!-- \/ Yoast SEO plugin. -->","yoast_head_json":{"title":"3\u00d709 | El s\u00edndrome del impostor - Territorio INESEM","description":"Descubre el nuevo contenido en abierto sobre el s\u00edndrome del impostor de mano de Alfonso Garc\u00eda.","robots":{"index":"index","follow":"follow","max-snippet":"max-snippet:-1","max-image-preview":"max-image-preview:large","max-video-preview":"max-video-preview:-1"},"canonical":"https:\/\/www.inesem.es\/territorio-inesem\/webinars-podcast\/3x09-el-sindrome-del-impostor","og_locale":"es_ES","og_type":"article","og_title":"3\u00d709 | El s\u00edndrome del impostor - Territorio INESEM","og_description":"Descubre el nuevo contenido en abierto sobre el s\u00edndrome del impostor de mano de Alfonso Garc\u00eda.","og_url":"https:\/\/www.inesem.es\/territorio-inesem\/webinars-podcast\/3x09-el-sindrome-del-impostor","og_site_name":"Territorio INESEM","article_publisher":"https:\/\/www.facebook.com\/InesemBusinessSchool","article_modified_time":"2026-01-05T12:54:08+00:00","og_image":[{"width":1500,"height":1500,"url":"https:\/\/www.inesem.es\/territorio-inesem\/wp-content\/uploads\/2025\/12\/sindrome-del-impostor-con-alfonso-garcia.jpg","type":"image\/jpeg"}],"twitter_card":"summary_large_image","twitter_site":"@inesem","twitter_misc":{"Tiempo de lectura":"2 minutos"},"schema":{"@context":"https:\/\/schema.org","@graph":[{"@type":"WebPage","@id":"https:\/\/www.inesem.es\/territorio-inesem\/webinars-podcast\/3x09-el-sindrome-del-impostor","url":"https:\/\/www.inesem.es\/territorio-inesem\/webinars-podcast\/3x09-el-sindrome-del-impostor","name":"3\u00d709 | El s\u00edndrome del impostor - Territorio INESEM","isPartOf":{"@id":"https:\/\/www.inesem.es\/territorio-inesem\/#website"},"primaryImageOfPage":{"@id":"https:\/\/www.inesem.es\/territorio-inesem\/webinars-podcast\/3x09-el-sindrome-del-impostor#primaryimage"},"image":{"@id":"https:\/\/www.inesem.es\/territorio-inesem\/webinars-podcast\/3x09-el-sindrome-del-impostor#primaryimage"},"thumbnailUrl":"https:\/\/www.inesem.es\/territorio-inesem\/wp-content\/uploads\/2025\/12\/sindrome-del-impostor-con-alfonso-garcia.jpg","datePublished":"2025-12-30T11:16:56+00:00","dateModified":"2026-01-05T12:54:08+00:00","description":"Descubre el nuevo contenido en abierto sobre el s\u00edndrome del impostor de mano de Alfonso Garc\u00eda.","breadcrumb":{"@id":"https:\/\/www.inesem.es\/territorio-inesem\/webinars-podcast\/3x09-el-sindrome-del-impostor#breadcrumb"},"inLanguage":"es","potentialAction":[{"@type":"ReadAction","target":["https:\/\/www.inesem.es\/territorio-inesem\/webinars-podcast\/3x09-el-sindrome-del-impostor"]}]},{"@type":"ImageObject","inLanguage":"es","@id":"https:\/\/www.inesem.es\/territorio-inesem\/webinars-podcast\/3x09-el-sindrome-del-impostor#primaryimage","url":"https:\/\/www.inesem.es\/territorio-inesem\/wp-content\/uploads\/2025\/12\/sindrome-del-impostor-con-alfonso-garcia.jpg","contentUrl":"https:\/\/www.inesem.es\/territorio-inesem\/wp-content\/uploads\/2025\/12\/sindrome-del-impostor-con-alfonso-garcia.jpg","width":1500,"height":1500},{"@type":"BreadcrumbList","@id":"https:\/\/www.inesem.es\/territorio-inesem\/webinars-podcast\/3x09-el-sindrome-del-impostor#breadcrumb","itemListElement":[{"@type":"ListItem","position":1,"name":"Portada","item":"https:\/\/www.inesem.es\/territorio-inesem\/"},{"@type":"ListItem","position":2,"name":"Tienda","item":"https:\/\/www.inesem.es\/territorio-inesem\/tienda"},{"@type":"ListItem","position":3,"name":"3\u00d709 | El s\u00edndrome del impostor"}]},{"@type":"WebSite","@id":"https:\/\/www.inesem.es\/territorio-inesem\/#website","url":"https:\/\/www.inesem.es\/territorio-inesem\/","name":"Territorio INESEM","description":"Webinars y podcast","potentialAction":[{"@type":"SearchAction","target":{"@type":"EntryPoint","urlTemplate":"https:\/\/www.inesem.es\/territorio-inesem\/?s={search_term_string}"},"query-input":{"@type":"PropertyValueSpecification","valueRequired":true,"valueName":"search_term_string"}}],"inLanguage":"es"}]}},"_links":{"self":[{"href":"https:\/\/www.inesem.es\/territorio-inesem\/wp-json\/wp\/v2\/product\/2831","targetHints":{"allow":["GET"]}}],"collection":[{"href":"https:\/\/www.inesem.es\/territorio-inesem\/wp-json\/wp\/v2\/product"}],"about":[{"href":"https:\/\/www.inesem.es\/territorio-inesem\/wp-json\/wp\/v2\/types\/product"}],"replies":[{"embeddable":true,"href":"https:\/\/www.inesem.es\/territorio-inesem\/wp-json\/wp\/v2\/comments?post=2831"}],"wp:featuredmedia":[{"embeddable":true,"href":"https:\/\/www.inesem.es\/territorio-inesem\/wp-json\/wp\/v2\/media\/2832"}],"wp:attachment":[{"href":"https:\/\/www.inesem.es\/territorio-inesem\/wp-json\/wp\/v2\/media?parent=2831"}],"wp:term":[{"taxonomy":"product_brand","embeddable":true,"href":"https:\/\/www.inesem.es\/territorio-inesem\/wp-json\/wp\/v2\/product_brand?post=2831"},{"taxonomy":"product_cat","embeddable":true,"href":"https:\/\/www.inesem.es\/territorio-inesem\/wp-json\/wp\/v2\/product_cat?post=2831"},{"taxonomy":"product_tag","embeddable":true,"href":"https:\/\/www.inesem.es\/territorio-inesem\/wp-json\/wp\/v2\/product_tag?post=2831"}],"curies":[{"name":"wp","href":"https:\/\/api.w.org\/{rel}","templated":true}]}}