{"id":806,"date":"2023-06-26T10:11:39","date_gmt":"2023-06-26T08:11:39","guid":{"rendered":"https:\/\/www.inesem.es\/territorio-inesem\/?post_type=product&#038;p=806"},"modified":"2025-06-02T09:53:09","modified_gmt":"2025-06-02T07:53:09","slug":"como-liderar-la-transformacion-digital-en-la-empresa","status":"publish","type":"product","link":"https:\/\/www.inesem.es\/territorio-inesem\/webinars-podcast\/como-liderar-la-transformacion-digital-en-la-empresa","title":{"rendered":"0x08 \u00bfC\u00f3mo liderar la Transformaci\u00f3n Digital en la Empresa?"},"content":{"rendered":"<h2><strong>\u00bfQu\u00e9 aprender\u00e1s en este seminario?<\/strong><\/h2>\n<p>La transformaci\u00f3n digital ha emergido como un fen\u00f3meno trascendental en los \u00faltimos a\u00f1os, revolucionando la forma en que las organizaciones operan, interact\u00faan y se adaptan en un mundo cada vez m\u00e1s digitalizado. La convergencia de tecnolog\u00edas disruptivas, como el Internet de las cosas (IoT), la inteligencia artificial (IA) y el an\u00e1lisis de datos, ha dado lugar a nuevas oportunidades y desaf\u00edos para empresas de todos los sectores. En este webinar, indagaremos sobre la transformaci\u00f3n digital como un catalizador clave para la innovaci\u00f3n y el crecimiento empresarial, examinando sus beneficios, desaf\u00edos y consideraciones clave.<\/p>\n<p>&nbsp;<\/p>\n<h2><strong>Objetivos:<\/strong><\/h2>\n<ul>\n<li>Comprender el concepto de transformaci\u00f3n digital<\/li>\n<li>Conocer el papel del departamento de control de gesti\u00f3n en la transformaci\u00f3n digital<\/li>\n<li>Identificar las claves para adaptarse a los cambios del contexto actual<\/li>\n<li>Analizar c\u00f3mo preparar a una organizaci\u00f3n para la transformaci\u00f3n digital<\/li>\n<\/ul>\n<p>&nbsp;<\/p>\n<h2><strong>\u00bfA qui\u00e9n va dirigido?<\/strong><\/h2>\n<p>A todas aquellas personas que forman parte de una organizaci\u00f3n y quieren conocer c\u00f3mo gestionar la transformaci\u00f3n digital para adaptarse al contexto actual.<\/p>\n","protected":false},"excerpt":{"rendered":"<p>\u00bfQu\u00e9 aprender\u00e1s en este seminario? La transformaci\u00f3n digital ha emergido como un fen\u00f3meno trascendental en los \u00faltimos a\u00f1os, revolucionando la forma en que las organizaciones operan, interact\u00faan y se adaptan en un mundo cada vez m\u00e1s digitalizado. La convergencia de tecnolog\u00edas disruptivas, como el Internet de las cosas (IoT), la inteligencia artificial (IA) y el [&hellip;]<\/p>\n","protected":false},"featured_media":1402,"comment_status":"open","ping_status":"closed","template":"","meta":{"_acf_changed":false,"site-sidebar-layout":"default","site-content-layout":"default","ast-site-content-layout":"default","site-content-style":"default","site-sidebar-style":"default","ast-global-header-display":"","ast-banner-title-visibility":"","ast-main-header-display":"","ast-hfb-above-header-display":"","ast-hfb-below-header-display":"","ast-hfb-mobile-header-display":"","site-post-title":"","ast-breadcrumbs-content":"","ast-featured-img":"","footer-sml-layout":"","theme-transparent-header-meta":"default","adv-header-id-meta":"","stick-header-meta":"","header-above-stick-meta":"","header-main-stick-meta":"","header-below-stick-meta":"","astra-migrate-meta-layouts":"set","ast-page-background-enabled":"default","ast-page-background-meta":{"desktop":{"background-color":"var(--ast-global-color-4)","background-image":"","background-repeat":"repeat","background-position":"center center","background-size":"auto","background-attachment":"scroll","background-type":"","background-media":"","overlay-type":"","overlay-color":"","overlay-opacity":"","overlay-gradient":""},"tablet":{"background-color":"","background-image":"","background-repeat":"repeat","background-position":"center center","background-size":"auto","background-attachment":"scroll","background-type":"","background-media":"","overlay-type":"","overlay-color":"","overlay-opacity":"","overlay-gradient":""},"mobile":{"background-color":"","background-image":"","background-repeat":"repeat","background-position":"center center","background-size":"auto","background-attachment":"scroll","background-type":"","background-media":"","overlay-type":"","overlay-color":"","overlay-opacity":"","overlay-gradient":""}},"ast-content-background-meta":{"desktop":{"background-color":"var(--ast-global-color-5)","background-image":"","background-repeat":"repeat","background-position":"center center","background-size":"auto","background-attachment":"scroll","background-type":"","background-media":"","overlay-type":"","overlay-color":"","overlay-opacity":"","overlay-gradient":""},"tablet":{"background-color":"var(--ast-global-color-5)","background-image":"","background-repeat":"repeat","background-position":"center center","background-size":"auto","background-attachment":"scroll","background-type":"","background-media":"","overlay-type":"","overlay-color":"","overlay-opacity":"","overlay-gradient":""},"mobile":{"background-color":"var(--ast-global-color-5)","background-image":"","background-repeat":"repeat","background-position":"center center","background-size":"auto","background-attachment":"scroll","background-type":"","background-media":"","overlay-type":"","overlay-color":"","overlay-opacity":"","overlay-gradient":""}}},"product_brand":[],"product_cat":[30],"product_tag":[],"class_list":{"0":"post-806","1":"product","2":"type-product","3":"status-publish","4":"has-post-thumbnail","6":"product_cat-pasados","7":"desktop-align-center","8":"tablet-align-left","9":"mobile-align-left","11":"first","12":"instock","13":"downloadable","14":"virtual","15":"sold-individually","16":"purchasable","17":"product-type-webinar"},"acf":[],"yoast_head":"<!-- This site is optimized with the Yoast SEO plugin v24.3 - https:\/\/yoast.com\/wordpress\/plugins\/seo\/ -->\n<title>0x08 \u00bfC\u00f3mo liderar la Transformaci\u00f3n Digital en la Empresa? - Territorio INESEM<\/title>\n<meta name=\"description\" content=\"Descubre el nuevo contenido sobre C\u00f3mo liderar la transformaci\u00f3n digital en la empresa a mano de Pau Orts de manera gratuita y online.\" \/>\n<meta name=\"robots\" content=\"index, follow, max-snippet:-1, max-image-preview:large, max-video-preview:-1\" \/>\n<link rel=\"canonical\" href=\"https:\/\/www.inesem.es\/territorio-inesem\/webinars-podcast\/como-liderar-la-transformacion-digital-en-la-empresa\/\" \/>\n<meta property=\"og:locale\" content=\"es_ES\" \/>\n<meta property=\"og:type\" content=\"article\" \/>\n<meta property=\"og:title\" content=\"0x08 \u00bfC\u00f3mo liderar la Transformaci\u00f3n Digital en la Empresa? - Territorio INESEM\" \/>\n<meta property=\"og:description\" content=\"Descubre el nuevo contenido sobre C\u00f3mo liderar la transformaci\u00f3n digital en la empresa a mano de Pau Orts de manera gratuita y online.\" \/>\n<meta property=\"og:url\" content=\"https:\/\/www.inesem.es\/territorio-inesem\/webinars-podcast\/como-liderar-la-transformacion-digital-en-la-empresa\/\" \/>\n<meta property=\"og:site_name\" content=\"Territorio INESEM\" \/>\n<meta property=\"article:publisher\" content=\"https:\/\/www.facebook.com\/InesemBusinessSchool\" \/>\n<meta property=\"article:modified_time\" content=\"2025-06-02T07:53:09+00:00\" \/>\n<meta property=\"og:image\" content=\"https:\/\/www.inesem.es\/territorio-inesem\/wp-content\/uploads\/2023\/06\/web-Pau-Orts.webp\" \/>\n\t<meta property=\"og:image:width\" content=\"1000\" \/>\n\t<meta property=\"og:image:height\" content=\"1000\" \/>\n\t<meta property=\"og:image:type\" content=\"image\/webp\" \/>\n<meta name=\"twitter:card\" content=\"summary_large_image\" \/>\n<meta name=\"twitter:site\" content=\"@inesem\" \/>\n<meta name=\"twitter:label1\" content=\"Tiempo de lectura\" \/>\n\t<meta name=\"twitter:data1\" content=\"1 minuto\" \/>\n<script type=\"application\/ld+json\" class=\"yoast-schema-graph\">{\"@context\":\"https:\/\/schema.org\",\"@graph\":[{\"@type\":\"WebPage\",\"@id\":\"https:\/\/www.inesem.es\/territorio-inesem\/webinars-podcast\/como-liderar-la-transformacion-digital-en-la-empresa\/\",\"url\":\"https:\/\/www.inesem.es\/territorio-inesem\/webinars-podcast\/como-liderar-la-transformacion-digital-en-la-empresa\/\",\"name\":\"0x08 \u00bfC\u00f3mo liderar la Transformaci\u00f3n Digital en la Empresa? - Territorio INESEM\",\"isPartOf\":{\"@id\":\"https:\/\/www.inesem.es\/territorio-inesem\/#website\"},\"primaryImageOfPage\":{\"@id\":\"https:\/\/www.inesem.es\/territorio-inesem\/webinars-podcast\/como-liderar-la-transformacion-digital-en-la-empresa\/#primaryimage\"},\"image\":{\"@id\":\"https:\/\/www.inesem.es\/territorio-inesem\/webinars-podcast\/como-liderar-la-transformacion-digital-en-la-empresa\/#primaryimage\"},\"thumbnailUrl\":\"https:\/\/www.inesem.es\/territorio-inesem\/wp-content\/uploads\/2023\/06\/web-Pau-Orts.webp\",\"datePublished\":\"2023-06-26T08:11:39+00:00\",\"dateModified\":\"2025-06-02T07:53:09+00:00\",\"description\":\"Descubre el nuevo contenido sobre C\u00f3mo liderar la transformaci\u00f3n digital en la empresa a mano de Pau Orts de manera gratuita y online.\",\"breadcrumb\":{\"@id\":\"https:\/\/www.inesem.es\/territorio-inesem\/webinars-podcast\/como-liderar-la-transformacion-digital-en-la-empresa\/#breadcrumb\"},\"inLanguage\":\"es\",\"potentialAction\":[{\"@type\":\"ReadAction\",\"target\":[\"https:\/\/www.inesem.es\/territorio-inesem\/webinars-podcast\/como-liderar-la-transformacion-digital-en-la-empresa\/\"]}]},{\"@type\":\"ImageObject\",\"inLanguage\":\"es\",\"@id\":\"https:\/\/www.inesem.es\/territorio-inesem\/webinars-podcast\/como-liderar-la-transformacion-digital-en-la-empresa\/#primaryimage\",\"url\":\"https:\/\/www.inesem.es\/territorio-inesem\/wp-content\/uploads\/2023\/06\/web-Pau-Orts.webp\",\"contentUrl\":\"https:\/\/www.inesem.es\/territorio-inesem\/wp-content\/uploads\/2023\/06\/web-Pau-Orts.webp\",\"width\":1000,\"height\":1000},{\"@type\":\"BreadcrumbList\",\"@id\":\"https:\/\/www.inesem.es\/territorio-inesem\/webinars-podcast\/como-liderar-la-transformacion-digital-en-la-empresa\/#breadcrumb\",\"itemListElement\":[{\"@type\":\"ListItem\",\"position\":1,\"name\":\"Portada\",\"item\":\"https:\/\/www.inesem.es\/territorio-inesem\/\"},{\"@type\":\"ListItem\",\"position\":2,\"name\":\"Tienda\",\"item\":\"https:\/\/www.inesem.es\/territorio-inesem\/tienda\"},{\"@type\":\"ListItem\",\"position\":3,\"name\":\"0x08 \u00bfC\u00f3mo liderar la Transformaci\u00f3n Digital en la Empresa?\"}]},{\"@type\":\"WebSite\",\"@id\":\"https:\/\/www.inesem.es\/territorio-inesem\/#website\",\"url\":\"https:\/\/www.inesem.es\/territorio-inesem\/\",\"name\":\"Territorio INESEM\",\"description\":\"Webinars y podcast\",\"potentialAction\":[{\"@type\":\"SearchAction\",\"target\":{\"@type\":\"EntryPoint\",\"urlTemplate\":\"https:\/\/www.inesem.es\/territorio-inesem\/?s={search_term_string}\"},\"query-input\":{\"@type\":\"PropertyValueSpecification\",\"valueRequired\":true,\"valueName\":\"search_term_string\"}}],\"inLanguage\":\"es\"}]}<\/script>\n<!-- \/ Yoast SEO plugin. -->","yoast_head_json":{"title":"0x08 \u00bfC\u00f3mo liderar la Transformaci\u00f3n Digital en la Empresa? - Territorio INESEM","description":"Descubre el nuevo contenido sobre C\u00f3mo liderar la transformaci\u00f3n digital en la empresa a mano de Pau Orts de manera gratuita y online.","robots":{"index":"index","follow":"follow","max-snippet":"max-snippet:-1","max-image-preview":"max-image-preview:large","max-video-preview":"max-video-preview:-1"},"canonical":"https:\/\/www.inesem.es\/territorio-inesem\/webinars-podcast\/como-liderar-la-transformacion-digital-en-la-empresa\/","og_locale":"es_ES","og_type":"article","og_title":"0x08 \u00bfC\u00f3mo liderar la Transformaci\u00f3n Digital en la Empresa? - Territorio INESEM","og_description":"Descubre el nuevo contenido sobre C\u00f3mo liderar la transformaci\u00f3n digital en la empresa a mano de Pau Orts de manera gratuita y online.","og_url":"https:\/\/www.inesem.es\/territorio-inesem\/webinars-podcast\/como-liderar-la-transformacion-digital-en-la-empresa\/","og_site_name":"Territorio INESEM","article_publisher":"https:\/\/www.facebook.com\/InesemBusinessSchool","article_modified_time":"2025-06-02T07:53:09+00:00","og_image":[{"width":1000,"height":1000,"url":"https:\/\/www.inesem.es\/territorio-inesem\/wp-content\/uploads\/2023\/06\/web-Pau-Orts.webp","type":"image\/webp"}],"twitter_card":"summary_large_image","twitter_site":"@inesem","twitter_misc":{"Tiempo de lectura":"1 minuto"},"schema":{"@context":"https:\/\/schema.org","@graph":[{"@type":"WebPage","@id":"https:\/\/www.inesem.es\/territorio-inesem\/webinars-podcast\/como-liderar-la-transformacion-digital-en-la-empresa\/","url":"https:\/\/www.inesem.es\/territorio-inesem\/webinars-podcast\/como-liderar-la-transformacion-digital-en-la-empresa\/","name":"0x08 \u00bfC\u00f3mo liderar la Transformaci\u00f3n Digital en la Empresa? - Territorio INESEM","isPartOf":{"@id":"https:\/\/www.inesem.es\/territorio-inesem\/#website"},"primaryImageOfPage":{"@id":"https:\/\/www.inesem.es\/territorio-inesem\/webinars-podcast\/como-liderar-la-transformacion-digital-en-la-empresa\/#primaryimage"},"image":{"@id":"https:\/\/www.inesem.es\/territorio-inesem\/webinars-podcast\/como-liderar-la-transformacion-digital-en-la-empresa\/#primaryimage"},"thumbnailUrl":"https:\/\/www.inesem.es\/territorio-inesem\/wp-content\/uploads\/2023\/06\/web-Pau-Orts.webp","datePublished":"2023-06-26T08:11:39+00:00","dateModified":"2025-06-02T07:53:09+00:00","description":"Descubre el nuevo contenido sobre C\u00f3mo liderar la transformaci\u00f3n digital en la empresa a mano de Pau Orts de manera gratuita y online.","breadcrumb":{"@id":"https:\/\/www.inesem.es\/territorio-inesem\/webinars-podcast\/como-liderar-la-transformacion-digital-en-la-empresa\/#breadcrumb"},"inLanguage":"es","potentialAction":[{"@type":"ReadAction","target":["https:\/\/www.inesem.es\/territorio-inesem\/webinars-podcast\/como-liderar-la-transformacion-digital-en-la-empresa\/"]}]},{"@type":"ImageObject","inLanguage":"es","@id":"https:\/\/www.inesem.es\/territorio-inesem\/webinars-podcast\/como-liderar-la-transformacion-digital-en-la-empresa\/#primaryimage","url":"https:\/\/www.inesem.es\/territorio-inesem\/wp-content\/uploads\/2023\/06\/web-Pau-Orts.webp","contentUrl":"https:\/\/www.inesem.es\/territorio-inesem\/wp-content\/uploads\/2023\/06\/web-Pau-Orts.webp","width":1000,"height":1000},{"@type":"BreadcrumbList","@id":"https:\/\/www.inesem.es\/territorio-inesem\/webinars-podcast\/como-liderar-la-transformacion-digital-en-la-empresa\/#breadcrumb","itemListElement":[{"@type":"ListItem","position":1,"name":"Portada","item":"https:\/\/www.inesem.es\/territorio-inesem\/"},{"@type":"ListItem","position":2,"name":"Tienda","item":"https:\/\/www.inesem.es\/territorio-inesem\/tienda"},{"@type":"ListItem","position":3,"name":"0x08 \u00bfC\u00f3mo liderar la Transformaci\u00f3n Digital en la Empresa?"}]},{"@type":"WebSite","@id":"https:\/\/www.inesem.es\/territorio-inesem\/#website","url":"https:\/\/www.inesem.es\/territorio-inesem\/","name":"Territorio INESEM","description":"Webinars y podcast","potentialAction":[{"@type":"SearchAction","target":{"@type":"EntryPoint","urlTemplate":"https:\/\/www.inesem.es\/territorio-inesem\/?s={search_term_string}"},"query-input":{"@type":"PropertyValueSpecification","valueRequired":true,"valueName":"search_term_string"}}],"inLanguage":"es"}]}},"_links":{"self":[{"href":"https:\/\/www.inesem.es\/territorio-inesem\/wp-json\/wp\/v2\/product\/806","targetHints":{"allow":["GET"]}}],"collection":[{"href":"https:\/\/www.inesem.es\/territorio-inesem\/wp-json\/wp\/v2\/product"}],"about":[{"href":"https:\/\/www.inesem.es\/territorio-inesem\/wp-json\/wp\/v2\/types\/product"}],"replies":[{"embeddable":true,"href":"https:\/\/www.inesem.es\/territorio-inesem\/wp-json\/wp\/v2\/comments?post=806"}],"wp:featuredmedia":[{"embeddable":true,"href":"https:\/\/www.inesem.es\/territorio-inesem\/wp-json\/wp\/v2\/media\/1402"}],"wp:attachment":[{"href":"https:\/\/www.inesem.es\/territorio-inesem\/wp-json\/wp\/v2\/media?parent=806"}],"wp:term":[{"taxonomy":"product_brand","embeddable":true,"href":"https:\/\/www.inesem.es\/territorio-inesem\/wp-json\/wp\/v2\/product_brand?post=806"},{"taxonomy":"product_cat","embeddable":true,"href":"https:\/\/www.inesem.es\/territorio-inesem\/wp-json\/wp\/v2\/product_cat?post=806"},{"taxonomy":"product_tag","embeddable":true,"href":"https:\/\/www.inesem.es\/territorio-inesem\/wp-json\/wp\/v2\/product_tag?post=806"}],"curies":[{"name":"wp","href":"https:\/\/api.w.org\/{rel}","templated":true}]}}